{"id":82,"date":"2020-02-14T12:39:56","date_gmt":"2020-02-14T12:39:56","guid":{"rendered":"https:\/\/tiborszallas.hu\/?page_id=82"},"modified":"2024-11-18T10:57:32","modified_gmt":"2024-11-18T09:57:32","slug":"a-kepviselo-testulet","status":"publish","type":"page","link":"https:\/\/tiborszallas.hu\/en\/a-kepviselo-testulet\/","title":{"rendered":"Local government"},"content":{"rendered":"<div data-elementor-type=\"wp-page\" data-elementor-id=\"82\" class=\"elementor elementor-82\" data-elementor-post-type=\"page\">\n\t\t\t\t<div class=\"elementor-element elementor-element-45aeb92 e-flex e-con-boxed e-con e-parent\" data-id=\"45aeb92\" data-element_type=\"container\" data-e-type=\"container\">\n\t\t\t\t\t<div class=\"e-con-inner\">\n\t\t\t\t\t<\/div>\n\t\t\t\t<\/div>\n\t\t<div class=\"elementor-element elementor-element-5adafc28 e-flex e-con-boxed e-con e-parent\" data-id=\"5adafc28\" data-element_type=\"container\" data-e-type=\"container\">\n\t\t\t\t\t<div class=\"e-con-inner\">\n\t\t\t\t<div class=\"elementor-element elementor-element-205cefe6 elementor-widget elementor-widget-text-editor\" data-id=\"205cefe6\" data-element_type=\"widget\" data-e-type=\"widget\" data-widget_type=\"text-editor.default\">\n\t\t\t\t<div class=\"elementor-widget-container\">\n\t\t\t\t\t\t\t\t\t\n<p><strong>Members of the Council:<\/strong><\/p>\n\n<p>J\u00f3zsef Erdei Mayor<\/p>\n<p>Szil\u00e1gyi L\u00e1szl\u00f3 deputy mayor<\/p>\n<p>J\u00e1nos Bagam\u00e9ri MEP<\/p>\n<p>J\u00e1nos Cs\u00e9csi MEP<\/p>\n<p>S\u00e1ndor Hiripi MEP<\/p>\n\n<p>\u00a0<\/p>\n\n<p><strong>Committee for the Verification, Registration and Administration of Assets and Liabilities:<\/strong><\/p>\n\n<p>S\u00e1ndor Hiripi Committee Chairman<\/p>\n<p>J\u00e1nos Bagam\u00e9ri Committee member<\/p>\n<p>J\u00e1nos Cs\u00e9csi Committee member<\/p>\n\t\t\t\t\t\t\t\t<\/div>\n\t\t\t\t<\/div>\n\t\t\t\t\t<\/div>\n\t\t\t\t<\/div>\n\t\t\t\t<\/div>","protected":false},"excerpt":{"rendered":"<p>Members of the body: Erdei J\u00f3zsef mayor Szil\u00e1gyi L\u00e1szl\u00f3 deputy mayor Bagam\u00e9ri J\u00e1nos representative Cs\u00e9csi J\u00e1nos representative Hiripi S\u00e1ndor representative Audit, Registration and Administration Committee: chairman of the committee Hiripi S\u00e1ndor committee member Bagam\u00e9ri J\u00e1nos committee member Cs\u00e9csi J\u00e1nos committee member<\/p>","protected":false},"author":3,"featured_media":0,"parent":0,"menu_order":0,"comment_status":"closed","ping_status":"closed","template":"","meta":{"footnotes":""},"class_list":["post-82","page","type-page","status-publish","hentry"],"yoast_head":"<!-- This site is optimized with the Yoast SEO plugin v27.4 - https:\/\/yoast.com\/product\/yoast-seo-wordpress\/ -->\n<title>\u00d6nkorm\u00e1nyzat - \u00dcdv\u00f6z\u00f6lj\u00fck Tiborsz\u00e1ll\u00e1s K\u00f6zs\u00e9g honlapj\u00e1n<\/title>\n<meta name=\"robots\" content=\"index, follow, max-snippet:-1, max-image-preview:large, max-video-preview:-1\" \/>\n<link rel=\"canonical\" href=\"https:\/\/tiborszallas.hu\/en\/a-kepviselo-testulet\/\" \/>\n<meta property=\"og:locale\" content=\"en_US\" \/>\n<meta property=\"og:type\" content=\"article\" \/>\n<meta property=\"og:title\" content=\"\u00d6nkorm\u00e1nyzat - \u00dcdv\u00f6z\u00f6lj\u00fck Tiborsz\u00e1ll\u00e1s K\u00f6zs\u00e9g honlapj\u00e1n\" \/>\n<meta property=\"og:description\" content=\"K\u00e9pvisel\u0151-test\u00fclet tagjai: Erdei J\u00f3zsef polg\u00e1rmester Szil\u00e1gyi L\u00e1szl\u00f3 alpolg\u00e1rmester Bagam\u00e9ri J\u00e1nos k\u00e9pvisel\u0151 Cs\u00e9csi J\u00e1nos k\u00e9pvisel\u0151 Hiripi S\u00e1ndor k\u00e9pvisel\u0151 \u00a0 Vagyonnyilatkozat Ellen\u0151rz\u0151, Nyilv\u00e1ntart\u00f3 \u00e9s \u00dcgyrendi Bizotts\u00e1ga: Hiripi S\u00e1ndor bizotts\u00e1g eln\u00f6ke Bagam\u00e9ri J\u00e1nos bizotts\u00e1gi tag Cs\u00e9csi J\u00e1nos bizotts\u00e1gi tag\" \/>\n<meta property=\"og:url\" content=\"https:\/\/tiborszallas.hu\/en\/a-kepviselo-testulet\/\" \/>\n<meta property=\"og:site_name\" content=\"\u00dcdv\u00f6z\u00f6lj\u00fck Tiborsz\u00e1ll\u00e1s K\u00f6zs\u00e9g honlapj\u00e1n\" \/>\n<meta property=\"article:modified_time\" content=\"2024-11-18T09:57:32+00:00\" \/>\n<meta name=\"twitter:card\" content=\"summary_large_image\" \/>\n<script type=\"application\/ld+json\" class=\"yoast-schema-graph\">{\"@context\":\"https:\\\/\\\/schema.org\",\"@graph\":[{\"@type\":\"WebPage\",\"@id\":\"https:\\\/\\\/tiborszallas.hu\\\/a-kepviselo-testulet\\\/\",\"url\":\"https:\\\/\\\/tiborszallas.hu\\\/a-kepviselo-testulet\\\/\",\"name\":\"\u00d6nkorm\u00e1nyzat - \u00dcdv\u00f6z\u00f6lj\u00fck Tiborsz\u00e1ll\u00e1s K\u00f6zs\u00e9g honlapj\u00e1n\",\"isPartOf\":{\"@id\":\"https:\\\/\\\/tiborszallas.hu\\\/#website\"},\"datePublished\":\"2020-02-14T12:39:56+00:00\",\"dateModified\":\"2024-11-18T09:57:32+00:00\",\"breadcrumb\":{\"@id\":\"https:\\\/\\\/tiborszallas.hu\\\/a-kepviselo-testulet\\\/#breadcrumb\"},\"inLanguage\":\"en-US\",\"potentialAction\":[{\"@type\":\"ReadAction\",\"target\":[\"https:\\\/\\\/tiborszallas.hu\\\/a-kepviselo-testulet\\\/\"]}]},{\"@type\":\"BreadcrumbList\",\"@id\":\"https:\\\/\\\/tiborszallas.hu\\\/a-kepviselo-testulet\\\/#breadcrumb\",\"itemListElement\":[{\"@type\":\"ListItem\",\"position\":1,\"name\":\"Kezd\u0151lap\",\"item\":\"https:\\\/\\\/tiborszallas.hu\\\/\"},{\"@type\":\"ListItem\",\"position\":2,\"name\":\"\u00d6nkorm\u00e1nyzat\"}]},{\"@type\":\"WebSite\",\"@id\":\"https:\\\/\\\/tiborszallas.hu\\\/#website\",\"url\":\"https:\\\/\\\/tiborszallas.hu\\\/\",\"name\":\"\u00dcdv\u00f6z\u00f6lj\u00fck Tiborsz\u00e1ll\u00e1s K\u00f6zs\u00e9g honlapj\u00e1n\",\"description\":\"Tiborsz\u00e1ll\u00e1s K\u00f6zs\u00e9g honlapja\",\"publisher\":{\"@id\":\"https:\\\/\\\/tiborszallas.hu\\\/#organization\"},\"potentialAction\":[{\"@type\":\"SearchAction\",\"target\":{\"@type\":\"EntryPoint\",\"urlTemplate\":\"https:\\\/\\\/tiborszallas.hu\\\/?s={search_term_string}\"},\"query-input\":{\"@type\":\"PropertyValueSpecification\",\"valueRequired\":true,\"valueName\":\"search_term_string\"}}],\"inLanguage\":\"en-US\"},{\"@type\":\"Organization\",\"@id\":\"https:\\\/\\\/tiborszallas.hu\\\/#organization\",\"name\":\"Tiborsz\u00e1ll\u00e1s K\u00f6zs\u00e9g\",\"url\":\"https:\\\/\\\/tiborszallas.hu\\\/\",\"logo\":{\"@type\":\"ImageObject\",\"inLanguage\":\"en-US\",\"@id\":\"https:\\\/\\\/tiborszallas.hu\\\/#\\\/schema\\\/logo\\\/image\\\/\",\"url\":\"https:\\\/\\\/tiborszallas.hu\\\/wp-content\\\/uploads\\\/2020\\\/02\\\/cropped-c\u00edmer2.png\",\"contentUrl\":\"https:\\\/\\\/tiborszallas.hu\\\/wp-content\\\/uploads\\\/2020\\\/02\\\/cropped-c\u00edmer2.png\",\"width\":240,\"height\":166,\"caption\":\"Tiborsz\u00e1ll\u00e1s K\u00f6zs\u00e9g\"},\"image\":{\"@id\":\"https:\\\/\\\/tiborszallas.hu\\\/#\\\/schema\\\/logo\\\/image\\\/\"}}]}<\/script>\n<!-- \/ Yoast SEO plugin. -->","yoast_head_json":{"title":"Municipality - Welcome to the website of Tiborsz\u00e1ll\u00e1s","robots":{"index":"index","follow":"follow","max-snippet":"max-snippet:-1","max-image-preview":"max-image-preview:large","max-video-preview":"max-video-preview:-1"},"canonical":"https:\/\/tiborszallas.hu\/en\/a-kepviselo-testulet\/","og_locale":"en_US","og_type":"article","og_title":"\u00d6nkorm\u00e1nyzat - \u00dcdv\u00f6z\u00f6lj\u00fck Tiborsz\u00e1ll\u00e1s K\u00f6zs\u00e9g honlapj\u00e1n","og_description":"K\u00e9pvisel\u0151-test\u00fclet tagjai: Erdei J\u00f3zsef polg\u00e1rmester Szil\u00e1gyi L\u00e1szl\u00f3 alpolg\u00e1rmester Bagam\u00e9ri J\u00e1nos k\u00e9pvisel\u0151 Cs\u00e9csi J\u00e1nos k\u00e9pvisel\u0151 Hiripi S\u00e1ndor k\u00e9pvisel\u0151 \u00a0 Vagyonnyilatkozat Ellen\u0151rz\u0151, Nyilv\u00e1ntart\u00f3 \u00e9s \u00dcgyrendi Bizotts\u00e1ga: Hiripi S\u00e1ndor bizotts\u00e1g eln\u00f6ke Bagam\u00e9ri J\u00e1nos bizotts\u00e1gi tag Cs\u00e9csi J\u00e1nos bizotts\u00e1gi tag","og_url":"https:\/\/tiborszallas.hu\/en\/a-kepviselo-testulet\/","og_site_name":"\u00dcdv\u00f6z\u00f6lj\u00fck Tiborsz\u00e1ll\u00e1s K\u00f6zs\u00e9g honlapj\u00e1n","article_modified_time":"2024-11-18T09:57:32+00:00","twitter_card":"summary_large_image","schema":{"@context":"https:\/\/schema.org","@graph":[{"@type":"WebPage","@id":"https:\/\/tiborszallas.hu\/a-kepviselo-testulet\/","url":"https:\/\/tiborszallas.hu\/a-kepviselo-testulet\/","name":"Municipality - Welcome to the website of Tiborsz\u00e1ll\u00e1s","isPartOf":{"@id":"https:\/\/tiborszallas.hu\/#website"},"datePublished":"2020-02-14T12:39:56+00:00","dateModified":"2024-11-18T09:57:32+00:00","breadcrumb":{"@id":"https:\/\/tiborszallas.hu\/a-kepviselo-testulet\/#breadcrumb"},"inLanguage":"en-US","potentialAction":[{"@type":"ReadAction","target":["https:\/\/tiborszallas.hu\/a-kepviselo-testulet\/"]}]},{"@type":"BreadcrumbList","@id":"https:\/\/tiborszallas.hu\/a-kepviselo-testulet\/#breadcrumb","itemListElement":[{"@type":"ListItem","position":1,"name":"Kezd\u0151lap","item":"https:\/\/tiborszallas.hu\/"},{"@type":"ListItem","position":2,"name":"\u00d6nkorm\u00e1nyzat"}]},{"@type":"WebSite","@id":"https:\/\/tiborszallas.hu\/#website","url":"https:\/\/tiborszallas.hu\/","name":"Welcome to Tiborsz\u00e1ll\u00e1s Municipality website","description":"Tiborsz\u00e1ll\u00e1s Village website","publisher":{"@id":"https:\/\/tiborszallas.hu\/#organization"},"potentialAction":[{"@type":"SearchAction","target":{"@type":"EntryPoint","urlTemplate":"https:\/\/tiborszallas.hu\/?s={search_term_string}"},"query-input":{"@type":"PropertyValueSpecification","valueRequired":true,"valueName":"search_term_string"}}],"inLanguage":"en-US"},{"@type":"Organization","@id":"https:\/\/tiborszallas.hu\/#organization","name":"Tiborsz\u00e1ll\u00e1s Municipality","url":"https:\/\/tiborszallas.hu\/","logo":{"@type":"ImageObject","inLanguage":"en-US","@id":"https:\/\/tiborszallas.hu\/#\/schema\/logo\/image\/","url":"https:\/\/tiborszallas.hu\/wp-content\/uploads\/2020\/02\/cropped-c\u00edmer2.png","contentUrl":"https:\/\/tiborszallas.hu\/wp-content\/uploads\/2020\/02\/cropped-c\u00edmer2.png","width":240,"height":166,"caption":"Tiborsz\u00e1ll\u00e1s K\u00f6zs\u00e9g"},"image":{"@id":"https:\/\/tiborszallas.hu\/#\/schema\/logo\/image\/"}}]}},"_links":{"self":[{"href":"https:\/\/tiborszallas.hu\/en\/wp-json\/wp\/v2\/pages\/82","targetHints":{"allow":["GET"]}}],"collection":[{"href":"https:\/\/tiborszallas.hu\/en\/wp-json\/wp\/v2\/pages"}],"about":[{"href":"https:\/\/tiborszallas.hu\/en\/wp-json\/wp\/v2\/types\/page"}],"author":[{"embeddable":true,"href":"https:\/\/tiborszallas.hu\/en\/wp-json\/wp\/v2\/users\/3"}],"replies":[{"embeddable":true,"href":"https:\/\/tiborszallas.hu\/en\/wp-json\/wp\/v2\/comments?post=82"}],"version-history":[{"count":0,"href":"https:\/\/tiborszallas.hu\/en\/wp-json\/wp\/v2\/pages\/82\/revisions"}],"wp:attachment":[{"href":"https:\/\/tiborszallas.hu\/en\/wp-json\/wp\/v2\/media?parent=82"}],"curies":[{"name":"wp","href":"https:\/\/api.w.org\/{rel}","templated":true}]}}