{"id":8,"date":"2020-02-14T11:38:27","date_gmt":"2020-02-14T11:38:27","guid":{"rendered":"https:\/\/tiborszallas.hu\/?page_id=8"},"modified":"2024-11-18T10:56:26","modified_gmt":"2024-11-18T09:56:26","slug":"a-telepulesrol","status":"publish","type":"page","link":"https:\/\/tiborszallas.hu\/en\/a-telepulesrol\/","title":{"rendered":"About the settlement"},"content":{"rendered":"<div data-elementor-type=\"wp-page\" data-elementor-id=\"8\" class=\"elementor elementor-8\" data-elementor-post-type=\"page\">\n\t\t\t\t<div class=\"elementor-element elementor-element-5c96370 e-flex e-con-boxed e-con e-parent\" data-id=\"5c96370\" data-element_type=\"container\" data-e-type=\"container\">\n\t\t\t\t\t<div class=\"e-con-inner\">\n\t\t<div class=\"elementor-element elementor-element-a2231f7 e-con-full e-flex e-con e-child\" data-id=\"a2231f7\" data-element_type=\"container\" data-e-type=\"container\">\n\t\t<div class=\"elementor-element elementor-element-cbbe80e e-flex e-con-boxed e-con e-child\" data-id=\"cbbe80e\" data-element_type=\"container\" data-e-type=\"container\" data-settings=\"{&quot;background_background&quot;:&quot;classic&quot;}\">\n\t\t\t\t\t<div class=\"e-con-inner\">\n\t\t\t\t<div class=\"elementor-element elementor-element-a90445b elementor-widget elementor-widget-heading\" data-id=\"a90445b\" data-element_type=\"widget\" data-e-type=\"widget\" data-widget_type=\"heading.default\">\n\t\t\t\t<div class=\"elementor-widget-container\">\n\t\t\t\t\t<h2 class=\"elementor-heading-title elementor-size-default\">History of the settlement:<\/h2>\t\t\t\t<\/div>\n\t\t\t\t<\/div>\n\t\t\t\t<div class=\"elementor-element elementor-element-11e50d1 elementor-widget elementor-widget-text-editor\" data-id=\"11e50d1\" data-element_type=\"widget\" data-e-type=\"widget\" data-widget_type=\"text-editor.default\">\n\t\t\t\t<div class=\"elementor-widget-container\">\n\t\t\t\t\t\t\t\t\t<p>The village was named after the Count\u00a0<a href=\"https:\/\/hu.wikipedia.org\/wiki\/K%C3%A1rolyi_csal%C3%A1d\">The K\u00e1rolyi family<\/a>\u00a0about one of its members,\u00a0<a href=\"https:\/\/hu.wikipedia.org\/wiki\/K%C3%A1rolyi_Tibor_(politikus)\">About Tibor K\u00e1rolyi<\/a>\u00a0received.<\/p>\n<p>The three farms were part of the estate of Count K\u00e1rolyi. Tiborsz\u00e1ll\u00e1s is the\u00a0<a href=\"https:\/\/hu.wikipedia.org\/wiki\/1800-as_%C3%A9vek\">1800s<\/a>\u00a0originated at the end of the 19th century, when Count Tibor K\u00e1rolyi and his family moved to the area. Count Tibor's daughter is the cousin of the girl,\u00a0<a href=\"https:\/\/hu.wikipedia.org\/wiki\/K%C3%A1rolyi_Gyula_(politikus,_1871%E2%80%931947)\">Gyula K\u00e1rolyi<\/a>\u00a0took it. Significant progress was made in his time. The Count, who was also Prime Minister between 31 August 1931 and 21 September 1932, established a model farm on his estate: the Wildlife Garden, in the centre of which the castle was situated, was a forest and game management area, and farming and animal husbandry were practised on the Halmos farm and the adjacent land. Farming was also the main occupation in Tiborsz\u00e1ll\u00e1s.<\/p>\n<p>Today's Tiborsz\u00e1ll\u00e1s was organised from three farm settlements, Tiborsz\u00e1ll\u00e1s, Vadaskert and Halmos-tanya, which formerly belonged to M\u00e9rk, into an independent village.\u00a0<a href=\"https:\/\/hu.wikipedia.org\/wiki\/1955\">1955<\/a>-in.<\/p>\n<p><strong>Szentm\u00e1rton<\/strong><\/p>\n<p>On the outskirts of the settlement is the destroyed\u00a0<em>Szentm\u00e1rton<\/em>\u00a0village location.<\/p>\n<p>Name of known sources\u00a0<a href=\"https:\/\/hu.wikipedia.org\/wiki\/1217\">1217<\/a>-He first appears in the monastery of S\u00e1rv\u00e1r, when he is a serf of the monastery,\u00a0<em>Gende<\/em>\u00a0<em>(Gende de v. Senmartin)<\/em>\u00a0an evid\u00e9ki,\u00a0<a href=\"https:\/\/hu.wikipedia.org\/wiki\/C%C3%A9g%C3%A9nyd%C3%A1ny%C3%A1d\">c\u00e9g\u00e9nyi<\/a>\u00a0accused a man.<\/p>\n<p>The village of\u00a0<a href=\"https:\/\/hu.wikipedia.org\/wiki\/Gutkeled_nemzets%C3%A9g\">Gutkeled genus<\/a>\u00a0of his ancestral estates.<\/p>\n<p>S\u00e1rv\u00e1rmonostora\u00a0<a href=\"https:\/\/hu.wikipedia.org\/wiki\/XII._sz%C3%A1zad\">XII century<\/a>\u00a0were annexed to their church by the founders as a sacramental gift. In 1217 it was already called a village. The fate of the monastery was the same as that of the village, which began to decline after its destruction.\u00a0<a href=\"https:\/\/hu.wikipedia.org\/wiki\/1427\">1427<\/a>-was still inhabited, but three abandoned stone churches showed a large decline in population.<\/p>\n<p>Maksai says the village\u00a0<a href=\"https:\/\/hu.wikipedia.org\/wiki\/M%C3%A9rk\">Mark<\/a>\u00a0and\u00a0<a href=\"https:\/\/hu.wikipedia.org\/wiki\/F%C3%A1bi%C3%A1nh%C3%A1za\">F\u00e1bi\u00e1nh\u00e1za<\/a>\u00a0was supposedly swallowed up by the marsh, and its ruins were found on a small island in the forest of St Martin. This area now belongs to Tiborsz\u00e1ll\u00e1s.<\/p>\n<p>The village has no historically recognised landmarks.<\/p>\n<p>Source: wikipedia<\/p>\t\t\t\t\t\t\t\t<\/div>\n\t\t\t\t<\/div>\n\t\t\t\t\t<\/div>\n\t\t\t\t<\/div>\n\t\t\t\t<\/div>\n\t\t\t\t\t<\/div>\n\t\t\t\t<\/div>\n\t\t\t\t<\/div>","protected":false},"excerpt":{"rendered":"<p>A telep\u00fcl\u00e9s t\u00f6rt\u00e9nete: A falu nev\u00e9t a gr\u00f3f\u00a0K\u00e1rolyi csal\u00e1d\u00a0egyik tagj\u00e1r\u00f3l,\u00a0K\u00e1rolyi Tiborr\u00f3l\u00a0kapta. A h\u00e1rom tanya a gr\u00f3f K\u00e1rolyiak birtok\u00e1nak a r\u00e9sze volt. Tiborsz\u00e1ll\u00e1s az\u00a01800-as \u00e9vek\u00a0v\u00e9g\u00e9n keletkezett, amikor gr\u00f3f K\u00e1rolyi Tibor \u00e9s csal\u00e1dja erre a vid\u00e9kre k\u00f6lt\u00f6z\u00f6tt. Tibor gr\u00f3f le\u00e1ny\u00e1t a l\u00e1ny unokatestv\u00e9re,\u00a0K\u00e1rolyi Gyula\u00a0vette el. Jelent\u0151s fejl\u0151d\u00e9s az \u0151 idej\u00e9ben k\u00f6vetkezett be. A gr\u00f3f, aki 1931. augusztus [&hellip;]<\/p>\n","protected":false},"author":3,"featured_media":0,"parent":0,"menu_order":0,"comment_status":"closed","ping_status":"closed","template":"","meta":{"footnotes":""},"class_list":["post-8","page","type-page","status-publish","hentry"],"yoast_head":"<!-- This site is optimized with the Yoast SEO plugin v27.4 - https:\/\/yoast.com\/product\/yoast-seo-wordpress\/ -->\n<title>A telep\u00fcl\u00e9sr\u0151l - \u00dcdv\u00f6z\u00f6lj\u00fck Tiborsz\u00e1ll\u00e1s K\u00f6zs\u00e9g honlapj\u00e1n<\/title>\n<meta name=\"robots\" content=\"index, follow, max-snippet:-1, max-image-preview:large, max-video-preview:-1\" \/>\n<link rel=\"canonical\" href=\"https:\/\/tiborszallas.hu\/en\/a-telepulesrol\/\" \/>\n<meta property=\"og:locale\" content=\"en_US\" \/>\n<meta property=\"og:type\" content=\"article\" \/>\n<meta property=\"og:title\" content=\"A telep\u00fcl\u00e9sr\u0151l - \u00dcdv\u00f6z\u00f6lj\u00fck Tiborsz\u00e1ll\u00e1s K\u00f6zs\u00e9g honlapj\u00e1n\" \/>\n<meta property=\"og:description\" content=\"A telep\u00fcl\u00e9s t\u00f6rt\u00e9nete: A falu nev\u00e9t a gr\u00f3f\u00a0K\u00e1rolyi csal\u00e1d\u00a0egyik tagj\u00e1r\u00f3l,\u00a0K\u00e1rolyi Tiborr\u00f3l\u00a0kapta. A h\u00e1rom tanya a gr\u00f3f K\u00e1rolyiak birtok\u00e1nak a r\u00e9sze volt. Tiborsz\u00e1ll\u00e1s az\u00a01800-as \u00e9vek\u00a0v\u00e9g\u00e9n keletkezett, amikor gr\u00f3f K\u00e1rolyi Tibor \u00e9s csal\u00e1dja erre a vid\u00e9kre k\u00f6lt\u00f6z\u00f6tt. Tibor gr\u00f3f le\u00e1ny\u00e1t a l\u00e1ny unokatestv\u00e9re,\u00a0K\u00e1rolyi Gyula\u00a0vette el. Jelent\u0151s fejl\u0151d\u00e9s az \u0151 idej\u00e9ben k\u00f6vetkezett be. A gr\u00f3f, aki 1931. augusztus [&hellip;]\" \/>\n<meta property=\"og:url\" content=\"https:\/\/tiborszallas.hu\/en\/a-telepulesrol\/\" \/>\n<meta property=\"og:site_name\" content=\"\u00dcdv\u00f6z\u00f6lj\u00fck Tiborsz\u00e1ll\u00e1s K\u00f6zs\u00e9g honlapj\u00e1n\" \/>\n<meta property=\"article:modified_time\" content=\"2024-11-18T09:56:26+00:00\" \/>\n<meta name=\"twitter:card\" content=\"summary_large_image\" \/>\n<meta name=\"twitter:label1\" content=\"Est. reading time\" \/>\n\t<meta name=\"twitter:data1\" content=\"2 minutes\" \/>\n<script type=\"application\/ld+json\" class=\"yoast-schema-graph\">{\"@context\":\"https:\\\/\\\/schema.org\",\"@graph\":[{\"@type\":\"WebPage\",\"@id\":\"https:\\\/\\\/tiborszallas.hu\\\/a-telepulesrol\\\/\",\"url\":\"https:\\\/\\\/tiborszallas.hu\\\/a-telepulesrol\\\/\",\"name\":\"A telep\u00fcl\u00e9sr\u0151l - \u00dcdv\u00f6z\u00f6lj\u00fck Tiborsz\u00e1ll\u00e1s K\u00f6zs\u00e9g honlapj\u00e1n\",\"isPartOf\":{\"@id\":\"https:\\\/\\\/tiborszallas.hu\\\/#website\"},\"datePublished\":\"2020-02-14T11:38:27+00:00\",\"dateModified\":\"2024-11-18T09:56:26+00:00\",\"breadcrumb\":{\"@id\":\"https:\\\/\\\/tiborszallas.hu\\\/a-telepulesrol\\\/#breadcrumb\"},\"inLanguage\":\"en-US\",\"potentialAction\":[{\"@type\":\"ReadAction\",\"target\":[\"https:\\\/\\\/tiborszallas.hu\\\/a-telepulesrol\\\/\"]}]},{\"@type\":\"BreadcrumbList\",\"@id\":\"https:\\\/\\\/tiborszallas.hu\\\/a-telepulesrol\\\/#breadcrumb\",\"itemListElement\":[{\"@type\":\"ListItem\",\"position\":1,\"name\":\"Kezd\u0151lap\",\"item\":\"https:\\\/\\\/tiborszallas.hu\\\/\"},{\"@type\":\"ListItem\",\"position\":2,\"name\":\"A telep\u00fcl\u00e9sr\u0151l\"}]},{\"@type\":\"WebSite\",\"@id\":\"https:\\\/\\\/tiborszallas.hu\\\/#website\",\"url\":\"https:\\\/\\\/tiborszallas.hu\\\/\",\"name\":\"\u00dcdv\u00f6z\u00f6lj\u00fck Tiborsz\u00e1ll\u00e1s K\u00f6zs\u00e9g honlapj\u00e1n\",\"description\":\"Tiborsz\u00e1ll\u00e1s K\u00f6zs\u00e9g honlapja\",\"publisher\":{\"@id\":\"https:\\\/\\\/tiborszallas.hu\\\/#organization\"},\"potentialAction\":[{\"@type\":\"SearchAction\",\"target\":{\"@type\":\"EntryPoint\",\"urlTemplate\":\"https:\\\/\\\/tiborszallas.hu\\\/?s={search_term_string}\"},\"query-input\":{\"@type\":\"PropertyValueSpecification\",\"valueRequired\":true,\"valueName\":\"search_term_string\"}}],\"inLanguage\":\"en-US\"},{\"@type\":\"Organization\",\"@id\":\"https:\\\/\\\/tiborszallas.hu\\\/#organization\",\"name\":\"Tiborsz\u00e1ll\u00e1s K\u00f6zs\u00e9g\",\"url\":\"https:\\\/\\\/tiborszallas.hu\\\/\",\"logo\":{\"@type\":\"ImageObject\",\"inLanguage\":\"en-US\",\"@id\":\"https:\\\/\\\/tiborszallas.hu\\\/#\\\/schema\\\/logo\\\/image\\\/\",\"url\":\"https:\\\/\\\/tiborszallas.hu\\\/wp-content\\\/uploads\\\/2020\\\/02\\\/cropped-c\u00edmer2.png\",\"contentUrl\":\"https:\\\/\\\/tiborszallas.hu\\\/wp-content\\\/uploads\\\/2020\\\/02\\\/cropped-c\u00edmer2.png\",\"width\":240,\"height\":166,\"caption\":\"Tiborsz\u00e1ll\u00e1s K\u00f6zs\u00e9g\"},\"image\":{\"@id\":\"https:\\\/\\\/tiborszallas.hu\\\/#\\\/schema\\\/logo\\\/image\\\/\"}}]}<\/script>\n<!-- \/ Yoast SEO plugin. -->","yoast_head_json":{"title":"About the village - Welcome to the website of Tiborsz\u00e1ll\u00e1s","robots":{"index":"index","follow":"follow","max-snippet":"max-snippet:-1","max-image-preview":"max-image-preview:large","max-video-preview":"max-video-preview:-1"},"canonical":"https:\/\/tiborszallas.hu\/en\/a-telepulesrol\/","og_locale":"en_US","og_type":"article","og_title":"A telep\u00fcl\u00e9sr\u0151l - \u00dcdv\u00f6z\u00f6lj\u00fck Tiborsz\u00e1ll\u00e1s K\u00f6zs\u00e9g honlapj\u00e1n","og_description":"A telep\u00fcl\u00e9s t\u00f6rt\u00e9nete: A falu nev\u00e9t a gr\u00f3f\u00a0K\u00e1rolyi csal\u00e1d\u00a0egyik tagj\u00e1r\u00f3l,\u00a0K\u00e1rolyi Tiborr\u00f3l\u00a0kapta. A h\u00e1rom tanya a gr\u00f3f K\u00e1rolyiak birtok\u00e1nak a r\u00e9sze volt. Tiborsz\u00e1ll\u00e1s az\u00a01800-as \u00e9vek\u00a0v\u00e9g\u00e9n keletkezett, amikor gr\u00f3f K\u00e1rolyi Tibor \u00e9s csal\u00e1dja erre a vid\u00e9kre k\u00f6lt\u00f6z\u00f6tt. Tibor gr\u00f3f le\u00e1ny\u00e1t a l\u00e1ny unokatestv\u00e9re,\u00a0K\u00e1rolyi Gyula\u00a0vette el. Jelent\u0151s fejl\u0151d\u00e9s az \u0151 idej\u00e9ben k\u00f6vetkezett be. A gr\u00f3f, aki 1931. augusztus [&hellip;]","og_url":"https:\/\/tiborszallas.hu\/en\/a-telepulesrol\/","og_site_name":"\u00dcdv\u00f6z\u00f6lj\u00fck Tiborsz\u00e1ll\u00e1s K\u00f6zs\u00e9g honlapj\u00e1n","article_modified_time":"2024-11-18T09:56:26+00:00","twitter_card":"summary_large_image","twitter_misc":{"Est. reading time":"2 minutes"},"schema":{"@context":"https:\/\/schema.org","@graph":[{"@type":"WebPage","@id":"https:\/\/tiborszallas.hu\/a-telepulesrol\/","url":"https:\/\/tiborszallas.hu\/a-telepulesrol\/","name":"About the village - Welcome to the website of Tiborsz\u00e1ll\u00e1s","isPartOf":{"@id":"https:\/\/tiborszallas.hu\/#website"},"datePublished":"2020-02-14T11:38:27+00:00","dateModified":"2024-11-18T09:56:26+00:00","breadcrumb":{"@id":"https:\/\/tiborszallas.hu\/a-telepulesrol\/#breadcrumb"},"inLanguage":"en-US","potentialAction":[{"@type":"ReadAction","target":["https:\/\/tiborszallas.hu\/a-telepulesrol\/"]}]},{"@type":"BreadcrumbList","@id":"https:\/\/tiborszallas.hu\/a-telepulesrol\/#breadcrumb","itemListElement":[{"@type":"ListItem","position":1,"name":"Kezd\u0151lap","item":"https:\/\/tiborszallas.hu\/"},{"@type":"ListItem","position":2,"name":"A telep\u00fcl\u00e9sr\u0151l"}]},{"@type":"WebSite","@id":"https:\/\/tiborszallas.hu\/#website","url":"https:\/\/tiborszallas.hu\/","name":"Welcome to Tiborsz\u00e1ll\u00e1s Municipality website","description":"Tiborsz\u00e1ll\u00e1s Village website","publisher":{"@id":"https:\/\/tiborszallas.hu\/#organization"},"potentialAction":[{"@type":"SearchAction","target":{"@type":"EntryPoint","urlTemplate":"https:\/\/tiborszallas.hu\/?s={search_term_string}"},"query-input":{"@type":"PropertyValueSpecification","valueRequired":true,"valueName":"search_term_string"}}],"inLanguage":"en-US"},{"@type":"Organization","@id":"https:\/\/tiborszallas.hu\/#organization","name":"Tiborsz\u00e1ll\u00e1s Municipality","url":"https:\/\/tiborszallas.hu\/","logo":{"@type":"ImageObject","inLanguage":"en-US","@id":"https:\/\/tiborszallas.hu\/#\/schema\/logo\/image\/","url":"https:\/\/tiborszallas.hu\/wp-content\/uploads\/2020\/02\/cropped-c\u00edmer2.png","contentUrl":"https:\/\/tiborszallas.hu\/wp-content\/uploads\/2020\/02\/cropped-c\u00edmer2.png","width":240,"height":166,"caption":"Tiborsz\u00e1ll\u00e1s K\u00f6zs\u00e9g"},"image":{"@id":"https:\/\/tiborszallas.hu\/#\/schema\/logo\/image\/"}}]}},"_links":{"self":[{"href":"https:\/\/tiborszallas.hu\/en\/wp-json\/wp\/v2\/pages\/8","targetHints":{"allow":["GET"]}}],"collection":[{"href":"https:\/\/tiborszallas.hu\/en\/wp-json\/wp\/v2\/pages"}],"about":[{"href":"https:\/\/tiborszallas.hu\/en\/wp-json\/wp\/v2\/types\/page"}],"author":[{"embeddable":true,"href":"https:\/\/tiborszallas.hu\/en\/wp-json\/wp\/v2\/users\/3"}],"replies":[{"embeddable":true,"href":"https:\/\/tiborszallas.hu\/en\/wp-json\/wp\/v2\/comments?post=8"}],"version-history":[{"count":0,"href":"https:\/\/tiborszallas.hu\/en\/wp-json\/wp\/v2\/pages\/8\/revisions"}],"wp:attachment":[{"href":"https:\/\/tiborszallas.hu\/en\/wp-json\/wp\/v2\/media?parent=8"}],"curies":[{"name":"wp","href":"https:\/\/api.w.org\/{rel}","templated":true}]}}