{"id":682,"date":"2021-03-08T07:27:45","date_gmt":"2021-03-08T07:27:45","guid":{"rendered":"https:\/\/tiborszallas.hu\/?page_id=682"},"modified":"2021-03-08T07:27:45","modified_gmt":"2021-03-08T07:27:45","slug":"magyar-falu-program-temeto-fejlesztes","status":"publish","type":"page","link":"https:\/\/tiborszallas.hu\/en\/magyar-falu-program-temeto-fejlesztes\/","title":{"rendered":"Hungarian Village Programme - Cemetery Development"},"content":{"rendered":"<p>Project ID: Hungarian Village Programme MFP-FFT\/2019 - Cemetery development<\/p>\n<p>Beneficiary: the Municipality of Tiborsz\u00e1ll\u00e1s<\/p>\n<p>Aid amount: 29.598.023.-Ft<\/p>\n<p>&nbsp;<\/p>\n<p><img fetchpriority=\"high\" decoding=\"async\" class=\"alignnone size-medium wp-image-656\" src=\"https:\/\/tiborszallas.hu\/wp-content\/uploads\/2021\/02\/magyarfalu_logo-300x290.jpg\" alt=\"\" width=\"300\" height=\"290\" srcset=\"https:\/\/tiborszallas.hu\/wp-content\/uploads\/2021\/02\/magyarfalu_logo-300x290.jpg 300w, https:\/\/tiborszallas.hu\/wp-content\/uploads\/2021\/02\/magyarfalu_logo.jpg 550w\" sizes=\"(max-width: 300px) 100vw, 300px\" \/><\/p>","protected":false},"excerpt":{"rendered":"<p>Project ID: Hungarian Village Programme MFP-FFT\/2019 - Cemetery Development Beneficiary: Tiborsz\u00e1ll\u00e1s Municipality Amount of support: 29.598.023.-Ft &nbsp;<\/p>","protected":false},"author":3,"featured_media":0,"parent":0,"menu_order":0,"comment_status":"closed","ping_status":"closed","template":"","meta":{"footnotes":""},"class_list":["post-682","page","type-page","status-publish","hentry"],"yoast_head":"<!-- This site is optimized with the Yoast SEO plugin v27.3 - https:\/\/yoast.com\/product\/yoast-seo-wordpress\/ -->\n<title>Magyar Falu Program - Temet\u0151 Fejleszt\u00e9s - \u00dcdv\u00f6z\u00f6lj\u00fck Tiborsz\u00e1ll\u00e1s K\u00f6zs\u00e9g honlapj\u00e1n<\/title>\n<meta name=\"robots\" content=\"index, follow, max-snippet:-1, max-image-preview:large, max-video-preview:-1\" \/>\n<link rel=\"canonical\" href=\"https:\/\/tiborszallas.hu\/en\/magyar-falu-program-temeto-fejlesztes\/\" \/>\n<meta property=\"og:locale\" content=\"en_US\" \/>\n<meta property=\"og:type\" content=\"article\" \/>\n<meta property=\"og:title\" content=\"Magyar Falu Program - Temet\u0151 Fejleszt\u00e9s - \u00dcdv\u00f6z\u00f6lj\u00fck Tiborsz\u00e1ll\u00e1s K\u00f6zs\u00e9g honlapj\u00e1n\" \/>\n<meta property=\"og:description\" content=\"Projekt azonos\u00edt\u00f3: Magyar Falu Program MFP-FFT\/2019 &#8211; Temet\u0151 fejlesz\u00e9tse Kedvezm\u00e9nyezett: Tiborsz\u00e1ll\u00e1s K\u00f6zs\u00e9g \u00d6nkorm\u00e1nyzata T\u00e1mogat\u00e1s \u00f6sszege: 29.598.023.-Ft &nbsp;\" \/>\n<meta property=\"og:url\" content=\"https:\/\/tiborszallas.hu\/en\/magyar-falu-program-temeto-fejlesztes\/\" \/>\n<meta property=\"og:site_name\" content=\"\u00dcdv\u00f6z\u00f6lj\u00fck Tiborsz\u00e1ll\u00e1s K\u00f6zs\u00e9g honlapj\u00e1n\" \/>\n<meta property=\"og:image\" content=\"https:\/\/tiborszallas.hu\/wp-content\/uploads\/2021\/02\/magyarfalu_logo.jpg\" \/>\n\t<meta property=\"og:image:width\" content=\"550\" \/>\n\t<meta property=\"og:image:height\" content=\"531\" \/>\n\t<meta property=\"og:image:type\" content=\"image\/jpeg\" \/>\n<meta name=\"twitter:card\" content=\"summary_large_image\" \/>\n<script type=\"application\/ld+json\" class=\"yoast-schema-graph\">{\"@context\":\"https:\\\/\\\/schema.org\",\"@graph\":[{\"@type\":\"WebPage\",\"@id\":\"https:\\\/\\\/tiborszallas.hu\\\/magyar-falu-program-temeto-fejlesztes\\\/\",\"url\":\"https:\\\/\\\/tiborszallas.hu\\\/magyar-falu-program-temeto-fejlesztes\\\/\",\"name\":\"Magyar Falu Program - Temet\u0151 Fejleszt\u00e9s - \u00dcdv\u00f6z\u00f6lj\u00fck Tiborsz\u00e1ll\u00e1s K\u00f6zs\u00e9g honlapj\u00e1n\",\"isPartOf\":{\"@id\":\"https:\\\/\\\/tiborszallas.hu\\\/#website\"},\"primaryImageOfPage\":{\"@id\":\"https:\\\/\\\/tiborszallas.hu\\\/magyar-falu-program-temeto-fejlesztes\\\/#primaryimage\"},\"image\":{\"@id\":\"https:\\\/\\\/tiborszallas.hu\\\/magyar-falu-program-temeto-fejlesztes\\\/#primaryimage\"},\"thumbnailUrl\":\"https:\\\/\\\/tiborszallas.hu\\\/wp-content\\\/uploads\\\/2021\\\/02\\\/magyarfalu_logo-300x290.jpg\",\"datePublished\":\"2021-03-08T07:27:45+00:00\",\"breadcrumb\":{\"@id\":\"https:\\\/\\\/tiborszallas.hu\\\/magyar-falu-program-temeto-fejlesztes\\\/#breadcrumb\"},\"inLanguage\":\"en-US\",\"potentialAction\":[{\"@type\":\"ReadAction\",\"target\":[\"https:\\\/\\\/tiborszallas.hu\\\/magyar-falu-program-temeto-fejlesztes\\\/\"]}]},{\"@type\":\"ImageObject\",\"inLanguage\":\"en-US\",\"@id\":\"https:\\\/\\\/tiborszallas.hu\\\/magyar-falu-program-temeto-fejlesztes\\\/#primaryimage\",\"url\":\"https:\\\/\\\/tiborszallas.hu\\\/wp-content\\\/uploads\\\/2021\\\/02\\\/magyarfalu_logo-300x290.jpg\",\"contentUrl\":\"https:\\\/\\\/tiborszallas.hu\\\/wp-content\\\/uploads\\\/2021\\\/02\\\/magyarfalu_logo-300x290.jpg\"},{\"@type\":\"BreadcrumbList\",\"@id\":\"https:\\\/\\\/tiborszallas.hu\\\/magyar-falu-program-temeto-fejlesztes\\\/#breadcrumb\",\"itemListElement\":[{\"@type\":\"ListItem\",\"position\":1,\"name\":\"Kezd\u0151lap\",\"item\":\"https:\\\/\\\/tiborszallas.hu\\\/\"},{\"@type\":\"ListItem\",\"position\":2,\"name\":\"Magyar Falu Program &#8211; Temet\u0151 Fejleszt\u00e9s\"}]},{\"@type\":\"WebSite\",\"@id\":\"https:\\\/\\\/tiborszallas.hu\\\/#website\",\"url\":\"https:\\\/\\\/tiborszallas.hu\\\/\",\"name\":\"\u00dcdv\u00f6z\u00f6lj\u00fck Tiborsz\u00e1ll\u00e1s K\u00f6zs\u00e9g honlapj\u00e1n\",\"description\":\"Tiborsz\u00e1ll\u00e1s K\u00f6zs\u00e9g honlapja\",\"publisher\":{\"@id\":\"https:\\\/\\\/tiborszallas.hu\\\/#organization\"},\"potentialAction\":[{\"@type\":\"SearchAction\",\"target\":{\"@type\":\"EntryPoint\",\"urlTemplate\":\"https:\\\/\\\/tiborszallas.hu\\\/?s={search_term_string}\"},\"query-input\":{\"@type\":\"PropertyValueSpecification\",\"valueRequired\":true,\"valueName\":\"search_term_string\"}}],\"inLanguage\":\"en-US\"},{\"@type\":\"Organization\",\"@id\":\"https:\\\/\\\/tiborszallas.hu\\\/#organization\",\"name\":\"Tiborsz\u00e1ll\u00e1s K\u00f6zs\u00e9g\",\"url\":\"https:\\\/\\\/tiborszallas.hu\\\/\",\"logo\":{\"@type\":\"ImageObject\",\"inLanguage\":\"en-US\",\"@id\":\"https:\\\/\\\/tiborszallas.hu\\\/#\\\/schema\\\/logo\\\/image\\\/\",\"url\":\"https:\\\/\\\/tiborszallas.hu\\\/wp-content\\\/uploads\\\/2020\\\/02\\\/cropped-c\u00edmer2.png\",\"contentUrl\":\"https:\\\/\\\/tiborszallas.hu\\\/wp-content\\\/uploads\\\/2020\\\/02\\\/cropped-c\u00edmer2.png\",\"width\":240,\"height\":166,\"caption\":\"Tiborsz\u00e1ll\u00e1s K\u00f6zs\u00e9g\"},\"image\":{\"@id\":\"https:\\\/\\\/tiborszallas.hu\\\/#\\\/schema\\\/logo\\\/image\\\/\"}}]}<\/script>\n<!-- \/ Yoast SEO plugin. -->","yoast_head_json":{"title":"Hungarian Village Programme - Cemetery Development - Welcome to the website of Tiborsz\u00e1ll\u00e1s","robots":{"index":"index","follow":"follow","max-snippet":"max-snippet:-1","max-image-preview":"max-image-preview:large","max-video-preview":"max-video-preview:-1"},"canonical":"https:\/\/tiborszallas.hu\/en\/magyar-falu-program-temeto-fejlesztes\/","og_locale":"en_US","og_type":"article","og_title":"Magyar Falu Program - Temet\u0151 Fejleszt\u00e9s - \u00dcdv\u00f6z\u00f6lj\u00fck Tiborsz\u00e1ll\u00e1s K\u00f6zs\u00e9g honlapj\u00e1n","og_description":"Projekt azonos\u00edt\u00f3: Magyar Falu Program MFP-FFT\/2019 &#8211; Temet\u0151 fejlesz\u00e9tse Kedvezm\u00e9nyezett: Tiborsz\u00e1ll\u00e1s K\u00f6zs\u00e9g \u00d6nkorm\u00e1nyzata T\u00e1mogat\u00e1s \u00f6sszege: 29.598.023.-Ft &nbsp;","og_url":"https:\/\/tiborszallas.hu\/en\/magyar-falu-program-temeto-fejlesztes\/","og_site_name":"\u00dcdv\u00f6z\u00f6lj\u00fck Tiborsz\u00e1ll\u00e1s K\u00f6zs\u00e9g honlapj\u00e1n","og_image":[{"width":550,"height":531,"url":"https:\/\/tiborszallas.hu\/wp-content\/uploads\/2021\/02\/magyarfalu_logo.jpg","type":"image\/jpeg"}],"twitter_card":"summary_large_image","schema":{"@context":"https:\/\/schema.org","@graph":[{"@type":"WebPage","@id":"https:\/\/tiborszallas.hu\/magyar-falu-program-temeto-fejlesztes\/","url":"https:\/\/tiborszallas.hu\/magyar-falu-program-temeto-fejlesztes\/","name":"Hungarian Village Programme - Cemetery Development - Welcome to the website of Tiborsz\u00e1ll\u00e1s","isPartOf":{"@id":"https:\/\/tiborszallas.hu\/#website"},"primaryImageOfPage":{"@id":"https:\/\/tiborszallas.hu\/magyar-falu-program-temeto-fejlesztes\/#primaryimage"},"image":{"@id":"https:\/\/tiborszallas.hu\/magyar-falu-program-temeto-fejlesztes\/#primaryimage"},"thumbnailUrl":"https:\/\/tiborszallas.hu\/wp-content\/uploads\/2021\/02\/magyarfalu_logo-300x290.jpg","datePublished":"2021-03-08T07:27:45+00:00","breadcrumb":{"@id":"https:\/\/tiborszallas.hu\/magyar-falu-program-temeto-fejlesztes\/#breadcrumb"},"inLanguage":"en-US","potentialAction":[{"@type":"ReadAction","target":["https:\/\/tiborszallas.hu\/magyar-falu-program-temeto-fejlesztes\/"]}]},{"@type":"ImageObject","inLanguage":"en-US","@id":"https:\/\/tiborszallas.hu\/magyar-falu-program-temeto-fejlesztes\/#primaryimage","url":"https:\/\/tiborszallas.hu\/wp-content\/uploads\/2021\/02\/magyarfalu_logo-300x290.jpg","contentUrl":"https:\/\/tiborszallas.hu\/wp-content\/uploads\/2021\/02\/magyarfalu_logo-300x290.jpg"},{"@type":"BreadcrumbList","@id":"https:\/\/tiborszallas.hu\/magyar-falu-program-temeto-fejlesztes\/#breadcrumb","itemListElement":[{"@type":"ListItem","position":1,"name":"Kezd\u0151lap","item":"https:\/\/tiborszallas.hu\/"},{"@type":"ListItem","position":2,"name":"Magyar Falu Program &#8211; Temet\u0151 Fejleszt\u00e9s"}]},{"@type":"WebSite","@id":"https:\/\/tiborszallas.hu\/#website","url":"https:\/\/tiborszallas.hu\/","name":"Welcome to Tiborsz\u00e1ll\u00e1s Municipality website","description":"Tiborsz\u00e1ll\u00e1s Village website","publisher":{"@id":"https:\/\/tiborszallas.hu\/#organization"},"potentialAction":[{"@type":"SearchAction","target":{"@type":"EntryPoint","urlTemplate":"https:\/\/tiborszallas.hu\/?s={search_term_string}"},"query-input":{"@type":"PropertyValueSpecification","valueRequired":true,"valueName":"search_term_string"}}],"inLanguage":"en-US"},{"@type":"Organization","@id":"https:\/\/tiborszallas.hu\/#organization","name":"Tiborsz\u00e1ll\u00e1s Municipality","url":"https:\/\/tiborszallas.hu\/","logo":{"@type":"ImageObject","inLanguage":"en-US","@id":"https:\/\/tiborszallas.hu\/#\/schema\/logo\/image\/","url":"https:\/\/tiborszallas.hu\/wp-content\/uploads\/2020\/02\/cropped-c\u00edmer2.png","contentUrl":"https:\/\/tiborszallas.hu\/wp-content\/uploads\/2020\/02\/cropped-c\u00edmer2.png","width":240,"height":166,"caption":"Tiborsz\u00e1ll\u00e1s K\u00f6zs\u00e9g"},"image":{"@id":"https:\/\/tiborszallas.hu\/#\/schema\/logo\/image\/"}}]}},"_links":{"self":[{"href":"https:\/\/tiborszallas.hu\/en\/wp-json\/wp\/v2\/pages\/682","targetHints":{"allow":["GET"]}}],"collection":[{"href":"https:\/\/tiborszallas.hu\/en\/wp-json\/wp\/v2\/pages"}],"about":[{"href":"https:\/\/tiborszallas.hu\/en\/wp-json\/wp\/v2\/types\/page"}],"author":[{"embeddable":true,"href":"https:\/\/tiborszallas.hu\/en\/wp-json\/wp\/v2\/users\/3"}],"replies":[{"embeddable":true,"href":"https:\/\/tiborszallas.hu\/en\/wp-json\/wp\/v2\/comments?post=682"}],"version-history":[{"count":0,"href":"https:\/\/tiborszallas.hu\/en\/wp-json\/wp\/v2\/pages\/682\/revisions"}],"wp:attachment":[{"href":"https:\/\/tiborszallas.hu\/en\/wp-json\/wp\/v2\/media?parent=682"}],"curies":[{"name":"wp","href":"https:\/\/api.w.org\/{rel}","templated":true}]}}