{"id":67,"date":"2020-02-14T12:09:08","date_gmt":"2020-02-14T12:09:08","guid":{"rendered":"https:\/\/tiborszallas.hu\/?page_id=67"},"modified":"2024-11-18T11:58:11","modified_gmt":"2024-11-18T10:58:11","slug":"kozos-onkormanyzati-hivatal","status":"publish","type":"page","link":"https:\/\/tiborszallas.hu\/en\/kozos-onkormanyzati-hivatal\/","title":{"rendered":"Joint Local Government Office"},"content":{"rendered":"<div data-elementor-type=\"wp-page\" data-elementor-id=\"67\" class=\"elementor elementor-67\" data-elementor-post-type=\"page\">\n\t\t\t\t<div class=\"elementor-element elementor-element-6c11353 e-flex e-con-boxed e-con e-parent\" data-id=\"6c11353\" data-element_type=\"container\" data-e-type=\"container\">\n\t\t\t\t\t<div class=\"e-con-inner\">\n\t\t\t\t<div class=\"elementor-element elementor-element-12b6fe5 elementor-widget elementor-widget-image\" data-id=\"12b6fe5\" data-element_type=\"widget\" data-e-type=\"widget\" data-widget_type=\"image.default\">\n\t\t\t\t<div class=\"elementor-widget-container\">\n\t\t\t\t\t\t\t\t\t\t\t\t\t\t\t<img fetchpriority=\"high\" decoding=\"async\" width=\"289\" height=\"300\" src=\"https:\/\/tiborszallas.hu\/wp-content\/uploads\/2020\/02\/Merk-1-289x300.jpg\" class=\"attachment-medium size-medium wp-image-71\" alt=\"\" srcset=\"https:\/\/tiborszallas.hu\/wp-content\/uploads\/2020\/02\/Merk-1-289x300.jpg 289w, https:\/\/tiborszallas.hu\/wp-content\/uploads\/2020\/02\/Merk-1-985x1024.jpg 985w, https:\/\/tiborszallas.hu\/wp-content\/uploads\/2020\/02\/Merk-1-768x798.jpg 768w, https:\/\/tiborszallas.hu\/wp-content\/uploads\/2020\/02\/Merk-1-1478x1536.jpg 1478w, https:\/\/tiborszallas.hu\/wp-content\/uploads\/2020\/02\/Merk-1-1970x2048.jpg 1970w, https:\/\/tiborszallas.hu\/wp-content\/uploads\/2020\/02\/Merk-1.jpg 2000w\" sizes=\"(max-width: 289px) 100vw, 289px\" \/>\t\t\t\t\t\t\t\t\t\t\t\t\t\t\t<\/div>\n\t\t\t\t<\/div>\n\t\t\t\t<div class=\"elementor-element elementor-element-9910393 elementor-widget elementor-widget-text-editor\" data-id=\"9910393\" data-element_type=\"widget\" data-e-type=\"widget\" data-widget_type=\"text-editor.default\">\n\t\t\t\t<div class=\"elementor-widget-container\">\n\t\t\t\t\t\t\t\t\t<p><strong>Mikkeli Joint Municipality Office<\/strong><br \/><br \/>4352. M\u00e9rk Hunyadi utca 45.<br \/>Tel: 44\/554-054<br \/>Email: jegyzo@merk.hu<br \/><br \/><br \/><strong>Mikkeli Joint Municipality Office <\/strong><br \/><strong>Tiborsz\u00e1ll\u00e1s Branch<\/strong><br \/><br \/>4353. Tiborsz\u00e1ll\u00e1s D\u00f3zsa \u00fat 17.<br \/>Tel:44\/554-025<br \/>Email: jegyzo@tiborszallas.hu<\/p>\t\t\t\t\t\t\t\t<\/div>\n\t\t\t\t<\/div>\n\t\t\t\t<div class=\"elementor-element elementor-element-f356d18 elementor-widget elementor-widget-image\" data-id=\"f356d18\" data-element_type=\"widget\" data-e-type=\"widget\" data-widget_type=\"image.default\">\n\t\t\t\t<div class=\"elementor-widget-container\">\n\t\t\t\t\t\t\t\t\t\t\t\t\t\t\t<img decoding=\"async\" width=\"300\" height=\"208\" data-src=\"https:\/\/tiborszallas.hu\/wp-content\/uploads\/2020\/02\/c\u00edmer2-300x208.png\" class=\"attachment-medium size-medium wp-image-34 lazyload\" alt=\"\" data-srcset=\"https:\/\/tiborszallas.hu\/wp-content\/uploads\/2020\/02\/c\u00edmer2-300x208.png 300w, https:\/\/tiborszallas.hu\/wp-content\/uploads\/2020\/02\/c\u00edmer2-1024x711.png 1024w, https:\/\/tiborszallas.hu\/wp-content\/uploads\/2020\/02\/c\u00edmer2-768x533.png 768w, https:\/\/tiborszallas.hu\/wp-content\/uploads\/2020\/02\/c\u00edmer2-1536x1067.png 1536w, https:\/\/tiborszallas.hu\/wp-content\/uploads\/2020\/02\/c\u00edmer2-1x1.png 1w, https:\/\/tiborszallas.hu\/wp-content\/uploads\/2020\/02\/c\u00edmer2.png 2000w\" data-sizes=\"(max-width: 300px) 100vw, 300px\" src=\"data:image\/svg+xml;base64,PHN2ZyB3aWR0aD0iMSIgaGVpZ2h0PSIxIiB4bWxucz0iaHR0cDovL3d3dy53My5vcmcvMjAwMC9zdmciPjwvc3ZnPg==\" style=\"--smush-placeholder-width: 300px; --smush-placeholder-aspect-ratio: 300\/208;\" \/>\t\t\t\t\t\t\t\t\t\t\t\t\t\t\t<\/div>\n\t\t\t\t<\/div>\n\t\t\t\t\t<\/div>\n\t\t\t\t<\/div>\n\t\t<div class=\"elementor-element elementor-element-dc59810 e-flex e-con-boxed e-con e-parent\" data-id=\"dc59810\" data-element_type=\"container\" data-e-type=\"container\">\n\t\t\t\t\t<div class=\"e-con-inner\">\n\t\t\t\t<div class=\"elementor-element elementor-element-ed487d7 elementor-widget elementor-widget-text-editor\" data-id=\"ed487d7\" data-element_type=\"widget\" data-e-type=\"widget\" data-widget_type=\"text-editor.default\">\n\t\t\t\t<div class=\"elementor-widget-container\">\n\t\t\t\t\t\t\t\t\t<h3>Mikkeli Joint Municipality Office<\/h3>\n<p><!-- \/wp:heading --><!-- wp:table --><\/p>\n<figure class=\"wp-block-table\">\n<table>\n<tbody>\n<tr>\n<td>Title:<\/td>\n<td>4352 M\u00e9rk, Hunyadi utca 45<\/td>\n<\/tr>\n<tr>\n<td>Tel:<\/td>\n<td>+3644 554-054<\/td>\n<\/tr>\n<tr>\n<td>Registrar:<\/td>\n<td>T\u00f3thn\u00e9 Dr. Nagy Anita notary<\/td>\n<\/tr>\n<tr>\n<td>Email:<\/td>\n<td>jegyzo@merk.hu<\/td>\n<\/tr>\n<tr>\n<td>Supervisory body:<\/td>\n<td>Szabolcs-Szatm\u00e1r-Bereg County Government Office,<br \/>4400 Ny\u00edregyh\u00e1za, H\u0151s\u00f6k tere 5.<\/td>\n<\/tr>\n<\/tbody>\n<\/table>\n<\/figure>\n<p><!-- \/wp:table --><!-- wp:paragraph --><\/p>\n<p>The competence of the office covers the municipalities of M\u00e9rk and Tiborsz\u00e1ll\u00e1s.<\/p>\n<h3>Opening hours of the Tiborsz\u00e1ll Branch of the Joint Office<\/h3>\n<table width=\"550\">\n<tbody>\n<tr>\n<td>Tuesday:<\/td>\n<td>8:00-11:00<\/td>\n<\/tr>\n<\/tbody>\n<\/table>\n<p><!-- \/wp:heading --><!-- wp:table --><\/p>\n<figure class=\"wp-block-table\"><\/figure>\n<h3>Opening hours of the Joint Office<\/h3>\n<p><!-- \/wp:heading --><!-- wp:table --><\/p>\n<figure class=\"wp-block-table\">\n<table>\n<tbody>\n<tr>\n<td>Monday:<\/td>\n<td>8:00-12:00<\/td>\n<\/tr>\n<tr>\n<td>Tuesday:<\/td>\n<td>8:00-12:00, 13:00-16:00<\/td>\n<\/tr>\n<tr>\n<td>Wednesday:<\/td>\n<td>8:00-12:00<\/td>\n<\/tr>\n<tr>\n<td>Thursday:<\/td>\n<td>8:00-12:00, 13:00-16:00<\/td>\n<\/tr>\n<tr>\n<td>Friday:<\/td>\n<td>No customer reception<\/td>\n<\/tr>\n<\/tbody>\n<\/table>\n<\/figure>\n<p><!-- \/wp:paragraph --><!-- wp:heading --><!-- \/wp:heading --><!-- wp:table --><\/p>\n<figure class=\"wp-block-table\"><\/figure>\n<p><!-- \/wp:table --><!-- wp:heading --><\/p>\n<h3>Opening hours of the notary<\/h3>\n<p><!-- \/wp:heading --><!-- wp:table --><\/p>\n<figure class=\"wp-block-table\">\n<table>\n<tbody>\n<tr>\n<td>Tuesday: 8:00-11:00<\/td>\n<\/tr>\n<\/tbody>\n<\/table>\n<p><a href=\"https:\/\/tiborszallas.hu\/wp-content\/uploads\/2022\/02\/Adatkezelesi-tajekoztato.pdf\">Privacy notice<\/a><\/p>\n<\/figure>\t\t\t\t\t\t\t\t<\/div>\n\t\t\t\t<\/div>\n\t\t\t\t\t<\/div>\n\t\t\t\t<\/div>\n\t\t\t\t<\/div>","protected":false},"excerpt":{"rendered":"<p>M\u00e9rki K\u00f6z\u00f6s \u00d6nkorm\u00e1nyzati Hivatal 4352. M\u00e9rk Hunyadi utca 45.Tel.: 44\/554-054Email: jegyzo@merk.hu M\u00e9rki K\u00f6z\u00f6s \u00d6nkorm\u00e1nyzati Hivatal Tiborsz\u00e1ll\u00e1si Kirendelts\u00e9g 4353. Tiborsz\u00e1ll\u00e1s D\u00f3zsa \u00fat 17.Tel:44\/554-025Email: jegyzo@tiborszallas.hu M\u00e9rki K\u00f6z\u00f6s \u00d6nkorm\u00e1nyzati Hivatal C\u00edm: 4352 M\u00e9rk, Hunyadi utca 45 Tel: +3644 554-054 Hivatalvezet\u0151: T\u00f3thn\u00e9 Dr. Nagy Anita jegyz\u0151 Email: jegyzo@merk.hu Fel\u00fcgyeleti szerv: Szabolcs-Szatm\u00e1r-Bereg Megyei Korm\u00e1nyhivatal,4400 Ny\u00edregyh\u00e1za, H\u0151s\u00f6k tere 5. A hivatal [&hellip;]<\/p>\n","protected":false},"author":3,"featured_media":0,"parent":0,"menu_order":0,"comment_status":"closed","ping_status":"closed","template":"","meta":{"footnotes":""},"class_list":["post-67","page","type-page","status-publish","hentry"],"yoast_head":"<!-- This site is optimized with the Yoast SEO plugin v27.4 - https:\/\/yoast.com\/product\/yoast-seo-wordpress\/ -->\n<title>K\u00f6z\u00f6s \u00d6nkorm\u00e1nyzati Hivatal - \u00dcdv\u00f6z\u00f6lj\u00fck Tiborsz\u00e1ll\u00e1s K\u00f6zs\u00e9g honlapj\u00e1n<\/title>\n<meta name=\"robots\" content=\"index, follow, max-snippet:-1, max-image-preview:large, max-video-preview:-1\" \/>\n<link rel=\"canonical\" href=\"https:\/\/tiborszallas.hu\/en\/kozos-onkormanyzati-hivatal\/\" \/>\n<meta property=\"og:locale\" content=\"en_US\" \/>\n<meta property=\"og:type\" content=\"article\" \/>\n<meta property=\"og:title\" content=\"K\u00f6z\u00f6s \u00d6nkorm\u00e1nyzati Hivatal - \u00dcdv\u00f6z\u00f6lj\u00fck Tiborsz\u00e1ll\u00e1s K\u00f6zs\u00e9g honlapj\u00e1n\" \/>\n<meta property=\"og:description\" content=\"M\u00e9rki K\u00f6z\u00f6s \u00d6nkorm\u00e1nyzati Hivatal 4352. M\u00e9rk Hunyadi utca 45.Tel.: 44\/554-054Email: jegyzo@merk.hu M\u00e9rki K\u00f6z\u00f6s \u00d6nkorm\u00e1nyzati Hivatal Tiborsz\u00e1ll\u00e1si Kirendelts\u00e9g 4353. Tiborsz\u00e1ll\u00e1s D\u00f3zsa \u00fat 17.Tel:44\/554-025Email: jegyzo@tiborszallas.hu M\u00e9rki K\u00f6z\u00f6s \u00d6nkorm\u00e1nyzati Hivatal C\u00edm: 4352 M\u00e9rk, Hunyadi utca 45 Tel: +3644 554-054 Hivatalvezet\u0151: T\u00f3thn\u00e9 Dr. Nagy Anita jegyz\u0151 Email: jegyzo@merk.hu Fel\u00fcgyeleti szerv: Szabolcs-Szatm\u00e1r-Bereg Megyei Korm\u00e1nyhivatal,4400 Ny\u00edregyh\u00e1za, H\u0151s\u00f6k tere 5. A hivatal [&hellip;]\" \/>\n<meta property=\"og:url\" content=\"https:\/\/tiborszallas.hu\/en\/kozos-onkormanyzati-hivatal\/\" \/>\n<meta property=\"og:site_name\" content=\"\u00dcdv\u00f6z\u00f6lj\u00fck Tiborsz\u00e1ll\u00e1s K\u00f6zs\u00e9g honlapj\u00e1n\" \/>\n<meta property=\"article:modified_time\" content=\"2024-11-18T10:58:11+00:00\" \/>\n<meta property=\"og:image\" content=\"https:\/\/tiborszallas.hu\/wp-content\/uploads\/2020\/02\/Merk-1.jpg\" \/>\n\t<meta property=\"og:image:width\" content=\"2000\" \/>\n\t<meta property=\"og:image:height\" content=\"2079\" \/>\n\t<meta property=\"og:image:type\" content=\"image\/jpeg\" \/>\n<meta name=\"twitter:card\" content=\"summary_large_image\" \/>\n<meta name=\"twitter:label1\" content=\"Est. reading time\" \/>\n\t<meta name=\"twitter:data1\" content=\"1 minute\" \/>\n<script type=\"application\/ld+json\" class=\"yoast-schema-graph\">{\"@context\":\"https:\\\/\\\/schema.org\",\"@graph\":[{\"@type\":\"WebPage\",\"@id\":\"https:\\\/\\\/tiborszallas.hu\\\/kozos-onkormanyzati-hivatal\\\/\",\"url\":\"https:\\\/\\\/tiborszallas.hu\\\/kozos-onkormanyzati-hivatal\\\/\",\"name\":\"K\u00f6z\u00f6s \u00d6nkorm\u00e1nyzati Hivatal - \u00dcdv\u00f6z\u00f6lj\u00fck Tiborsz\u00e1ll\u00e1s K\u00f6zs\u00e9g honlapj\u00e1n\",\"isPartOf\":{\"@id\":\"https:\\\/\\\/tiborszallas.hu\\\/#website\"},\"primaryImageOfPage\":{\"@id\":\"https:\\\/\\\/tiborszallas.hu\\\/kozos-onkormanyzati-hivatal\\\/#primaryimage\"},\"image\":{\"@id\":\"https:\\\/\\\/tiborszallas.hu\\\/kozos-onkormanyzati-hivatal\\\/#primaryimage\"},\"thumbnailUrl\":\"https:\\\/\\\/tiborszallas.hu\\\/wp-content\\\/uploads\\\/2020\\\/02\\\/Merk-1-289x300.jpg\",\"datePublished\":\"2020-02-14T12:09:08+00:00\",\"dateModified\":\"2024-11-18T10:58:11+00:00\",\"breadcrumb\":{\"@id\":\"https:\\\/\\\/tiborszallas.hu\\\/kozos-onkormanyzati-hivatal\\\/#breadcrumb\"},\"inLanguage\":\"en-US\",\"potentialAction\":[{\"@type\":\"ReadAction\",\"target\":[\"https:\\\/\\\/tiborszallas.hu\\\/kozos-onkormanyzati-hivatal\\\/\"]}]},{\"@type\":\"ImageObject\",\"inLanguage\":\"en-US\",\"@id\":\"https:\\\/\\\/tiborszallas.hu\\\/kozos-onkormanyzati-hivatal\\\/#primaryimage\",\"url\":\"https:\\\/\\\/tiborszallas.hu\\\/wp-content\\\/uploads\\\/2020\\\/02\\\/Merk-1-289x300.jpg\",\"contentUrl\":\"https:\\\/\\\/tiborszallas.hu\\\/wp-content\\\/uploads\\\/2020\\\/02\\\/Merk-1-289x300.jpg\"},{\"@type\":\"BreadcrumbList\",\"@id\":\"https:\\\/\\\/tiborszallas.hu\\\/kozos-onkormanyzati-hivatal\\\/#breadcrumb\",\"itemListElement\":[{\"@type\":\"ListItem\",\"position\":1,\"name\":\"Kezd\u0151lap\",\"item\":\"https:\\\/\\\/tiborszallas.hu\\\/\"},{\"@type\":\"ListItem\",\"position\":2,\"name\":\"K\u00f6z\u00f6s \u00d6nkorm\u00e1nyzati Hivatal\"}]},{\"@type\":\"WebSite\",\"@id\":\"https:\\\/\\\/tiborszallas.hu\\\/#website\",\"url\":\"https:\\\/\\\/tiborszallas.hu\\\/\",\"name\":\"\u00dcdv\u00f6z\u00f6lj\u00fck Tiborsz\u00e1ll\u00e1s K\u00f6zs\u00e9g honlapj\u00e1n\",\"description\":\"Tiborsz\u00e1ll\u00e1s K\u00f6zs\u00e9g honlapja\",\"publisher\":{\"@id\":\"https:\\\/\\\/tiborszallas.hu\\\/#organization\"},\"potentialAction\":[{\"@type\":\"SearchAction\",\"target\":{\"@type\":\"EntryPoint\",\"urlTemplate\":\"https:\\\/\\\/tiborszallas.hu\\\/?s={search_term_string}\"},\"query-input\":{\"@type\":\"PropertyValueSpecification\",\"valueRequired\":true,\"valueName\":\"search_term_string\"}}],\"inLanguage\":\"en-US\"},{\"@type\":\"Organization\",\"@id\":\"https:\\\/\\\/tiborszallas.hu\\\/#organization\",\"name\":\"Tiborsz\u00e1ll\u00e1s K\u00f6zs\u00e9g\",\"url\":\"https:\\\/\\\/tiborszallas.hu\\\/\",\"logo\":{\"@type\":\"ImageObject\",\"inLanguage\":\"en-US\",\"@id\":\"https:\\\/\\\/tiborszallas.hu\\\/#\\\/schema\\\/logo\\\/image\\\/\",\"url\":\"https:\\\/\\\/tiborszallas.hu\\\/wp-content\\\/uploads\\\/2020\\\/02\\\/cropped-c\u00edmer2.png\",\"contentUrl\":\"https:\\\/\\\/tiborszallas.hu\\\/wp-content\\\/uploads\\\/2020\\\/02\\\/cropped-c\u00edmer2.png\",\"width\":240,\"height\":166,\"caption\":\"Tiborsz\u00e1ll\u00e1s K\u00f6zs\u00e9g\"},\"image\":{\"@id\":\"https:\\\/\\\/tiborszallas.hu\\\/#\\\/schema\\\/logo\\\/image\\\/\"}}]}<\/script>\n<!-- \/ Yoast SEO plugin. -->","yoast_head_json":{"title":"Joint Local Government Office - Welcome to the website of Tiborsz\u00e1ll\u00e1s","robots":{"index":"index","follow":"follow","max-snippet":"max-snippet:-1","max-image-preview":"max-image-preview:large","max-video-preview":"max-video-preview:-1"},"canonical":"https:\/\/tiborszallas.hu\/en\/kozos-onkormanyzati-hivatal\/","og_locale":"en_US","og_type":"article","og_title":"K\u00f6z\u00f6s \u00d6nkorm\u00e1nyzati Hivatal - \u00dcdv\u00f6z\u00f6lj\u00fck Tiborsz\u00e1ll\u00e1s K\u00f6zs\u00e9g honlapj\u00e1n","og_description":"M\u00e9rki K\u00f6z\u00f6s \u00d6nkorm\u00e1nyzati Hivatal 4352. M\u00e9rk Hunyadi utca 45.Tel.: 44\/554-054Email: jegyzo@merk.hu M\u00e9rki K\u00f6z\u00f6s \u00d6nkorm\u00e1nyzati Hivatal Tiborsz\u00e1ll\u00e1si Kirendelts\u00e9g 4353. Tiborsz\u00e1ll\u00e1s D\u00f3zsa \u00fat 17.Tel:44\/554-025Email: jegyzo@tiborszallas.hu M\u00e9rki K\u00f6z\u00f6s \u00d6nkorm\u00e1nyzati Hivatal C\u00edm: 4352 M\u00e9rk, Hunyadi utca 45 Tel: +3644 554-054 Hivatalvezet\u0151: T\u00f3thn\u00e9 Dr. Nagy Anita jegyz\u0151 Email: jegyzo@merk.hu Fel\u00fcgyeleti szerv: Szabolcs-Szatm\u00e1r-Bereg Megyei Korm\u00e1nyhivatal,4400 Ny\u00edregyh\u00e1za, H\u0151s\u00f6k tere 5. A hivatal [&hellip;]","og_url":"https:\/\/tiborszallas.hu\/en\/kozos-onkormanyzati-hivatal\/","og_site_name":"\u00dcdv\u00f6z\u00f6lj\u00fck Tiborsz\u00e1ll\u00e1s K\u00f6zs\u00e9g honlapj\u00e1n","article_modified_time":"2024-11-18T10:58:11+00:00","og_image":[{"width":2000,"height":2079,"url":"https:\/\/tiborszallas.hu\/wp-content\/uploads\/2020\/02\/Merk-1.jpg","type":"image\/jpeg"}],"twitter_card":"summary_large_image","twitter_misc":{"Est. reading time":"1 minute"},"schema":{"@context":"https:\/\/schema.org","@graph":[{"@type":"WebPage","@id":"https:\/\/tiborszallas.hu\/kozos-onkormanyzati-hivatal\/","url":"https:\/\/tiborszallas.hu\/kozos-onkormanyzati-hivatal\/","name":"Joint Local Government Office - Welcome to the website of Tiborsz\u00e1ll\u00e1s","isPartOf":{"@id":"https:\/\/tiborszallas.hu\/#website"},"primaryImageOfPage":{"@id":"https:\/\/tiborszallas.hu\/kozos-onkormanyzati-hivatal\/#primaryimage"},"image":{"@id":"https:\/\/tiborszallas.hu\/kozos-onkormanyzati-hivatal\/#primaryimage"},"thumbnailUrl":"https:\/\/tiborszallas.hu\/wp-content\/uploads\/2020\/02\/Merk-1-289x300.jpg","datePublished":"2020-02-14T12:09:08+00:00","dateModified":"2024-11-18T10:58:11+00:00","breadcrumb":{"@id":"https:\/\/tiborszallas.hu\/kozos-onkormanyzati-hivatal\/#breadcrumb"},"inLanguage":"en-US","potentialAction":[{"@type":"ReadAction","target":["https:\/\/tiborszallas.hu\/kozos-onkormanyzati-hivatal\/"]}]},{"@type":"ImageObject","inLanguage":"en-US","@id":"https:\/\/tiborszallas.hu\/kozos-onkormanyzati-hivatal\/#primaryimage","url":"https:\/\/tiborszallas.hu\/wp-content\/uploads\/2020\/02\/Merk-1-289x300.jpg","contentUrl":"https:\/\/tiborszallas.hu\/wp-content\/uploads\/2020\/02\/Merk-1-289x300.jpg"},{"@type":"BreadcrumbList","@id":"https:\/\/tiborszallas.hu\/kozos-onkormanyzati-hivatal\/#breadcrumb","itemListElement":[{"@type":"ListItem","position":1,"name":"Kezd\u0151lap","item":"https:\/\/tiborszallas.hu\/"},{"@type":"ListItem","position":2,"name":"K\u00f6z\u00f6s \u00d6nkorm\u00e1nyzati Hivatal"}]},{"@type":"WebSite","@id":"https:\/\/tiborszallas.hu\/#website","url":"https:\/\/tiborszallas.hu\/","name":"Welcome to Tiborsz\u00e1ll\u00e1s Municipality website","description":"Tiborsz\u00e1ll\u00e1s Village website","publisher":{"@id":"https:\/\/tiborszallas.hu\/#organization"},"potentialAction":[{"@type":"SearchAction","target":{"@type":"EntryPoint","urlTemplate":"https:\/\/tiborszallas.hu\/?s={search_term_string}"},"query-input":{"@type":"PropertyValueSpecification","valueRequired":true,"valueName":"search_term_string"}}],"inLanguage":"en-US"},{"@type":"Organization","@id":"https:\/\/tiborszallas.hu\/#organization","name":"Tiborsz\u00e1ll\u00e1s Municipality","url":"https:\/\/tiborszallas.hu\/","logo":{"@type":"ImageObject","inLanguage":"en-US","@id":"https:\/\/tiborszallas.hu\/#\/schema\/logo\/image\/","url":"https:\/\/tiborszallas.hu\/wp-content\/uploads\/2020\/02\/cropped-c\u00edmer2.png","contentUrl":"https:\/\/tiborszallas.hu\/wp-content\/uploads\/2020\/02\/cropped-c\u00edmer2.png","width":240,"height":166,"caption":"Tiborsz\u00e1ll\u00e1s K\u00f6zs\u00e9g"},"image":{"@id":"https:\/\/tiborszallas.hu\/#\/schema\/logo\/image\/"}}]}},"_links":{"self":[{"href":"https:\/\/tiborszallas.hu\/en\/wp-json\/wp\/v2\/pages\/67","targetHints":{"allow":["GET"]}}],"collection":[{"href":"https:\/\/tiborszallas.hu\/en\/wp-json\/wp\/v2\/pages"}],"about":[{"href":"https:\/\/tiborszallas.hu\/en\/wp-json\/wp\/v2\/types\/page"}],"author":[{"embeddable":true,"href":"https:\/\/tiborszallas.hu\/en\/wp-json\/wp\/v2\/users\/3"}],"replies":[{"embeddable":true,"href":"https:\/\/tiborszallas.hu\/en\/wp-json\/wp\/v2\/comments?post=67"}],"version-history":[{"count":0,"href":"https:\/\/tiborszallas.hu\/en\/wp-json\/wp\/v2\/pages\/67\/revisions"}],"wp:attachment":[{"href":"https:\/\/tiborszallas.hu\/en\/wp-json\/wp\/v2\/media?parent=67"}],"curies":[{"name":"wp","href":"https:\/\/api.w.org\/{rel}","templated":true}]}}