{"id":2651,"date":"2026-04-28T14:34:27","date_gmt":"2026-04-28T12:34:27","guid":{"rendered":"https:\/\/tiborszallas.hu\/?page_id=2651"},"modified":"2026-04-28T15:11:23","modified_gmt":"2026-04-28T13:11:23","slug":"versenykepes-jarasok-program-i-utem","status":"publish","type":"page","link":"https:\/\/tiborszallas.hu\/en\/versenykepes-jarasok-program-i-utem\/","title":{"rendered":"Versenyk\u00e9pes J\u00e1r\u00e1sok Program I. \u00fctem"},"content":{"rendered":"<div data-elementor-type=\"wp-page\" data-elementor-id=\"2651\" class=\"elementor elementor-2651\" data-elementor-post-type=\"page\">\n\t\t\t\t<div class=\"elementor-element elementor-element-2d3517f e-flex e-con-boxed e-con e-parent\" data-id=\"2d3517f\" data-element_type=\"container\" data-e-type=\"container\">\n\t\t\t\t\t<div class=\"e-con-inner\">\n\t\t\t\t<div class=\"elementor-element elementor-element-9bfd04b elementor-widget elementor-widget-image\" data-id=\"9bfd04b\" data-element_type=\"widget\" data-e-type=\"widget\" data-widget_type=\"image.default\">\n\t\t\t\t<div class=\"elementor-widget-container\">\n\t\t\t\t\t\t\t\t\t\t\t\t\t\t\t<img decoding=\"async\" width=\"150\" height=\"150\" data-src=\"https:\/\/tiborszallas.hu\/wp-content\/uploads\/2026\/04\/VJP-logo-kek-700x536-1-150x150.png\" class=\"attachment-thumbnail size-thumbnail wp-image-2655 lazyload\" alt=\"\" src=\"data:image\/svg+xml;base64,PHN2ZyB3aWR0aD0iMSIgaGVpZ2h0PSIxIiB4bWxucz0iaHR0cDovL3d3dy53My5vcmcvMjAwMC9zdmciPjwvc3ZnPg==\" style=\"--smush-placeholder-width: 150px; --smush-placeholder-aspect-ratio: 150\/150;\" \/>\t\t\t\t\t\t\t\t\t\t\t\t\t\t\t<\/div>\n\t\t\t\t<\/div>\n\t\t\t\t<div class=\"elementor-element elementor-element-a600037 elementor-widget elementor-widget-text-editor\" data-id=\"a600037\" data-element_type=\"widget\" data-e-type=\"widget\" data-widget_type=\"text-editor.default\">\n\t\t\t\t<div class=\"elementor-widget-container\">\n\t\t\t\t\t\t\t\t\t<p>\u00a0<\/p><table width=\"100%\"><tbody><tr><td><p><strong>Sajt\u00f3k\u00f6zlem\u00e9ny<\/strong><\/p><\/td><\/tr><\/tbody><\/table><table width=\"100%\"><tbody><tr><td><p>A VERSENYK\u00c9PES J\u00c1R\u00c1SOK PROGRAM KERET\u00c9BEN ELNYERT T\u00c1MOGAT\u00c1SR\u00d3L<\/p><\/td><\/tr><\/tbody><\/table><table width=\"100%\"><tbody><tr><td><p><strong>Magyarorsz\u00e1g Korm\u00e1ny\u00e1nak Versenyk\u00e9pes J\u00e1r\u00e1sok Programja keret\u00e9ben \u201e<em>A<\/em><\/strong> <strong><em>Telep\u00fcl\u00e9si t\u00e9rfigyel\u0151 kamera-rendszer ki\u00e9p\u00edt\u00e9se, b\u0151v\u00edt\u00e9se<\/em><\/strong><strong>\u201d c\u00edmen <\/strong><strong>Ny\u00edrcsaholy, Ny\u00edrmeggyes, Hod\u00e1sz, J\u00e1rmi, Tiborsz\u00e1ll\u00e1s <\/strong><strong>telep\u00fcl\u00e9sek \u00f6nkorm\u00e1nyzatai k\u00f6z\u00f6sen, konzorciumi form\u00e1ban\/ t\u00e1rsul\u00e1s form\u00e1j\u00e1ban 2025. els\u0151 f\u00e9l\u00e9v\u00e9ben fejleszt\u00e9si ig\u00e9nyt ny\u00fajtottak be a K\u00f6zigazgat\u00e1si \u00e9s Ter\u00fcletfejleszt\u00e9si Miniszt\u00e9riumhoz.<\/strong><\/p><p>\u00a0A konzorcium eg\u00e9sz\u00e9re meg\u00edt\u00e9lt t\u00e1mogat\u00e1s \u00f6sszege brutt\u00f3 35.467.896.- Forint, melyb\u0151l \u00a0Tiborsz\u00e1ll\u00e1s K\u00f6zs\u00e9g \u00d6nkorm\u00e1nyzata 3.610.000.-Ft\u00a0 t\u00e1mogat\u00e1sban r\u00e9szes\u00fclt.<\/p><p>\u201eTelep\u00fcl\u00e9si t\u00e9rfigyel\u0151 kamera-rendszer ki\u00e9p\u00edt\u00e9s, b\u0151v\u00edt\u00e9se\u201d c\u00edm\u0171 projekt Magyarorsz\u00e1g Korm\u00e1ny\u00e1nak a Versenyk\u00e9pes J\u00e1r\u00e1sok Program keret\u00e9ben biztos\u00edtott vissza nem t\u00e9r\u00edtend\u0151 t\u00e1mogat\u00e1s\u00e1val, hazai forr\u00e1sb\u00f3l val\u00f3sul meg.<\/p><p>A program\/fejleszt\u00e9s r\u00f6vid tartalma: pl: A t\u00e9rs\u00e9g t\u00e9rfigyel\u0151 kamerarendszer\u00e9nek ki\u00e9p\u00edt\u00e9se biztons\u00e1gosabb \u00e9s komfortosabb k\u00f6rnyezetet teremt az \u00e9rintett telep\u00fcl\u00e9seken \u00e9l\u0151k sz\u00e1m\u00e1ra. A beruh\u00e1z\u00e1s nagym\u00e9rt\u00e9kben seg\u00edti a helyi k\u00f6zbiztons\u00e1g \u00e9s a k\u00f6zrend fenntart\u00e1s\u00e1t, a lakosok \u00e9s a term\u00e9szeti, illetve \u00e9p\u00edtett \u00e9rt\u00e9kek v\u00e9delm\u00e9t.<\/p><p>A beruh\u00e1z\u00e1s kezdete: 2025.09.01.<\/p><p>A beruh\u00e1z\u00e1s v\u00e1rhat\u00f3 befejez\u00e9se: 2026.12.31.<\/p><p>A Versenyk\u00e9pes J\u00e1r\u00e1sok Program kiemelt c\u00e9lja, hogy a j\u00e1r\u00e1sok szempontj\u00e1b\u00f3l jelent\u0151s, t\u00f6bb telep\u00fcl\u00e9s helyzet\u00e9t jav\u00edt\u00f3, illetve az adott j\u00e1r\u00e1s lakoss\u00e1g\u00e1nak min\u00e9l nagyobb h\u00e1nyad\u00e1t \u00e9rint\u0151 fejleszt\u00e9sek t\u00e1mogat\u00e1s\u00e1val \u00f6szt\u00f6n\u00f6zze a t\u00e9rs\u00e9gi \u00e9s telep\u00fcl\u00e9si egy\u00fcttm\u0171k\u00f6d\u00e9seket, megteremtse a p\u00e1rbesz\u00e9det a j\u00e1r\u00e1sok telep\u00fcl\u00e9sei k\u00f6z\u00f6tt annak \u00e9rdek\u00e9ben, hogy k\u00f6z\u00f6s c\u00e9ljaikat min\u00e9l hat\u00e9konyabban val\u00f3s\u00edts\u00e1k meg.<\/p><p>\u00a0Tiborsz\u00e1ll\u00e1s, 2026. 04.20.<\/p><\/td><\/tr><\/tbody><\/table>\t\t\t\t\t\t\t\t<\/div>\n\t\t\t\t<\/div>\n\t\t\t\t<div class=\"elementor-element elementor-element-9d2d7ba elementor-widget elementor-widget-image\" data-id=\"9d2d7ba\" data-element_type=\"widget\" data-e-type=\"widget\" data-widget_type=\"image.default\">\n\t\t\t\t<div class=\"elementor-widget-container\">\n\t\t\t\t\t\t\t\t\t\t\t\t\t\t\t<img decoding=\"async\" width=\"150\" height=\"150\" data-src=\"https:\/\/tiborszallas.hu\/wp-content\/uploads\/2020\/02\/cropped-c\u00edmer2-1-150x150.png\" class=\"attachment-thumbnail size-thumbnail wp-image-37 lazyload\" alt=\"\" data-srcset=\"https:\/\/tiborszallas.hu\/wp-content\/uploads\/2020\/02\/cropped-c\u00edmer2-1-150x150.png 150w, https:\/\/tiborszallas.hu\/wp-content\/uploads\/2020\/02\/cropped-c\u00edmer2-1-300x300.png 300w, https:\/\/tiborszallas.hu\/wp-content\/uploads\/2020\/02\/cropped-c\u00edmer2-1-1x1.png 1w, https:\/\/tiborszallas.hu\/wp-content\/uploads\/2020\/02\/cropped-c\u00edmer2-1-270x270.png 270w, https:\/\/tiborszallas.hu\/wp-content\/uploads\/2020\/02\/cropped-c\u00edmer2-1-192x192.png 192w, https:\/\/tiborszallas.hu\/wp-content\/uploads\/2020\/02\/cropped-c\u00edmer2-1-180x180.png 180w, https:\/\/tiborszallas.hu\/wp-content\/uploads\/2020\/02\/cropped-c\u00edmer2-1-32x32.png 32w, https:\/\/tiborszallas.hu\/wp-content\/uploads\/2020\/02\/cropped-c\u00edmer2-1.png 512w\" data-sizes=\"(max-width: 150px) 100vw, 150px\" src=\"data:image\/svg+xml;base64,PHN2ZyB3aWR0aD0iMSIgaGVpZ2h0PSIxIiB4bWxucz0iaHR0cDovL3d3dy53My5vcmcvMjAwMC9zdmciPjwvc3ZnPg==\" style=\"--smush-placeholder-width: 150px; --smush-placeholder-aspect-ratio: 150\/150;\" \/>\t\t\t\t\t\t\t\t\t\t\t\t\t\t\t<\/div>\n\t\t\t\t<\/div>\n\t\t\t\t\t<\/div>\n\t\t\t\t<\/div>\n\t\t\t\t<\/div>","protected":false},"excerpt":{"rendered":"<p>\u00a0 Sajt\u00f3k\u00f6zlem\u00e9ny A VERSENYK\u00c9PES J\u00c1R\u00c1SOK PROGRAM KERET\u00c9BEN ELNYERT T\u00c1MOGAT\u00c1SR\u00d3L Magyarorsz\u00e1g Korm\u00e1ny\u00e1nak Versenyk\u00e9pes J\u00e1r\u00e1sok Programja keret\u00e9ben \u201eA Telep\u00fcl\u00e9si t\u00e9rfigyel\u0151 kamera-rendszer ki\u00e9p\u00edt\u00e9se, b\u0151v\u00edt\u00e9se\u201d c\u00edmen Ny\u00edrcsaholy, Ny\u00edrmeggyes, Hod\u00e1sz, J\u00e1rmi, Tiborsz\u00e1ll\u00e1s telep\u00fcl\u00e9sek \u00f6nkorm\u00e1nyzatai k\u00f6z\u00f6sen, konzorciumi form\u00e1ban\/ t\u00e1rsul\u00e1s form\u00e1j\u00e1ban 2025. els\u0151 f\u00e9l\u00e9v\u00e9ben fejleszt\u00e9si ig\u00e9nyt ny\u00fajtottak be a K\u00f6zigazgat\u00e1si \u00e9s Ter\u00fcletfejleszt\u00e9si Miniszt\u00e9riumhoz. \u00a0A konzorcium eg\u00e9sz\u00e9re meg\u00edt\u00e9lt t\u00e1mogat\u00e1s \u00f6sszege brutt\u00f3 35.467.896.- Forint, [&hellip;]<\/p>\n","protected":false},"author":3,"featured_media":0,"parent":0,"menu_order":0,"comment_status":"closed","ping_status":"closed","template":"","meta":{"footnotes":""},"class_list":["post-2651","page","type-page","status-publish","hentry"],"yoast_head":"<!-- This site is optimized with the Yoast SEO plugin v27.5 - https:\/\/yoast.com\/product\/yoast-seo-wordpress\/ -->\n<title>Versenyk\u00e9pes J\u00e1r\u00e1sok Program I. \u00fctem - \u00dcdv\u00f6z\u00f6lj\u00fck Tiborsz\u00e1ll\u00e1s K\u00f6zs\u00e9g honlapj\u00e1n<\/title>\n<meta name=\"robots\" content=\"index, follow, max-snippet:-1, max-image-preview:large, max-video-preview:-1\" \/>\n<link rel=\"canonical\" href=\"https:\/\/tiborszallas.hu\/en\/versenykepes-jarasok-program-i-utem\/\" \/>\n<meta property=\"og:locale\" content=\"en_US\" \/>\n<meta property=\"og:type\" content=\"article\" \/>\n<meta property=\"og:title\" content=\"Versenyk\u00e9pes J\u00e1r\u00e1sok Program I. \u00fctem - \u00dcdv\u00f6z\u00f6lj\u00fck Tiborsz\u00e1ll\u00e1s K\u00f6zs\u00e9g honlapj\u00e1n\" \/>\n<meta property=\"og:description\" content=\"\u00a0 Sajt\u00f3k\u00f6zlem\u00e9ny A VERSENYK\u00c9PES J\u00c1R\u00c1SOK PROGRAM KERET\u00c9BEN ELNYERT T\u00c1MOGAT\u00c1SR\u00d3L Magyarorsz\u00e1g Korm\u00e1ny\u00e1nak Versenyk\u00e9pes J\u00e1r\u00e1sok Programja keret\u00e9ben \u201eA Telep\u00fcl\u00e9si t\u00e9rfigyel\u0151 kamera-rendszer ki\u00e9p\u00edt\u00e9se, b\u0151v\u00edt\u00e9se\u201d c\u00edmen Ny\u00edrcsaholy, Ny\u00edrmeggyes, Hod\u00e1sz, J\u00e1rmi, Tiborsz\u00e1ll\u00e1s telep\u00fcl\u00e9sek \u00f6nkorm\u00e1nyzatai k\u00f6z\u00f6sen, konzorciumi form\u00e1ban\/ t\u00e1rsul\u00e1s form\u00e1j\u00e1ban 2025. els\u0151 f\u00e9l\u00e9v\u00e9ben fejleszt\u00e9si ig\u00e9nyt ny\u00fajtottak be a K\u00f6zigazgat\u00e1si \u00e9s Ter\u00fcletfejleszt\u00e9si Miniszt\u00e9riumhoz. \u00a0A konzorcium eg\u00e9sz\u00e9re meg\u00edt\u00e9lt t\u00e1mogat\u00e1s \u00f6sszege brutt\u00f3 35.467.896.- Forint, [&hellip;]\" \/>\n<meta property=\"og:url\" content=\"https:\/\/tiborszallas.hu\/en\/versenykepes-jarasok-program-i-utem\/\" \/>\n<meta property=\"og:site_name\" content=\"\u00dcdv\u00f6z\u00f6lj\u00fck Tiborsz\u00e1ll\u00e1s K\u00f6zs\u00e9g honlapj\u00e1n\" \/>\n<meta property=\"article:modified_time\" content=\"2026-04-28T13:11:23+00:00\" \/>\n<meta property=\"og:image\" content=\"https:\/\/tiborszallas.hu\/wp-content\/uploads\/2026\/04\/VJP-logo-kek-700x536-1.png\" \/>\n\t<meta property=\"og:image:width\" content=\"700\" \/>\n\t<meta property=\"og:image:height\" content=\"536\" \/>\n\t<meta property=\"og:image:type\" content=\"image\/png\" \/>\n<meta name=\"twitter:card\" content=\"summary_large_image\" \/>\n<meta name=\"twitter:label1\" content=\"Est. reading time\" \/>\n\t<meta name=\"twitter:data1\" content=\"2 minutes\" \/>\n<script type=\"application\/ld+json\" class=\"yoast-schema-graph\">{\"@context\":\"https:\\\/\\\/schema.org\",\"@graph\":[{\"@type\":\"WebPage\",\"@id\":\"https:\\\/\\\/tiborszallas.hu\\\/versenykepes-jarasok-program-i-utem\\\/\",\"url\":\"https:\\\/\\\/tiborszallas.hu\\\/versenykepes-jarasok-program-i-utem\\\/\",\"name\":\"Versenyk\u00e9pes J\u00e1r\u00e1sok Program I. \u00fctem - \u00dcdv\u00f6z\u00f6lj\u00fck Tiborsz\u00e1ll\u00e1s K\u00f6zs\u00e9g honlapj\u00e1n\",\"isPartOf\":{\"@id\":\"https:\\\/\\\/tiborszallas.hu\\\/#website\"},\"primaryImageOfPage\":{\"@id\":\"https:\\\/\\\/tiborszallas.hu\\\/versenykepes-jarasok-program-i-utem\\\/#primaryimage\"},\"image\":{\"@id\":\"https:\\\/\\\/tiborszallas.hu\\\/versenykepes-jarasok-program-i-utem\\\/#primaryimage\"},\"thumbnailUrl\":\"https:\\\/\\\/tiborszallas.hu\\\/wp-content\\\/uploads\\\/2026\\\/04\\\/VJP-logo-kek-700x536-1-150x150.png\",\"datePublished\":\"2026-04-28T12:34:27+00:00\",\"dateModified\":\"2026-04-28T13:11:23+00:00\",\"breadcrumb\":{\"@id\":\"https:\\\/\\\/tiborszallas.hu\\\/versenykepes-jarasok-program-i-utem\\\/#breadcrumb\"},\"inLanguage\":\"en-US\",\"potentialAction\":[{\"@type\":\"ReadAction\",\"target\":[\"https:\\\/\\\/tiborszallas.hu\\\/versenykepes-jarasok-program-i-utem\\\/\"]}]},{\"@type\":\"ImageObject\",\"inLanguage\":\"en-US\",\"@id\":\"https:\\\/\\\/tiborszallas.hu\\\/versenykepes-jarasok-program-i-utem\\\/#primaryimage\",\"url\":\"https:\\\/\\\/tiborszallas.hu\\\/wp-content\\\/uploads\\\/2026\\\/04\\\/VJP-logo-kek-700x536-1-150x150.png\",\"contentUrl\":\"https:\\\/\\\/tiborszallas.hu\\\/wp-content\\\/uploads\\\/2026\\\/04\\\/VJP-logo-kek-700x536-1-150x150.png\"},{\"@type\":\"BreadcrumbList\",\"@id\":\"https:\\\/\\\/tiborszallas.hu\\\/versenykepes-jarasok-program-i-utem\\\/#breadcrumb\",\"itemListElement\":[{\"@type\":\"ListItem\",\"position\":1,\"name\":\"Kezd\u0151lap\",\"item\":\"https:\\\/\\\/tiborszallas.hu\\\/\"},{\"@type\":\"ListItem\",\"position\":2,\"name\":\"Versenyk\u00e9pes J\u00e1r\u00e1sok Program I. \u00fctem\"}]},{\"@type\":\"WebSite\",\"@id\":\"https:\\\/\\\/tiborszallas.hu\\\/#website\",\"url\":\"https:\\\/\\\/tiborszallas.hu\\\/\",\"name\":\"\u00dcdv\u00f6z\u00f6lj\u00fck Tiborsz\u00e1ll\u00e1s K\u00f6zs\u00e9g honlapj\u00e1n\",\"description\":\"Tiborsz\u00e1ll\u00e1s K\u00f6zs\u00e9g honlapja\",\"publisher\":{\"@id\":\"https:\\\/\\\/tiborszallas.hu\\\/#organization\"},\"potentialAction\":[{\"@type\":\"SearchAction\",\"target\":{\"@type\":\"EntryPoint\",\"urlTemplate\":\"https:\\\/\\\/tiborszallas.hu\\\/?s={search_term_string}\"},\"query-input\":{\"@type\":\"PropertyValueSpecification\",\"valueRequired\":true,\"valueName\":\"search_term_string\"}}],\"inLanguage\":\"en-US\"},{\"@type\":\"Organization\",\"@id\":\"https:\\\/\\\/tiborszallas.hu\\\/#organization\",\"name\":\"Tiborsz\u00e1ll\u00e1s K\u00f6zs\u00e9g\",\"url\":\"https:\\\/\\\/tiborszallas.hu\\\/\",\"logo\":{\"@type\":\"ImageObject\",\"inLanguage\":\"en-US\",\"@id\":\"https:\\\/\\\/tiborszallas.hu\\\/#\\\/schema\\\/logo\\\/image\\\/\",\"url\":\"https:\\\/\\\/tiborszallas.hu\\\/wp-content\\\/uploads\\\/2020\\\/02\\\/cropped-c\u00edmer2.png\",\"contentUrl\":\"https:\\\/\\\/tiborszallas.hu\\\/wp-content\\\/uploads\\\/2020\\\/02\\\/cropped-c\u00edmer2.png\",\"width\":240,\"height\":166,\"caption\":\"Tiborsz\u00e1ll\u00e1s K\u00f6zs\u00e9g\"},\"image\":{\"@id\":\"https:\\\/\\\/tiborszallas.hu\\\/#\\\/schema\\\/logo\\\/image\\\/\"}}]}<\/script>\n<!-- \/ Yoast SEO plugin. -->","yoast_head_json":{"title":"Versenyk\u00e9pes J\u00e1r\u00e1sok Program I. \u00fctem - \u00dcdv\u00f6z\u00f6lj\u00fck Tiborsz\u00e1ll\u00e1s K\u00f6zs\u00e9g honlapj\u00e1n","robots":{"index":"index","follow":"follow","max-snippet":"max-snippet:-1","max-image-preview":"max-image-preview:large","max-video-preview":"max-video-preview:-1"},"canonical":"https:\/\/tiborszallas.hu\/en\/versenykepes-jarasok-program-i-utem\/","og_locale":"en_US","og_type":"article","og_title":"Versenyk\u00e9pes J\u00e1r\u00e1sok Program I. \u00fctem - \u00dcdv\u00f6z\u00f6lj\u00fck Tiborsz\u00e1ll\u00e1s K\u00f6zs\u00e9g honlapj\u00e1n","og_description":"\u00a0 Sajt\u00f3k\u00f6zlem\u00e9ny A VERSENYK\u00c9PES J\u00c1R\u00c1SOK PROGRAM KERET\u00c9BEN ELNYERT T\u00c1MOGAT\u00c1SR\u00d3L Magyarorsz\u00e1g Korm\u00e1ny\u00e1nak Versenyk\u00e9pes J\u00e1r\u00e1sok Programja keret\u00e9ben \u201eA Telep\u00fcl\u00e9si t\u00e9rfigyel\u0151 kamera-rendszer ki\u00e9p\u00edt\u00e9se, b\u0151v\u00edt\u00e9se\u201d c\u00edmen Ny\u00edrcsaholy, Ny\u00edrmeggyes, Hod\u00e1sz, J\u00e1rmi, Tiborsz\u00e1ll\u00e1s telep\u00fcl\u00e9sek \u00f6nkorm\u00e1nyzatai k\u00f6z\u00f6sen, konzorciumi form\u00e1ban\/ t\u00e1rsul\u00e1s form\u00e1j\u00e1ban 2025. els\u0151 f\u00e9l\u00e9v\u00e9ben fejleszt\u00e9si ig\u00e9nyt ny\u00fajtottak be a K\u00f6zigazgat\u00e1si \u00e9s Ter\u00fcletfejleszt\u00e9si Miniszt\u00e9riumhoz. \u00a0A konzorcium eg\u00e9sz\u00e9re meg\u00edt\u00e9lt t\u00e1mogat\u00e1s \u00f6sszege brutt\u00f3 35.467.896.- Forint, [&hellip;]","og_url":"https:\/\/tiborszallas.hu\/en\/versenykepes-jarasok-program-i-utem\/","og_site_name":"\u00dcdv\u00f6z\u00f6lj\u00fck Tiborsz\u00e1ll\u00e1s K\u00f6zs\u00e9g honlapj\u00e1n","article_modified_time":"2026-04-28T13:11:23+00:00","og_image":[{"width":700,"height":536,"url":"https:\/\/tiborszallas.hu\/wp-content\/uploads\/2026\/04\/VJP-logo-kek-700x536-1.png","type":"image\/png"}],"twitter_card":"summary_large_image","twitter_misc":{"Est. reading time":"2 minutes"},"schema":{"@context":"https:\/\/schema.org","@graph":[{"@type":"WebPage","@id":"https:\/\/tiborszallas.hu\/versenykepes-jarasok-program-i-utem\/","url":"https:\/\/tiborszallas.hu\/versenykepes-jarasok-program-i-utem\/","name":"Versenyk\u00e9pes J\u00e1r\u00e1sok Program I. \u00fctem - \u00dcdv\u00f6z\u00f6lj\u00fck Tiborsz\u00e1ll\u00e1s K\u00f6zs\u00e9g honlapj\u00e1n","isPartOf":{"@id":"https:\/\/tiborszallas.hu\/#website"},"primaryImageOfPage":{"@id":"https:\/\/tiborszallas.hu\/versenykepes-jarasok-program-i-utem\/#primaryimage"},"image":{"@id":"https:\/\/tiborszallas.hu\/versenykepes-jarasok-program-i-utem\/#primaryimage"},"thumbnailUrl":"https:\/\/tiborszallas.hu\/wp-content\/uploads\/2026\/04\/VJP-logo-kek-700x536-1-150x150.png","datePublished":"2026-04-28T12:34:27+00:00","dateModified":"2026-04-28T13:11:23+00:00","breadcrumb":{"@id":"https:\/\/tiborszallas.hu\/versenykepes-jarasok-program-i-utem\/#breadcrumb"},"inLanguage":"en-US","potentialAction":[{"@type":"ReadAction","target":["https:\/\/tiborszallas.hu\/versenykepes-jarasok-program-i-utem\/"]}]},{"@type":"ImageObject","inLanguage":"en-US","@id":"https:\/\/tiborszallas.hu\/versenykepes-jarasok-program-i-utem\/#primaryimage","url":"https:\/\/tiborszallas.hu\/wp-content\/uploads\/2026\/04\/VJP-logo-kek-700x536-1-150x150.png","contentUrl":"https:\/\/tiborszallas.hu\/wp-content\/uploads\/2026\/04\/VJP-logo-kek-700x536-1-150x150.png"},{"@type":"BreadcrumbList","@id":"https:\/\/tiborszallas.hu\/versenykepes-jarasok-program-i-utem\/#breadcrumb","itemListElement":[{"@type":"ListItem","position":1,"name":"Kezd\u0151lap","item":"https:\/\/tiborszallas.hu\/"},{"@type":"ListItem","position":2,"name":"Versenyk\u00e9pes J\u00e1r\u00e1sok Program I. \u00fctem"}]},{"@type":"WebSite","@id":"https:\/\/tiborszallas.hu\/#website","url":"https:\/\/tiborszallas.hu\/","name":"Welcome to Tiborsz\u00e1ll\u00e1s Municipality website","description":"Tiborsz\u00e1ll\u00e1s Village website","publisher":{"@id":"https:\/\/tiborszallas.hu\/#organization"},"potentialAction":[{"@type":"SearchAction","target":{"@type":"EntryPoint","urlTemplate":"https:\/\/tiborszallas.hu\/?s={search_term_string}"},"query-input":{"@type":"PropertyValueSpecification","valueRequired":true,"valueName":"search_term_string"}}],"inLanguage":"en-US"},{"@type":"Organization","@id":"https:\/\/tiborszallas.hu\/#organization","name":"Tiborsz\u00e1ll\u00e1s Municipality","url":"https:\/\/tiborszallas.hu\/","logo":{"@type":"ImageObject","inLanguage":"en-US","@id":"https:\/\/tiborszallas.hu\/#\/schema\/logo\/image\/","url":"https:\/\/tiborszallas.hu\/wp-content\/uploads\/2020\/02\/cropped-c\u00edmer2.png","contentUrl":"https:\/\/tiborszallas.hu\/wp-content\/uploads\/2020\/02\/cropped-c\u00edmer2.png","width":240,"height":166,"caption":"Tiborsz\u00e1ll\u00e1s K\u00f6zs\u00e9g"},"image":{"@id":"https:\/\/tiborszallas.hu\/#\/schema\/logo\/image\/"}}]}},"_links":{"self":[{"href":"https:\/\/tiborszallas.hu\/en\/wp-json\/wp\/v2\/pages\/2651","targetHints":{"allow":["GET"]}}],"collection":[{"href":"https:\/\/tiborszallas.hu\/en\/wp-json\/wp\/v2\/pages"}],"about":[{"href":"https:\/\/tiborszallas.hu\/en\/wp-json\/wp\/v2\/types\/page"}],"author":[{"embeddable":true,"href":"https:\/\/tiborszallas.hu\/en\/wp-json\/wp\/v2\/users\/3"}],"replies":[{"embeddable":true,"href":"https:\/\/tiborszallas.hu\/en\/wp-json\/wp\/v2\/comments?post=2651"}],"version-history":[{"count":4,"href":"https:\/\/tiborszallas.hu\/en\/wp-json\/wp\/v2\/pages\/2651\/revisions"}],"predecessor-version":[{"id":2658,"href":"https:\/\/tiborszallas.hu\/en\/wp-json\/wp\/v2\/pages\/2651\/revisions\/2658"}],"wp:attachment":[{"href":"https:\/\/tiborszallas.hu\/en\/wp-json\/wp\/v2\/media?parent=2651"}],"curies":[{"name":"wp","href":"https:\/\/api.w.org\/{rel}","templated":true}]}}