{"id":1629,"date":"2024-11-18T08:11:05","date_gmt":"2024-11-18T07:11:05","guid":{"rendered":"https:\/\/tiborszallas.hu\/?page_id=1629"},"modified":"2024-11-18T08:13:06","modified_gmt":"2024-11-18T07:13:06","slug":"energetikai-fejlesztes-tiborszallason","status":"publish","type":"page","link":"https:\/\/tiborszallas.hu\/en\/energetikai-fejlesztes-tiborszallason\/","title":{"rendered":"Energy development in Tiborsz\u00e1ll\u00e1s"},"content":{"rendered":"<div data-elementor-type=\"wp-page\" data-elementor-id=\"1629\" class=\"elementor elementor-1629\" data-elementor-post-type=\"page\">\n\t\t\t\t<div class=\"elementor-element elementor-element-0f20f8f e-flex e-con-boxed e-con e-parent\" data-id=\"0f20f8f\" data-element_type=\"container\" data-e-type=\"container\">\n\t\t\t\t\t<div class=\"e-con-inner\">\n\t\t\t\t<div class=\"elementor-element elementor-element-65180cb elementor-widget elementor-widget-heading\" data-id=\"65180cb\" data-element_type=\"widget\" data-e-type=\"widget\" data-widget_type=\"heading.default\">\n\t\t\t\t<div class=\"elementor-widget-container\">\n\t\t\t\t\t<h4 class=\"elementor-heading-title elementor-size-default\">\"ENERGY DEVELOPMENT IN TIBORSZ\u00c1LL\u00c1S\"<\/h4>\t\t\t\t<\/div>\n\t\t\t\t<\/div>\n\t\t\t\t<div class=\"elementor-element elementor-element-d1cf571 elementor-widget-divider--view-line elementor-widget elementor-widget-divider\" data-id=\"d1cf571\" data-element_type=\"widget\" data-e-type=\"widget\" data-widget_type=\"divider.default\">\n\t\t\t\t<div class=\"elementor-widget-container\">\n\t\t\t\t\t\t\t<div class=\"elementor-divider\">\n\t\t\t<span class=\"elementor-divider-separator\">\n\t\t\t\t\t\t<\/span>\n\t\t<\/div>\n\t\t\t\t\t\t<\/div>\n\t\t\t\t<\/div>\n\t\t\t\t\t<\/div>\n\t\t\t\t<\/div>\n\t\t<div class=\"elementor-element elementor-element-5a68b3b e-flex e-con-boxed e-con e-parent\" data-id=\"5a68b3b\" data-element_type=\"container\" data-e-type=\"container\">\n\t\t\t\t\t<div class=\"e-con-inner\">\n\t\t<div class=\"elementor-element elementor-element-c0909ec e-con-full e-flex e-con e-child\" data-id=\"c0909ec\" data-element_type=\"container\" data-e-type=\"container\">\n\t\t\t\t<div class=\"elementor-element elementor-element-9eac17c elementor-widget elementor-widget-text-editor\" data-id=\"9eac17c\" data-element_type=\"widget\" data-e-type=\"widget\" data-widget_type=\"text-editor.default\">\n\t\t\t\t<div class=\"elementor-widget-container\">\n\t\t\t\t\t\t\t\t\t<p>TOP-3.2.1-15-SB1-2016-00076<br \/>BRIEF PRESENTATION OF THE PROJECT<br \/>NAME OF BENEFICIARY: MUNICIPALITY OF TIBORSZ\u00c1LL\u00c1S<br \/>AMOUNT OF AID: 59.285.384 FT<br \/>AID INTENSITY: 100 %<br \/>PROJECT COMPLETION DATE: 31.12.2018.<br \/>A BRIEF DESCRIPTION OF THE PROJECT CONTENT<br \/>The aim of the project is to promote more efficient energy use and rational energy management in municipal institution(s), including:<br \/>- 100% in renovation and improvement of municipally-owned building(s) for energy efficiency and reduction of greenhouse gas (GHG) emissions from fossil fuels<br \/>- greater use of renewable energy sources<br \/>The professional-technical content of the project:<br \/>a) Improving the energy efficiency of municipally-owned buildings by modernising their external envelopes - Improving the thermal performance of buildings - External insulation and replacement of windows and doors in 2 buildings<br \/>(d) Construction of a small power plant of maximum household size (SMPS) photovoltaic system to meet its own electricity demand: - supply and installation of solar panels and their supporting elements; reinforcement of the roof structure's load-bearing elements concerned, based on a structural analysis; elements necessary for connection to the local electricity system and to the grid (e.g. purchase of grid upgrades and their installation costs, which are essential for internal connection; devices for measuring and recording the electricity generated - installation of a 4.5 kW solar panel system on the two buildings.<br \/>Optional activities not eligible on their own<br \/>h) Modernisation, replacement of fossil fuel based heat generating equipment and\/or upgrading of the associated heating and DHW systems - Heating modernisation of the two buildings.<br \/>Compulsory activities not eligible for funding on their own<br \/>a) Accessibility<br \/>b) Asbestos removal<br \/>c) Providing publicity<br \/>d) Training<br \/>Project results: the municipality has 2 CC certified buildings after the renovation.<\/p>\t\t\t\t\t\t\t\t<\/div>\n\t\t\t\t<\/div>\n\t\t\t\t<\/div>\n\t\t<div class=\"elementor-element elementor-element-84bddb7 e-con-full e-flex e-con e-child\" data-id=\"84bddb7\" data-element_type=\"container\" data-e-type=\"container\">\n\t\t<div class=\"elementor-element elementor-element-5ec461c e-con-full e-flex e-con e-child\" data-id=\"5ec461c\" data-element_type=\"container\" data-e-type=\"container\">\n\t\t\t\t<div class=\"elementor-element elementor-element-50b1239 elementor-widget elementor-widget-image\" data-id=\"50b1239\" data-element_type=\"widget\" data-e-type=\"widget\" data-widget_type=\"image.default\">\n\t\t\t\t<div class=\"elementor-widget-container\">\n\t\t\t\t\t\t\t\t\t\t\t\t\t\t\t<img decoding=\"async\" width=\"222\" height=\"145\" data-src=\"https:\/\/tiborszallas.hu\/wp-content\/uploads\/2024\/11\/Kep2.jpg\" class=\"attachment-large size-large wp-image-1625 lazyload\" alt=\"EU p\u00e1ly\u00e1zat log\u00f3\" src=\"data:image\/svg+xml;base64,PHN2ZyB3aWR0aD0iMSIgaGVpZ2h0PSIxIiB4bWxucz0iaHR0cDovL3d3dy53My5vcmcvMjAwMC9zdmciPjwvc3ZnPg==\" style=\"--smush-placeholder-width: 222px; --smush-placeholder-aspect-ratio: 222\/145;\" \/>\t\t\t\t\t\t\t\t\t\t\t\t\t\t\t<\/div>\n\t\t\t\t<\/div>\n\t\t\t\t<\/div>\n\t\t\t\t<\/div>\n\t\t\t\t\t<\/div>\n\t\t\t\t<\/div>\n\t\t\t\t<\/div>","protected":false},"excerpt":{"rendered":"<p>\u201eENERGETIKAI FEJLESZT\u00c9S TIBORSZ\u00c1LL\u00c1SON\u201d TOP-3.2.1-15-SB1-2016-00076PROJEKT R\u00d6VID BEMUTAT\u00c1SAKEDVEZM\u00c9NYEZETT NEVE: TIBORSZ\u00c1LL\u00c1S K\u00d6ZS\u00c9G \u00d6NKORM\u00c1NYZATAT\u00c1MOGAT\u00c1S \u00d6SSZEGE: 59.285.384 FTT\u00c1MOGAT\u00c1S M\u00c9RT\u00c9KE: 100 %A PROJEKT TERVEZETT BEFEJEZ\u00c9SI D\u00c1TUMA: 2018.12.31.PROJEKT TARTALM\u00c1NAK R\u00d6VID BEMUTAT\u00c1SAA projekt c\u00e9lja az \u00f6nkorm\u00e1nyzati int\u00e9zm\u00e9ny(ek) hat\u00e9konyabb energiahaszn\u00e1lat\u00e1nak, racion\u00e1lisabb energiagazd\u00e1lkod\u00e1s\u00e1nak el\u0151seg\u00edt\u00e9se, ezen bel\u00fcl:&#8211; 100%-ban \u00f6nkorm\u00e1nyzati tulajdon\u00fa \u00e9p\u00fclet(ek) energiahat\u00e9konys\u00e1got c\u00e9lz\u00f3 fel\u00faj\u00edt\u00e1sa \u00e9s fejleszt\u00e9se, a fosszilis energiahordoz\u00f3kb\u00f3l sz\u00e1rmaz\u00f3 \u00fcvegh\u00e1zhat\u00e1s\u00fa g\u00e1zok (\u00dcHG) kibocs\u00e1t\u00e1s\u00e1nak cs\u00f6kkent\u00e9se&#8211; a [&hellip;]<\/p>\n","protected":false},"author":3,"featured_media":0,"parent":0,"menu_order":0,"comment_status":"closed","ping_status":"closed","template":"","meta":{"footnotes":""},"class_list":["post-1629","page","type-page","status-publish","hentry"],"yoast_head":"<!-- This site is optimized with the Yoast SEO plugin v27.4 - https:\/\/yoast.com\/product\/yoast-seo-wordpress\/ -->\n<title>Energetikai fejleszt\u00e9s Tiborsz\u00e1ll\u00e1son - \u00dcdv\u00f6z\u00f6lj\u00fck Tiborsz\u00e1ll\u00e1s K\u00f6zs\u00e9g honlapj\u00e1n<\/title>\n<meta name=\"robots\" content=\"index, follow, max-snippet:-1, max-image-preview:large, max-video-preview:-1\" \/>\n<link rel=\"canonical\" href=\"https:\/\/tiborszallas.hu\/en\/energetikai-fejlesztes-tiborszallason\/\" \/>\n<meta property=\"og:locale\" content=\"en_US\" \/>\n<meta property=\"og:type\" content=\"article\" \/>\n<meta property=\"og:title\" content=\"Energetikai fejleszt\u00e9s Tiborsz\u00e1ll\u00e1son - \u00dcdv\u00f6z\u00f6lj\u00fck Tiborsz\u00e1ll\u00e1s K\u00f6zs\u00e9g honlapj\u00e1n\" \/>\n<meta property=\"og:description\" content=\"\u201eENERGETIKAI FEJLESZT\u00c9S TIBORSZ\u00c1LL\u00c1SON\u201d TOP-3.2.1-15-SB1-2016-00076PROJEKT R\u00d6VID BEMUTAT\u00c1SAKEDVEZM\u00c9NYEZETT NEVE: TIBORSZ\u00c1LL\u00c1S K\u00d6ZS\u00c9G \u00d6NKORM\u00c1NYZATAT\u00c1MOGAT\u00c1S \u00d6SSZEGE: 59.285.384 FTT\u00c1MOGAT\u00c1S M\u00c9RT\u00c9KE: 100 %A PROJEKT TERVEZETT BEFEJEZ\u00c9SI D\u00c1TUMA: 2018.12.31.PROJEKT TARTALM\u00c1NAK R\u00d6VID BEMUTAT\u00c1SAA projekt c\u00e9lja az \u00f6nkorm\u00e1nyzati int\u00e9zm\u00e9ny(ek) hat\u00e9konyabb energiahaszn\u00e1lat\u00e1nak, racion\u00e1lisabb energiagazd\u00e1lkod\u00e1s\u00e1nak el\u0151seg\u00edt\u00e9se, ezen bel\u00fcl:&#8211; 100%-ban \u00f6nkorm\u00e1nyzati tulajdon\u00fa \u00e9p\u00fclet(ek) energiahat\u00e9konys\u00e1got c\u00e9lz\u00f3 fel\u00faj\u00edt\u00e1sa \u00e9s fejleszt\u00e9se, a fosszilis energiahordoz\u00f3kb\u00f3l sz\u00e1rmaz\u00f3 \u00fcvegh\u00e1zhat\u00e1s\u00fa g\u00e1zok (\u00dcHG) kibocs\u00e1t\u00e1s\u00e1nak cs\u00f6kkent\u00e9se&#8211; a [&hellip;]\" \/>\n<meta property=\"og:url\" content=\"https:\/\/tiborszallas.hu\/en\/energetikai-fejlesztes-tiborszallason\/\" \/>\n<meta property=\"og:site_name\" content=\"\u00dcdv\u00f6z\u00f6lj\u00fck Tiborsz\u00e1ll\u00e1s K\u00f6zs\u00e9g honlapj\u00e1n\" \/>\n<meta property=\"article:modified_time\" content=\"2024-11-18T07:13:06+00:00\" \/>\n<meta property=\"og:image\" content=\"https:\/\/tiborszallas.hu\/wp-content\/uploads\/2024\/11\/Kep2.jpg\" \/>\n\t<meta property=\"og:image:width\" content=\"222\" \/>\n\t<meta property=\"og:image:height\" content=\"145\" \/>\n\t<meta property=\"og:image:type\" content=\"image\/jpeg\" \/>\n<meta name=\"twitter:card\" content=\"summary_large_image\" \/>\n<meta name=\"twitter:label1\" content=\"Est. reading time\" \/>\n\t<meta name=\"twitter:data1\" content=\"2 minutes\" \/>\n<script type=\"application\/ld+json\" class=\"yoast-schema-graph\">{\"@context\":\"https:\\\/\\\/schema.org\",\"@graph\":[{\"@type\":\"WebPage\",\"@id\":\"https:\\\/\\\/tiborszallas.hu\\\/energetikai-fejlesztes-tiborszallason\\\/\",\"url\":\"https:\\\/\\\/tiborszallas.hu\\\/energetikai-fejlesztes-tiborszallason\\\/\",\"name\":\"Energetikai fejleszt\u00e9s Tiborsz\u00e1ll\u00e1son - \u00dcdv\u00f6z\u00f6lj\u00fck Tiborsz\u00e1ll\u00e1s K\u00f6zs\u00e9g honlapj\u00e1n\",\"isPartOf\":{\"@id\":\"https:\\\/\\\/tiborszallas.hu\\\/#website\"},\"primaryImageOfPage\":{\"@id\":\"https:\\\/\\\/tiborszallas.hu\\\/energetikai-fejlesztes-tiborszallason\\\/#primaryimage\"},\"image\":{\"@id\":\"https:\\\/\\\/tiborszallas.hu\\\/energetikai-fejlesztes-tiborszallason\\\/#primaryimage\"},\"thumbnailUrl\":\"https:\\\/\\\/tiborszallas.hu\\\/wp-content\\\/uploads\\\/2024\\\/11\\\/Kep2.jpg\",\"datePublished\":\"2024-11-18T07:11:05+00:00\",\"dateModified\":\"2024-11-18T07:13:06+00:00\",\"breadcrumb\":{\"@id\":\"https:\\\/\\\/tiborszallas.hu\\\/energetikai-fejlesztes-tiborszallason\\\/#breadcrumb\"},\"inLanguage\":\"en-US\",\"potentialAction\":[{\"@type\":\"ReadAction\",\"target\":[\"https:\\\/\\\/tiborszallas.hu\\\/energetikai-fejlesztes-tiborszallason\\\/\"]}]},{\"@type\":\"ImageObject\",\"inLanguage\":\"en-US\",\"@id\":\"https:\\\/\\\/tiborszallas.hu\\\/energetikai-fejlesztes-tiborszallason\\\/#primaryimage\",\"url\":\"https:\\\/\\\/tiborszallas.hu\\\/wp-content\\\/uploads\\\/2024\\\/11\\\/Kep2.jpg\",\"contentUrl\":\"https:\\\/\\\/tiborszallas.hu\\\/wp-content\\\/uploads\\\/2024\\\/11\\\/Kep2.jpg\"},{\"@type\":\"BreadcrumbList\",\"@id\":\"https:\\\/\\\/tiborszallas.hu\\\/energetikai-fejlesztes-tiborszallason\\\/#breadcrumb\",\"itemListElement\":[{\"@type\":\"ListItem\",\"position\":1,\"name\":\"Kezd\u0151lap\",\"item\":\"https:\\\/\\\/tiborszallas.hu\\\/\"},{\"@type\":\"ListItem\",\"position\":2,\"name\":\"Energetikai fejleszt\u00e9s Tiborsz\u00e1ll\u00e1son\"}]},{\"@type\":\"WebSite\",\"@id\":\"https:\\\/\\\/tiborszallas.hu\\\/#website\",\"url\":\"https:\\\/\\\/tiborszallas.hu\\\/\",\"name\":\"\u00dcdv\u00f6z\u00f6lj\u00fck Tiborsz\u00e1ll\u00e1s K\u00f6zs\u00e9g honlapj\u00e1n\",\"description\":\"Tiborsz\u00e1ll\u00e1s K\u00f6zs\u00e9g honlapja\",\"publisher\":{\"@id\":\"https:\\\/\\\/tiborszallas.hu\\\/#organization\"},\"potentialAction\":[{\"@type\":\"SearchAction\",\"target\":{\"@type\":\"EntryPoint\",\"urlTemplate\":\"https:\\\/\\\/tiborszallas.hu\\\/?s={search_term_string}\"},\"query-input\":{\"@type\":\"PropertyValueSpecification\",\"valueRequired\":true,\"valueName\":\"search_term_string\"}}],\"inLanguage\":\"en-US\"},{\"@type\":\"Organization\",\"@id\":\"https:\\\/\\\/tiborszallas.hu\\\/#organization\",\"name\":\"Tiborsz\u00e1ll\u00e1s K\u00f6zs\u00e9g\",\"url\":\"https:\\\/\\\/tiborszallas.hu\\\/\",\"logo\":{\"@type\":\"ImageObject\",\"inLanguage\":\"en-US\",\"@id\":\"https:\\\/\\\/tiborszallas.hu\\\/#\\\/schema\\\/logo\\\/image\\\/\",\"url\":\"https:\\\/\\\/tiborszallas.hu\\\/wp-content\\\/uploads\\\/2020\\\/02\\\/cropped-c\u00edmer2.png\",\"contentUrl\":\"https:\\\/\\\/tiborszallas.hu\\\/wp-content\\\/uploads\\\/2020\\\/02\\\/cropped-c\u00edmer2.png\",\"width\":240,\"height\":166,\"caption\":\"Tiborsz\u00e1ll\u00e1s K\u00f6zs\u00e9g\"},\"image\":{\"@id\":\"https:\\\/\\\/tiborszallas.hu\\\/#\\\/schema\\\/logo\\\/image\\\/\"}}]}<\/script>\n<!-- \/ Yoast SEO plugin. -->","yoast_head_json":{"title":"Energy development in Tiborsz\u00e1ll\u00e1s - Welcome to the website of Tiborsz\u00e1ll\u00e1s","robots":{"index":"index","follow":"follow","max-snippet":"max-snippet:-1","max-image-preview":"max-image-preview:large","max-video-preview":"max-video-preview:-1"},"canonical":"https:\/\/tiborszallas.hu\/en\/energetikai-fejlesztes-tiborszallason\/","og_locale":"en_US","og_type":"article","og_title":"Energetikai fejleszt\u00e9s Tiborsz\u00e1ll\u00e1son - \u00dcdv\u00f6z\u00f6lj\u00fck Tiborsz\u00e1ll\u00e1s K\u00f6zs\u00e9g honlapj\u00e1n","og_description":"\u201eENERGETIKAI FEJLESZT\u00c9S TIBORSZ\u00c1LL\u00c1SON\u201d TOP-3.2.1-15-SB1-2016-00076PROJEKT R\u00d6VID BEMUTAT\u00c1SAKEDVEZM\u00c9NYEZETT NEVE: TIBORSZ\u00c1LL\u00c1S K\u00d6ZS\u00c9G \u00d6NKORM\u00c1NYZATAT\u00c1MOGAT\u00c1S \u00d6SSZEGE: 59.285.384 FTT\u00c1MOGAT\u00c1S M\u00c9RT\u00c9KE: 100 %A PROJEKT TERVEZETT BEFEJEZ\u00c9SI D\u00c1TUMA: 2018.12.31.PROJEKT TARTALM\u00c1NAK R\u00d6VID BEMUTAT\u00c1SAA projekt c\u00e9lja az \u00f6nkorm\u00e1nyzati int\u00e9zm\u00e9ny(ek) hat\u00e9konyabb energiahaszn\u00e1lat\u00e1nak, racion\u00e1lisabb energiagazd\u00e1lkod\u00e1s\u00e1nak el\u0151seg\u00edt\u00e9se, ezen bel\u00fcl:&#8211; 100%-ban \u00f6nkorm\u00e1nyzati tulajdon\u00fa \u00e9p\u00fclet(ek) energiahat\u00e9konys\u00e1got c\u00e9lz\u00f3 fel\u00faj\u00edt\u00e1sa \u00e9s fejleszt\u00e9se, a fosszilis energiahordoz\u00f3kb\u00f3l sz\u00e1rmaz\u00f3 \u00fcvegh\u00e1zhat\u00e1s\u00fa g\u00e1zok (\u00dcHG) kibocs\u00e1t\u00e1s\u00e1nak cs\u00f6kkent\u00e9se&#8211; a [&hellip;]","og_url":"https:\/\/tiborszallas.hu\/en\/energetikai-fejlesztes-tiborszallason\/","og_site_name":"\u00dcdv\u00f6z\u00f6lj\u00fck Tiborsz\u00e1ll\u00e1s K\u00f6zs\u00e9g honlapj\u00e1n","article_modified_time":"2024-11-18T07:13:06+00:00","og_image":[{"width":222,"height":145,"url":"https:\/\/tiborszallas.hu\/wp-content\/uploads\/2024\/11\/Kep2.jpg","type":"image\/jpeg"}],"twitter_card":"summary_large_image","twitter_misc":{"Est. reading time":"2 minutes"},"schema":{"@context":"https:\/\/schema.org","@graph":[{"@type":"WebPage","@id":"https:\/\/tiborszallas.hu\/energetikai-fejlesztes-tiborszallason\/","url":"https:\/\/tiborszallas.hu\/energetikai-fejlesztes-tiborszallason\/","name":"Energy development in Tiborsz\u00e1ll\u00e1s - Welcome to the website of Tiborsz\u00e1ll\u00e1s","isPartOf":{"@id":"https:\/\/tiborszallas.hu\/#website"},"primaryImageOfPage":{"@id":"https:\/\/tiborszallas.hu\/energetikai-fejlesztes-tiborszallason\/#primaryimage"},"image":{"@id":"https:\/\/tiborszallas.hu\/energetikai-fejlesztes-tiborszallason\/#primaryimage"},"thumbnailUrl":"https:\/\/tiborszallas.hu\/wp-content\/uploads\/2024\/11\/Kep2.jpg","datePublished":"2024-11-18T07:11:05+00:00","dateModified":"2024-11-18T07:13:06+00:00","breadcrumb":{"@id":"https:\/\/tiborszallas.hu\/energetikai-fejlesztes-tiborszallason\/#breadcrumb"},"inLanguage":"en-US","potentialAction":[{"@type":"ReadAction","target":["https:\/\/tiborszallas.hu\/energetikai-fejlesztes-tiborszallason\/"]}]},{"@type":"ImageObject","inLanguage":"en-US","@id":"https:\/\/tiborszallas.hu\/energetikai-fejlesztes-tiborszallason\/#primaryimage","url":"https:\/\/tiborszallas.hu\/wp-content\/uploads\/2024\/11\/Kep2.jpg","contentUrl":"https:\/\/tiborszallas.hu\/wp-content\/uploads\/2024\/11\/Kep2.jpg"},{"@type":"BreadcrumbList","@id":"https:\/\/tiborszallas.hu\/energetikai-fejlesztes-tiborszallason\/#breadcrumb","itemListElement":[{"@type":"ListItem","position":1,"name":"Kezd\u0151lap","item":"https:\/\/tiborszallas.hu\/"},{"@type":"ListItem","position":2,"name":"Energetikai fejleszt\u00e9s Tiborsz\u00e1ll\u00e1son"}]},{"@type":"WebSite","@id":"https:\/\/tiborszallas.hu\/#website","url":"https:\/\/tiborszallas.hu\/","name":"Welcome to Tiborsz\u00e1ll\u00e1s Municipality website","description":"Tiborsz\u00e1ll\u00e1s Village website","publisher":{"@id":"https:\/\/tiborszallas.hu\/#organization"},"potentialAction":[{"@type":"SearchAction","target":{"@type":"EntryPoint","urlTemplate":"https:\/\/tiborszallas.hu\/?s={search_term_string}"},"query-input":{"@type":"PropertyValueSpecification","valueRequired":true,"valueName":"search_term_string"}}],"inLanguage":"en-US"},{"@type":"Organization","@id":"https:\/\/tiborszallas.hu\/#organization","name":"Tiborsz\u00e1ll\u00e1s Municipality","url":"https:\/\/tiborszallas.hu\/","logo":{"@type":"ImageObject","inLanguage":"en-US","@id":"https:\/\/tiborszallas.hu\/#\/schema\/logo\/image\/","url":"https:\/\/tiborszallas.hu\/wp-content\/uploads\/2020\/02\/cropped-c\u00edmer2.png","contentUrl":"https:\/\/tiborszallas.hu\/wp-content\/uploads\/2020\/02\/cropped-c\u00edmer2.png","width":240,"height":166,"caption":"Tiborsz\u00e1ll\u00e1s K\u00f6zs\u00e9g"},"image":{"@id":"https:\/\/tiborszallas.hu\/#\/schema\/logo\/image\/"}}]}},"_links":{"self":[{"href":"https:\/\/tiborszallas.hu\/en\/wp-json\/wp\/v2\/pages\/1629","targetHints":{"allow":["GET"]}}],"collection":[{"href":"https:\/\/tiborszallas.hu\/en\/wp-json\/wp\/v2\/pages"}],"about":[{"href":"https:\/\/tiborszallas.hu\/en\/wp-json\/wp\/v2\/types\/page"}],"author":[{"embeddable":true,"href":"https:\/\/tiborszallas.hu\/en\/wp-json\/wp\/v2\/users\/3"}],"replies":[{"embeddable":true,"href":"https:\/\/tiborszallas.hu\/en\/wp-json\/wp\/v2\/comments?post=1629"}],"version-history":[{"count":0,"href":"https:\/\/tiborszallas.hu\/en\/wp-json\/wp\/v2\/pages\/1629\/revisions"}],"wp:attachment":[{"href":"https:\/\/tiborszallas.hu\/en\/wp-json\/wp\/v2\/media?parent=1629"}],"curies":[{"name":"wp","href":"https:\/\/api.w.org\/{rel}","templated":true}]}}