{"id":1623,"date":"2024-11-18T08:04:27","date_gmt":"2024-11-18T07:04:27","guid":{"rendered":"https:\/\/tiborszallas.hu\/?page_id=1623"},"modified":"2024-11-18T08:09:05","modified_gmt":"2024-11-18T07:09:05","slug":"kulteruleti-utak-fejlesztese-tiborszallason","status":"publish","type":"page","link":"https:\/\/tiborszallas.hu\/en\/kulteruleti-utak-fejlesztese-tiborszallason\/","title":{"rendered":"Improvement of rural roads in Tiborsz\u00e1ll\u00e1s"},"content":{"rendered":"<div data-elementor-type=\"wp-page\" data-elementor-id=\"1623\" class=\"elementor elementor-1623\" data-elementor-post-type=\"page\">\n\t\t\t\t<div class=\"elementor-element elementor-element-ccd622f e-flex e-con-boxed e-con e-parent\" data-id=\"ccd622f\" data-element_type=\"container\" data-e-type=\"container\">\n\t\t\t\t\t<div class=\"e-con-inner\">\n\t\t\t\t<div class=\"elementor-element elementor-element-9bd9abf elementor-widget elementor-widget-heading\" data-id=\"9bd9abf\" data-element_type=\"widget\" data-e-type=\"widget\" data-widget_type=\"heading.default\">\n\t\t\t\t<div class=\"elementor-widget-container\">\n\t\t\t\t\t<h4 class=\"elementor-heading-title elementor-size-default\">Improvement of rural roads in Tiborsz\u00e1ll\u00e1s<\/h4>\t\t\t\t<\/div>\n\t\t\t\t<\/div>\n\t\t\t\t<div class=\"elementor-element elementor-element-5235eb1 elementor-widget-divider--view-line elementor-widget elementor-widget-divider\" data-id=\"5235eb1\" data-element_type=\"widget\" data-e-type=\"widget\" data-widget_type=\"divider.default\">\n\t\t\t\t<div class=\"elementor-widget-container\">\n\t\t\t\t\t\t\t<div class=\"elementor-divider\">\n\t\t\t<span class=\"elementor-divider-separator\">\n\t\t\t\t\t\t<\/span>\n\t\t<\/div>\n\t\t\t\t\t\t<\/div>\n\t\t\t\t<\/div>\n\t\t\t\t\t<\/div>\n\t\t\t\t<\/div>\n\t\t<div class=\"elementor-element elementor-element-037d05d e-flex e-con-boxed e-con e-parent\" data-id=\"037d05d\" data-element_type=\"container\" data-e-type=\"container\">\n\t\t\t\t\t<div class=\"e-con-inner\">\n\t\t<div class=\"elementor-element elementor-element-7e3534f e-con-full e-flex e-con e-child\" data-id=\"7e3534f\" data-element_type=\"container\" data-e-type=\"container\">\n\t\t\t\t<div class=\"elementor-element elementor-element-11319f9 elementor-widget elementor-widget-text-editor\" data-id=\"11319f9\" data-element_type=\"widget\" data-e-type=\"widget\" data-widget_type=\"text-editor.default\">\n\t\t\t\t<div class=\"elementor-widget-container\">\n\t\t\t\t\t\t\t\t\t<p>On the main page of the Beneficiary's website, there should be clearly visible information and visual elements indicating the fact of the grant or a sub-page presenting the developments made with the help of the EU grant.<\/p><p>You are required to display the following content on your website in relation to the project:<\/p><p>&#8211; <strong>the name of the beneficiary<\/strong>: Tiborsz\u00e1ll\u00e1s Municipality<\/p><p><strong>\u00a0<\/strong><\/p><p><strong>- a brief description of the project content<\/strong>: Improvement of rural roads in Tiborsz\u00e1ll\u00e1s under the P6-7.2.1-7.4.1.2-16 grant scheme.<\/p><p><strong>\u00a0<\/strong><\/p><p><strong>- the title of the project:<\/strong> Improvement of rural roads in Tiborsz\u00e1ll\u00e1s<\/p><p>&#8211; <strong>the amount of aid contracted<\/strong>: 99.939.997 Ft<\/p><p>&#8211; <strong>the amount of aid (in %):<\/strong> 95%<\/p><p>&#8211; <strong>presentation of the project content<\/strong>: The project involves the construction of asphalt pavement in the open countryside as a continuation of the D\u00f3zsa road. A long-standing demand of the inhabitants of the municipality is the construction of at least one solid road. Over the years, this section of road has been patched up and repaired, and the road crown has been stabilised with stones of various qualities, but this has not led to much progress, and is still very potholed and difficult to travel on, especially in wet weather.<\/p><p>&#8211; <strong>the planned completion date of the project (if completed, the actual completion date):<\/strong> 2019.07.01.<\/p><p>&#8211; <strong>project identification number:<\/strong> 1824413199<\/p>\t\t\t\t\t\t\t\t<\/div>\n\t\t\t\t<\/div>\n\t\t\t\t<\/div>\n\t\t<div class=\"elementor-element elementor-element-659f202 e-con-full e-flex e-con e-child\" data-id=\"659f202\" data-element_type=\"container\" data-e-type=\"container\">\n\t\t<div class=\"elementor-element elementor-element-725382c e-con-full e-flex e-con e-child\" data-id=\"725382c\" data-element_type=\"container\" data-e-type=\"container\">\n\t\t\t\t<div class=\"elementor-element elementor-element-5361837 elementor-widget elementor-widget-image\" data-id=\"5361837\" data-element_type=\"widget\" data-e-type=\"widget\" data-widget_type=\"image.default\">\n\t\t\t\t<div class=\"elementor-widget-container\">\n\t\t\t\t\t\t\t\t\t\t\t\t\t\t\t<img decoding=\"async\" width=\"222\" height=\"145\" data-src=\"https:\/\/tiborszallas.hu\/wp-content\/uploads\/2024\/11\/Kep2.jpg\" class=\"attachment-large size-large wp-image-1625 lazyload\" alt=\"EU p\u00e1ly\u00e1zat log\u00f3\" src=\"data:image\/svg+xml;base64,PHN2ZyB3aWR0aD0iMSIgaGVpZ2h0PSIxIiB4bWxucz0iaHR0cDovL3d3dy53My5vcmcvMjAwMC9zdmciPjwvc3ZnPg==\" style=\"--smush-placeholder-width: 222px; --smush-placeholder-aspect-ratio: 222\/145;\" \/>\t\t\t\t\t\t\t\t\t\t\t\t\t\t\t<\/div>\n\t\t\t\t<\/div>\n\t\t\t\t<\/div>\n\t\t\t\t<\/div>\n\t\t\t\t\t<\/div>\n\t\t\t\t<\/div>\n\t\t\t\t<\/div>","protected":false},"excerpt":{"rendered":"<p>K\u00fclter\u00fcleti utak fejleszt\u00e9se Tiborsz\u00e1ll\u00e1son A Kedvezm\u00e9nyezett honlapj\u00e1nak f\u0151oldal\u00e1n j\u00f3l l\u00e1that\u00f3 helyen legyenek a t\u00e1mogat\u00e1s t\u00e9ny\u00e9t felt\u00fcntet\u0151 adatok \u00e9s arculati elemek, vagy az eur\u00f3pai uni\u00f3s t\u00e1mogat\u00e1sb\u00f3l megval\u00f3sul\u00f3 fejleszt\u00e9seket bemutat\u00f3 aloldal. Az al\u00e1bbi tartalmi elemeket sz\u00fcks\u00e9ges megjelen\u00edtenie a honlapj\u00e1n a projekthez kapcsol\u00f3d\u00f3an: &#8211; a kedvezm\u00e9nyezett neve: Tiborsz\u00e1ll\u00e1s K\u00f6zs\u00e9g \u00d6nkorm\u00e1nyzata \u00a0 &#8211; a projekt tartalm\u00e1nak r\u00f6vid bemutat\u00e1sa: K\u00fclter\u00fcleti [&hellip;]<\/p>\n","protected":false},"author":3,"featured_media":0,"parent":0,"menu_order":0,"comment_status":"closed","ping_status":"closed","template":"","meta":{"footnotes":""},"class_list":["post-1623","page","type-page","status-publish","hentry"],"yoast_head":"<!-- This site is optimized with the Yoast SEO plugin v27.3 - https:\/\/yoast.com\/product\/yoast-seo-wordpress\/ -->\n<title>K\u00fclter\u00fcleti utak fejleszt\u00e9se Tiborsz\u00e1ll\u00e1son - \u00dcdv\u00f6z\u00f6lj\u00fck Tiborsz\u00e1ll\u00e1s K\u00f6zs\u00e9g honlapj\u00e1n<\/title>\n<meta name=\"robots\" content=\"index, follow, max-snippet:-1, max-image-preview:large, max-video-preview:-1\" \/>\n<link rel=\"canonical\" href=\"https:\/\/tiborszallas.hu\/en\/kulteruleti-utak-fejlesztese-tiborszallason\/\" \/>\n<meta property=\"og:locale\" content=\"en_US\" \/>\n<meta property=\"og:type\" content=\"article\" \/>\n<meta property=\"og:title\" content=\"K\u00fclter\u00fcleti utak fejleszt\u00e9se Tiborsz\u00e1ll\u00e1son - \u00dcdv\u00f6z\u00f6lj\u00fck Tiborsz\u00e1ll\u00e1s K\u00f6zs\u00e9g honlapj\u00e1n\" \/>\n<meta property=\"og:description\" content=\"K\u00fclter\u00fcleti utak fejleszt\u00e9se Tiborsz\u00e1ll\u00e1son A Kedvezm\u00e9nyezett honlapj\u00e1nak f\u0151oldal\u00e1n j\u00f3l l\u00e1that\u00f3 helyen legyenek a t\u00e1mogat\u00e1s t\u00e9ny\u00e9t felt\u00fcntet\u0151 adatok \u00e9s arculati elemek, vagy az eur\u00f3pai uni\u00f3s t\u00e1mogat\u00e1sb\u00f3l megval\u00f3sul\u00f3 fejleszt\u00e9seket bemutat\u00f3 aloldal. Az al\u00e1bbi tartalmi elemeket sz\u00fcks\u00e9ges megjelen\u00edtenie a honlapj\u00e1n a projekthez kapcsol\u00f3d\u00f3an: &#8211; a kedvezm\u00e9nyezett neve: Tiborsz\u00e1ll\u00e1s K\u00f6zs\u00e9g \u00d6nkorm\u00e1nyzata \u00a0 &#8211; a projekt tartalm\u00e1nak r\u00f6vid bemutat\u00e1sa: K\u00fclter\u00fcleti [&hellip;]\" \/>\n<meta property=\"og:url\" content=\"https:\/\/tiborszallas.hu\/en\/kulteruleti-utak-fejlesztese-tiborszallason\/\" \/>\n<meta property=\"og:site_name\" content=\"\u00dcdv\u00f6z\u00f6lj\u00fck Tiborsz\u00e1ll\u00e1s K\u00f6zs\u00e9g honlapj\u00e1n\" \/>\n<meta property=\"article:modified_time\" content=\"2024-11-18T07:09:05+00:00\" \/>\n<meta property=\"og:image\" content=\"https:\/\/tiborszallas.hu\/wp-content\/uploads\/2024\/11\/Kep2.jpg\" \/>\n\t<meta property=\"og:image:width\" content=\"222\" \/>\n\t<meta property=\"og:image:height\" content=\"145\" \/>\n\t<meta property=\"og:image:type\" content=\"image\/jpeg\" \/>\n<meta name=\"twitter:card\" content=\"summary_large_image\" \/>\n<meta name=\"twitter:label1\" content=\"Est. reading time\" \/>\n\t<meta name=\"twitter:data1\" content=\"1 minute\" \/>\n<script type=\"application\/ld+json\" class=\"yoast-schema-graph\">{\"@context\":\"https:\\\/\\\/schema.org\",\"@graph\":[{\"@type\":\"WebPage\",\"@id\":\"https:\\\/\\\/tiborszallas.hu\\\/kulteruleti-utak-fejlesztese-tiborszallason\\\/\",\"url\":\"https:\\\/\\\/tiborszallas.hu\\\/kulteruleti-utak-fejlesztese-tiborszallason\\\/\",\"name\":\"K\u00fclter\u00fcleti utak fejleszt\u00e9se Tiborsz\u00e1ll\u00e1son - \u00dcdv\u00f6z\u00f6lj\u00fck Tiborsz\u00e1ll\u00e1s K\u00f6zs\u00e9g honlapj\u00e1n\",\"isPartOf\":{\"@id\":\"https:\\\/\\\/tiborszallas.hu\\\/#website\"},\"primaryImageOfPage\":{\"@id\":\"https:\\\/\\\/tiborszallas.hu\\\/kulteruleti-utak-fejlesztese-tiborszallason\\\/#primaryimage\"},\"image\":{\"@id\":\"https:\\\/\\\/tiborszallas.hu\\\/kulteruleti-utak-fejlesztese-tiborszallason\\\/#primaryimage\"},\"thumbnailUrl\":\"https:\\\/\\\/tiborszallas.hu\\\/wp-content\\\/uploads\\\/2024\\\/11\\\/Kep2.jpg\",\"datePublished\":\"2024-11-18T07:04:27+00:00\",\"dateModified\":\"2024-11-18T07:09:05+00:00\",\"breadcrumb\":{\"@id\":\"https:\\\/\\\/tiborszallas.hu\\\/kulteruleti-utak-fejlesztese-tiborszallason\\\/#breadcrumb\"},\"inLanguage\":\"en-US\",\"potentialAction\":[{\"@type\":\"ReadAction\",\"target\":[\"https:\\\/\\\/tiborszallas.hu\\\/kulteruleti-utak-fejlesztese-tiborszallason\\\/\"]}]},{\"@type\":\"ImageObject\",\"inLanguage\":\"en-US\",\"@id\":\"https:\\\/\\\/tiborszallas.hu\\\/kulteruleti-utak-fejlesztese-tiborszallason\\\/#primaryimage\",\"url\":\"https:\\\/\\\/tiborszallas.hu\\\/wp-content\\\/uploads\\\/2024\\\/11\\\/Kep2.jpg\",\"contentUrl\":\"https:\\\/\\\/tiborszallas.hu\\\/wp-content\\\/uploads\\\/2024\\\/11\\\/Kep2.jpg\"},{\"@type\":\"BreadcrumbList\",\"@id\":\"https:\\\/\\\/tiborszallas.hu\\\/kulteruleti-utak-fejlesztese-tiborszallason\\\/#breadcrumb\",\"itemListElement\":[{\"@type\":\"ListItem\",\"position\":1,\"name\":\"Kezd\u0151lap\",\"item\":\"https:\\\/\\\/tiborszallas.hu\\\/\"},{\"@type\":\"ListItem\",\"position\":2,\"name\":\"K\u00fclter\u00fcleti utak fejleszt\u00e9se Tiborsz\u00e1ll\u00e1son\"}]},{\"@type\":\"WebSite\",\"@id\":\"https:\\\/\\\/tiborszallas.hu\\\/#website\",\"url\":\"https:\\\/\\\/tiborszallas.hu\\\/\",\"name\":\"\u00dcdv\u00f6z\u00f6lj\u00fck Tiborsz\u00e1ll\u00e1s K\u00f6zs\u00e9g honlapj\u00e1n\",\"description\":\"Tiborsz\u00e1ll\u00e1s K\u00f6zs\u00e9g honlapja\",\"publisher\":{\"@id\":\"https:\\\/\\\/tiborszallas.hu\\\/#organization\"},\"potentialAction\":[{\"@type\":\"SearchAction\",\"target\":{\"@type\":\"EntryPoint\",\"urlTemplate\":\"https:\\\/\\\/tiborszallas.hu\\\/?s={search_term_string}\"},\"query-input\":{\"@type\":\"PropertyValueSpecification\",\"valueRequired\":true,\"valueName\":\"search_term_string\"}}],\"inLanguage\":\"en-US\"},{\"@type\":\"Organization\",\"@id\":\"https:\\\/\\\/tiborszallas.hu\\\/#organization\",\"name\":\"Tiborsz\u00e1ll\u00e1s K\u00f6zs\u00e9g\",\"url\":\"https:\\\/\\\/tiborszallas.hu\\\/\",\"logo\":{\"@type\":\"ImageObject\",\"inLanguage\":\"en-US\",\"@id\":\"https:\\\/\\\/tiborszallas.hu\\\/#\\\/schema\\\/logo\\\/image\\\/\",\"url\":\"https:\\\/\\\/tiborszallas.hu\\\/wp-content\\\/uploads\\\/2020\\\/02\\\/cropped-c\u00edmer2.png\",\"contentUrl\":\"https:\\\/\\\/tiborszallas.hu\\\/wp-content\\\/uploads\\\/2020\\\/02\\\/cropped-c\u00edmer2.png\",\"width\":240,\"height\":166,\"caption\":\"Tiborsz\u00e1ll\u00e1s K\u00f6zs\u00e9g\"},\"image\":{\"@id\":\"https:\\\/\\\/tiborszallas.hu\\\/#\\\/schema\\\/logo\\\/image\\\/\"}}]}<\/script>\n<!-- \/ Yoast SEO plugin. -->","yoast_head_json":{"title":"Development of suburban roads in Tiborsz\u00e1ll\u00e1s - Welcome to the website of Tiborsz\u00e1ll\u00e1s","robots":{"index":"index","follow":"follow","max-snippet":"max-snippet:-1","max-image-preview":"max-image-preview:large","max-video-preview":"max-video-preview:-1"},"canonical":"https:\/\/tiborszallas.hu\/en\/kulteruleti-utak-fejlesztese-tiborszallason\/","og_locale":"en_US","og_type":"article","og_title":"K\u00fclter\u00fcleti utak fejleszt\u00e9se Tiborsz\u00e1ll\u00e1son - \u00dcdv\u00f6z\u00f6lj\u00fck Tiborsz\u00e1ll\u00e1s K\u00f6zs\u00e9g honlapj\u00e1n","og_description":"K\u00fclter\u00fcleti utak fejleszt\u00e9se Tiborsz\u00e1ll\u00e1son A Kedvezm\u00e9nyezett honlapj\u00e1nak f\u0151oldal\u00e1n j\u00f3l l\u00e1that\u00f3 helyen legyenek a t\u00e1mogat\u00e1s t\u00e9ny\u00e9t felt\u00fcntet\u0151 adatok \u00e9s arculati elemek, vagy az eur\u00f3pai uni\u00f3s t\u00e1mogat\u00e1sb\u00f3l megval\u00f3sul\u00f3 fejleszt\u00e9seket bemutat\u00f3 aloldal. Az al\u00e1bbi tartalmi elemeket sz\u00fcks\u00e9ges megjelen\u00edtenie a honlapj\u00e1n a projekthez kapcsol\u00f3d\u00f3an: &#8211; a kedvezm\u00e9nyezett neve: Tiborsz\u00e1ll\u00e1s K\u00f6zs\u00e9g \u00d6nkorm\u00e1nyzata \u00a0 &#8211; a projekt tartalm\u00e1nak r\u00f6vid bemutat\u00e1sa: K\u00fclter\u00fcleti [&hellip;]","og_url":"https:\/\/tiborszallas.hu\/en\/kulteruleti-utak-fejlesztese-tiborszallason\/","og_site_name":"\u00dcdv\u00f6z\u00f6lj\u00fck Tiborsz\u00e1ll\u00e1s K\u00f6zs\u00e9g honlapj\u00e1n","article_modified_time":"2024-11-18T07:09:05+00:00","og_image":[{"width":222,"height":145,"url":"https:\/\/tiborszallas.hu\/wp-content\/uploads\/2024\/11\/Kep2.jpg","type":"image\/jpeg"}],"twitter_card":"summary_large_image","twitter_misc":{"Est. reading time":"1 minute"},"schema":{"@context":"https:\/\/schema.org","@graph":[{"@type":"WebPage","@id":"https:\/\/tiborszallas.hu\/kulteruleti-utak-fejlesztese-tiborszallason\/","url":"https:\/\/tiborszallas.hu\/kulteruleti-utak-fejlesztese-tiborszallason\/","name":"Development of suburban roads in Tiborsz\u00e1ll\u00e1s - Welcome to the website of Tiborsz\u00e1ll\u00e1s","isPartOf":{"@id":"https:\/\/tiborszallas.hu\/#website"},"primaryImageOfPage":{"@id":"https:\/\/tiborszallas.hu\/kulteruleti-utak-fejlesztese-tiborszallason\/#primaryimage"},"image":{"@id":"https:\/\/tiborszallas.hu\/kulteruleti-utak-fejlesztese-tiborszallason\/#primaryimage"},"thumbnailUrl":"https:\/\/tiborszallas.hu\/wp-content\/uploads\/2024\/11\/Kep2.jpg","datePublished":"2024-11-18T07:04:27+00:00","dateModified":"2024-11-18T07:09:05+00:00","breadcrumb":{"@id":"https:\/\/tiborszallas.hu\/kulteruleti-utak-fejlesztese-tiborszallason\/#breadcrumb"},"inLanguage":"en-US","potentialAction":[{"@type":"ReadAction","target":["https:\/\/tiborszallas.hu\/kulteruleti-utak-fejlesztese-tiborszallason\/"]}]},{"@type":"ImageObject","inLanguage":"en-US","@id":"https:\/\/tiborszallas.hu\/kulteruleti-utak-fejlesztese-tiborszallason\/#primaryimage","url":"https:\/\/tiborszallas.hu\/wp-content\/uploads\/2024\/11\/Kep2.jpg","contentUrl":"https:\/\/tiborszallas.hu\/wp-content\/uploads\/2024\/11\/Kep2.jpg"},{"@type":"BreadcrumbList","@id":"https:\/\/tiborszallas.hu\/kulteruleti-utak-fejlesztese-tiborszallason\/#breadcrumb","itemListElement":[{"@type":"ListItem","position":1,"name":"Kezd\u0151lap","item":"https:\/\/tiborszallas.hu\/"},{"@type":"ListItem","position":2,"name":"K\u00fclter\u00fcleti utak fejleszt\u00e9se Tiborsz\u00e1ll\u00e1son"}]},{"@type":"WebSite","@id":"https:\/\/tiborszallas.hu\/#website","url":"https:\/\/tiborszallas.hu\/","name":"Welcome to Tiborsz\u00e1ll\u00e1s Municipality website","description":"Tiborsz\u00e1ll\u00e1s Village website","publisher":{"@id":"https:\/\/tiborszallas.hu\/#organization"},"potentialAction":[{"@type":"SearchAction","target":{"@type":"EntryPoint","urlTemplate":"https:\/\/tiborszallas.hu\/?s={search_term_string}"},"query-input":{"@type":"PropertyValueSpecification","valueRequired":true,"valueName":"search_term_string"}}],"inLanguage":"en-US"},{"@type":"Organization","@id":"https:\/\/tiborszallas.hu\/#organization","name":"Tiborsz\u00e1ll\u00e1s Municipality","url":"https:\/\/tiborszallas.hu\/","logo":{"@type":"ImageObject","inLanguage":"en-US","@id":"https:\/\/tiborszallas.hu\/#\/schema\/logo\/image\/","url":"https:\/\/tiborszallas.hu\/wp-content\/uploads\/2020\/02\/cropped-c\u00edmer2.png","contentUrl":"https:\/\/tiborszallas.hu\/wp-content\/uploads\/2020\/02\/cropped-c\u00edmer2.png","width":240,"height":166,"caption":"Tiborsz\u00e1ll\u00e1s K\u00f6zs\u00e9g"},"image":{"@id":"https:\/\/tiborszallas.hu\/#\/schema\/logo\/image\/"}}]}},"_links":{"self":[{"href":"https:\/\/tiborszallas.hu\/en\/wp-json\/wp\/v2\/pages\/1623","targetHints":{"allow":["GET"]}}],"collection":[{"href":"https:\/\/tiborszallas.hu\/en\/wp-json\/wp\/v2\/pages"}],"about":[{"href":"https:\/\/tiborszallas.hu\/en\/wp-json\/wp\/v2\/types\/page"}],"author":[{"embeddable":true,"href":"https:\/\/tiborszallas.hu\/en\/wp-json\/wp\/v2\/users\/3"}],"replies":[{"embeddable":true,"href":"https:\/\/tiborszallas.hu\/en\/wp-json\/wp\/v2\/comments?post=1623"}],"version-history":[{"count":0,"href":"https:\/\/tiborszallas.hu\/en\/wp-json\/wp\/v2\/pages\/1623\/revisions"}],"wp:attachment":[{"href":"https:\/\/tiborszallas.hu\/en\/wp-json\/wp\/v2\/media?parent=1623"}],"curies":[{"name":"wp","href":"https:\/\/api.w.org\/{rel}","templated":true}]}}