{"id":1611,"date":"2024-11-18T07:58:10","date_gmt":"2024-11-18T06:58:10","guid":{"rendered":"https:\/\/tiborszallas.hu\/?page_id=1611"},"modified":"2024-11-18T08:02:07","modified_gmt":"2024-11-18T07:02:07","slug":"felelos-allattartas-elosegitese-tiborszallason","status":"publish","type":"page","link":"https:\/\/tiborszallas.hu\/en\/felelos-allattartas-elosegitese-tiborszallason\/","title":{"rendered":"Promoting responsible animal husbandry in Tiborsz\u00e1ll\u00e1s"},"content":{"rendered":"<div data-elementor-type=\"wp-page\" data-elementor-id=\"1611\" class=\"elementor elementor-1611\" data-elementor-post-type=\"page\">\n\t\t\t\t<div class=\"elementor-element elementor-element-48baa2e e-flex e-con-boxed e-con e-parent\" data-id=\"48baa2e\" data-element_type=\"container\" data-e-type=\"container\">\n\t\t\t\t\t<div class=\"e-con-inner\">\n\t\t\t\t<div class=\"elementor-element elementor-element-471d6dd elementor-widget elementor-widget-heading\" data-id=\"471d6dd\" data-element_type=\"widget\" data-e-type=\"widget\" data-widget_type=\"heading.default\">\n\t\t\t\t<div class=\"elementor-widget-container\">\n\t\t\t\t\t<h5 class=\"elementor-heading-title elementor-size-default\">Responsible Animal Husbandry in the Hungarian Village Programme 2021\n2021, MFP-FAE\/2021, under the call for proposals<\/h5>\t\t\t\t<\/div>\n\t\t\t\t<\/div>\n\t\t\t\t\t<\/div>\n\t\t\t\t<\/div>\n\t\t<div class=\"elementor-element elementor-element-0e3849b e-flex e-con-boxed e-con e-parent\" data-id=\"0e3849b\" data-element_type=\"container\" data-e-type=\"container\">\n\t\t\t\t\t<div class=\"e-con-inner\">\n\t\t\t\t<div class=\"elementor-element elementor-element-4d20af8 elementor-widget-divider--view-line elementor-widget elementor-widget-divider\" data-id=\"4d20af8\" data-element_type=\"widget\" data-e-type=\"widget\" data-widget_type=\"divider.default\">\n\t\t\t\t<div class=\"elementor-widget-container\">\n\t\t\t\t\t\t\t<div class=\"elementor-divider\">\n\t\t\t<span class=\"elementor-divider-separator\">\n\t\t\t\t\t\t<\/span>\n\t\t<\/div>\n\t\t\t\t\t\t<\/div>\n\t\t\t\t<\/div>\n\t\t\t\t\t<\/div>\n\t\t\t\t<\/div>\n\t\t<div class=\"elementor-element elementor-element-6529b68 e-flex e-con-boxed e-con e-parent\" data-id=\"6529b68\" data-element_type=\"container\" data-e-type=\"container\">\n\t\t\t\t\t<div class=\"e-con-inner\">\n\t\t<div class=\"elementor-element elementor-element-d391f8a e-con-full e-flex e-con e-child\" data-id=\"d391f8a\" data-element_type=\"container\" data-e-type=\"container\">\n\t\t\t\t<div class=\"elementor-element elementor-element-2eedc64 elementor-widget elementor-widget-text-editor\" data-id=\"2eedc64\" data-element_type=\"widget\" data-e-type=\"widget\" data-widget_type=\"text-editor.default\">\n\t\t\t\t<div class=\"elementor-widget-container\">\n\t\t\t\t\t\t\t\t\t<p>Beneficiary name: Tiborsz\u00e1ll\u00e1s Municipality<br \/>Project Title: Promotion of responsible animal husbandry in Tiborsz\u00e1ll\u00e1s<br \/>Amount of non-repayable aid: HUF 1.126.155<br \/>Aid intensity: 100%<br \/>Project implementation period: 24.11.2021 - 28.09.2022.<br \/>Project brief: dogs and cats in almost every house in the municipality<br \/>as pets. Regular compulsory vaccination of animals is possible, but the cost is significant<br \/>burden on the municipality and its residents. Spaying and neutering animals is a way to avoid unwanted<br \/>is important to prevent overpopulation, but many residents are unable to afford the cost.<br \/>and the municipality's budget does not allow for this kind of support. A<br \/>project for the neutering of pets of eligible residents, anti-rabies<br \/>vaccination and tagging with a transponder.<\/p>\t\t\t\t\t\t\t\t<\/div>\n\t\t\t\t<\/div>\n\t\t\t\t<\/div>\n\t\t<div class=\"elementor-element elementor-element-ab6e6f3 e-con-full e-flex e-con e-child\" data-id=\"ab6e6f3\" data-element_type=\"container\" data-e-type=\"container\">\n\t\t<div class=\"elementor-element elementor-element-388130a e-con-full e-flex e-con e-child\" data-id=\"388130a\" data-element_type=\"container\" data-e-type=\"container\">\n\t\t\t\t<div class=\"elementor-element elementor-element-207796d elementor-widget elementor-widget-image\" data-id=\"207796d\" data-element_type=\"widget\" data-e-type=\"widget\" data-widget_type=\"image.default\">\n\t\t\t\t<div class=\"elementor-widget-container\">\n\t\t\t\t\t\t\t\t\t\t\t\t\t\t\t<img decoding=\"async\" width=\"150\" height=\"150\" data-src=\"https:\/\/tiborszallas.hu\/wp-content\/uploads\/2021\/02\/magyarfalu_logo-150x150.jpg\" class=\"attachment-thumbnail size-thumbnail wp-image-656 lazyload\" alt=\"\" src=\"data:image\/svg+xml;base64,PHN2ZyB3aWR0aD0iMSIgaGVpZ2h0PSIxIiB4bWxucz0iaHR0cDovL3d3dy53My5vcmcvMjAwMC9zdmciPjwvc3ZnPg==\" style=\"--smush-placeholder-width: 150px; --smush-placeholder-aspect-ratio: 150\/150;\" \/>\t\t\t\t\t\t\t\t\t\t\t\t\t\t\t<\/div>\n\t\t\t\t<\/div>\n\t\t\t\t<\/div>\n\t\t\t\t<\/div>\n\t\t\t\t\t<\/div>\n\t\t\t\t<\/div>\n\t\t\t\t<\/div>","protected":false},"excerpt":{"rendered":"<p>A Magyar Falu Program keret\u00e9ben 2021-ben meghirdetett Felel\u0151s \u00e1llattart\u00e1s el\u0151seg\u00edt\u00e9se-2021 c\u00edm\u0171, MFP-FAE\/2021 k\u00f3dsz\u00e1m\u00fa p\u00e1ly\u00e1zat Kedvezm\u00e9nyezett neve: Tiborsz\u00e1ll\u00e1s K\u00f6zs\u00e9g \u00d6nkorm\u00e1nyzataProjekt c\u00edme: Felel\u0151s \u00e1llattart\u00e1s el\u0151seg\u00edt\u00e9se Tiborsz\u00e1ll\u00e1sonVissza nem t\u00e9r\u00edtend\u0151 t\u00e1mogat\u00e1s \u00f6sszege: 1.126.155 FtT\u00e1mogat\u00e1s m\u00e9rt\u00e9ke: 100%Projekt megval\u00f3s\u00edt\u00e1s id\u0151szaka: 2021.11.24. &#8211; 2022.09.28.Projekt r\u00f6vid bemutat\u00e1sa: A telep\u00fcl\u00e9sen szinte minden h\u00e1zn\u00e1l tal\u00e1lhat\u00f3 kutya \u00e9s macskah\u00e1zi\u00e1llatk\u00e9nt. Az \u00e1llatok rendszeres k\u00f6telez\u0151 olt\u00e1sa megoldott, viszont [&hellip;]<\/p>\n","protected":false},"author":3,"featured_media":0,"parent":0,"menu_order":0,"comment_status":"closed","ping_status":"closed","template":"","meta":{"footnotes":""},"class_list":["post-1611","page","type-page","status-publish","hentry"],"yoast_head":"<!-- This site is optimized with the Yoast SEO plugin v27.3 - https:\/\/yoast.com\/product\/yoast-seo-wordpress\/ -->\n<title>Felel\u0151s \u00e1llattart\u00e1s el\u0151seg\u00edt\u00e9se Tiborsz\u00e1ll\u00e1son - \u00dcdv\u00f6z\u00f6lj\u00fck Tiborsz\u00e1ll\u00e1s K\u00f6zs\u00e9g honlapj\u00e1n<\/title>\n<meta name=\"robots\" content=\"index, follow, max-snippet:-1, max-image-preview:large, max-video-preview:-1\" \/>\n<link rel=\"canonical\" href=\"https:\/\/tiborszallas.hu\/en\/felelos-allattartas-elosegitese-tiborszallason\/\" \/>\n<meta property=\"og:locale\" content=\"en_US\" \/>\n<meta property=\"og:type\" content=\"article\" \/>\n<meta property=\"og:title\" content=\"Felel\u0151s \u00e1llattart\u00e1s el\u0151seg\u00edt\u00e9se Tiborsz\u00e1ll\u00e1son - \u00dcdv\u00f6z\u00f6lj\u00fck Tiborsz\u00e1ll\u00e1s K\u00f6zs\u00e9g honlapj\u00e1n\" \/>\n<meta property=\"og:description\" content=\"A Magyar Falu Program keret\u00e9ben 2021-ben meghirdetett Felel\u0151s \u00e1llattart\u00e1s el\u0151seg\u00edt\u00e9se-2021 c\u00edm\u0171, MFP-FAE\/2021 k\u00f3dsz\u00e1m\u00fa p\u00e1ly\u00e1zat Kedvezm\u00e9nyezett neve: Tiborsz\u00e1ll\u00e1s K\u00f6zs\u00e9g \u00d6nkorm\u00e1nyzataProjekt c\u00edme: Felel\u0151s \u00e1llattart\u00e1s el\u0151seg\u00edt\u00e9se Tiborsz\u00e1ll\u00e1sonVissza nem t\u00e9r\u00edtend\u0151 t\u00e1mogat\u00e1s \u00f6sszege: 1.126.155 FtT\u00e1mogat\u00e1s m\u00e9rt\u00e9ke: 100%Projekt megval\u00f3s\u00edt\u00e1s id\u0151szaka: 2021.11.24. &#8211; 2022.09.28.Projekt r\u00f6vid bemutat\u00e1sa: A telep\u00fcl\u00e9sen szinte minden h\u00e1zn\u00e1l tal\u00e1lhat\u00f3 kutya \u00e9s macskah\u00e1zi\u00e1llatk\u00e9nt. Az \u00e1llatok rendszeres k\u00f6telez\u0151 olt\u00e1sa megoldott, viszont [&hellip;]\" \/>\n<meta property=\"og:url\" content=\"https:\/\/tiborszallas.hu\/en\/felelos-allattartas-elosegitese-tiborszallason\/\" \/>\n<meta property=\"og:site_name\" content=\"\u00dcdv\u00f6z\u00f6lj\u00fck Tiborsz\u00e1ll\u00e1s K\u00f6zs\u00e9g honlapj\u00e1n\" \/>\n<meta property=\"article:modified_time\" content=\"2024-11-18T07:02:07+00:00\" \/>\n<meta property=\"og:image\" content=\"https:\/\/tiborszallas.hu\/wp-content\/uploads\/2021\/02\/magyarfalu_logo.jpg\" \/>\n\t<meta property=\"og:image:width\" content=\"550\" \/>\n\t<meta property=\"og:image:height\" content=\"531\" \/>\n\t<meta property=\"og:image:type\" content=\"image\/jpeg\" \/>\n<meta name=\"twitter:card\" content=\"summary_large_image\" \/>\n<meta name=\"twitter:label1\" content=\"Est. reading time\" \/>\n\t<meta name=\"twitter:data1\" content=\"1 minute\" \/>\n<script type=\"application\/ld+json\" class=\"yoast-schema-graph\">{\"@context\":\"https:\\\/\\\/schema.org\",\"@graph\":[{\"@type\":\"WebPage\",\"@id\":\"https:\\\/\\\/tiborszallas.hu\\\/felelos-allattartas-elosegitese-tiborszallason\\\/\",\"url\":\"https:\\\/\\\/tiborszallas.hu\\\/felelos-allattartas-elosegitese-tiborszallason\\\/\",\"name\":\"Felel\u0151s \u00e1llattart\u00e1s el\u0151seg\u00edt\u00e9se Tiborsz\u00e1ll\u00e1son - \u00dcdv\u00f6z\u00f6lj\u00fck Tiborsz\u00e1ll\u00e1s K\u00f6zs\u00e9g honlapj\u00e1n\",\"isPartOf\":{\"@id\":\"https:\\\/\\\/tiborszallas.hu\\\/#website\"},\"primaryImageOfPage\":{\"@id\":\"https:\\\/\\\/tiborszallas.hu\\\/felelos-allattartas-elosegitese-tiborszallason\\\/#primaryimage\"},\"image\":{\"@id\":\"https:\\\/\\\/tiborszallas.hu\\\/felelos-allattartas-elosegitese-tiborszallason\\\/#primaryimage\"},\"thumbnailUrl\":\"https:\\\/\\\/tiborszallas.hu\\\/wp-content\\\/uploads\\\/2021\\\/02\\\/magyarfalu_logo-150x150.jpg\",\"datePublished\":\"2024-11-18T06:58:10+00:00\",\"dateModified\":\"2024-11-18T07:02:07+00:00\",\"breadcrumb\":{\"@id\":\"https:\\\/\\\/tiborszallas.hu\\\/felelos-allattartas-elosegitese-tiborszallason\\\/#breadcrumb\"},\"inLanguage\":\"en-US\",\"potentialAction\":[{\"@type\":\"ReadAction\",\"target\":[\"https:\\\/\\\/tiborszallas.hu\\\/felelos-allattartas-elosegitese-tiborszallason\\\/\"]}]},{\"@type\":\"ImageObject\",\"inLanguage\":\"en-US\",\"@id\":\"https:\\\/\\\/tiborszallas.hu\\\/felelos-allattartas-elosegitese-tiborszallason\\\/#primaryimage\",\"url\":\"https:\\\/\\\/tiborszallas.hu\\\/wp-content\\\/uploads\\\/2021\\\/02\\\/magyarfalu_logo-150x150.jpg\",\"contentUrl\":\"https:\\\/\\\/tiborszallas.hu\\\/wp-content\\\/uploads\\\/2021\\\/02\\\/magyarfalu_logo-150x150.jpg\"},{\"@type\":\"BreadcrumbList\",\"@id\":\"https:\\\/\\\/tiborszallas.hu\\\/felelos-allattartas-elosegitese-tiborszallason\\\/#breadcrumb\",\"itemListElement\":[{\"@type\":\"ListItem\",\"position\":1,\"name\":\"Kezd\u0151lap\",\"item\":\"https:\\\/\\\/tiborszallas.hu\\\/\"},{\"@type\":\"ListItem\",\"position\":2,\"name\":\"Felel\u0151s \u00e1llattart\u00e1s el\u0151seg\u00edt\u00e9se Tiborsz\u00e1ll\u00e1son\"}]},{\"@type\":\"WebSite\",\"@id\":\"https:\\\/\\\/tiborszallas.hu\\\/#website\",\"url\":\"https:\\\/\\\/tiborszallas.hu\\\/\",\"name\":\"\u00dcdv\u00f6z\u00f6lj\u00fck Tiborsz\u00e1ll\u00e1s K\u00f6zs\u00e9g honlapj\u00e1n\",\"description\":\"Tiborsz\u00e1ll\u00e1s K\u00f6zs\u00e9g honlapja\",\"publisher\":{\"@id\":\"https:\\\/\\\/tiborszallas.hu\\\/#organization\"},\"potentialAction\":[{\"@type\":\"SearchAction\",\"target\":{\"@type\":\"EntryPoint\",\"urlTemplate\":\"https:\\\/\\\/tiborszallas.hu\\\/?s={search_term_string}\"},\"query-input\":{\"@type\":\"PropertyValueSpecification\",\"valueRequired\":true,\"valueName\":\"search_term_string\"}}],\"inLanguage\":\"en-US\"},{\"@type\":\"Organization\",\"@id\":\"https:\\\/\\\/tiborszallas.hu\\\/#organization\",\"name\":\"Tiborsz\u00e1ll\u00e1s K\u00f6zs\u00e9g\",\"url\":\"https:\\\/\\\/tiborszallas.hu\\\/\",\"logo\":{\"@type\":\"ImageObject\",\"inLanguage\":\"en-US\",\"@id\":\"https:\\\/\\\/tiborszallas.hu\\\/#\\\/schema\\\/logo\\\/image\\\/\",\"url\":\"https:\\\/\\\/tiborszallas.hu\\\/wp-content\\\/uploads\\\/2020\\\/02\\\/cropped-c\u00edmer2.png\",\"contentUrl\":\"https:\\\/\\\/tiborszallas.hu\\\/wp-content\\\/uploads\\\/2020\\\/02\\\/cropped-c\u00edmer2.png\",\"width\":240,\"height\":166,\"caption\":\"Tiborsz\u00e1ll\u00e1s K\u00f6zs\u00e9g\"},\"image\":{\"@id\":\"https:\\\/\\\/tiborszallas.hu\\\/#\\\/schema\\\/logo\\\/image\\\/\"}}]}<\/script>\n<!-- \/ Yoast SEO plugin. -->","yoast_head_json":{"title":"Promoting responsible animal husbandry in Tiborsz\u00e1ll\u00e1s - Welcome to the website of Tiborsz\u00e1ll\u00e1s","robots":{"index":"index","follow":"follow","max-snippet":"max-snippet:-1","max-image-preview":"max-image-preview:large","max-video-preview":"max-video-preview:-1"},"canonical":"https:\/\/tiborszallas.hu\/en\/felelos-allattartas-elosegitese-tiborszallason\/","og_locale":"en_US","og_type":"article","og_title":"Felel\u0151s \u00e1llattart\u00e1s el\u0151seg\u00edt\u00e9se Tiborsz\u00e1ll\u00e1son - \u00dcdv\u00f6z\u00f6lj\u00fck Tiborsz\u00e1ll\u00e1s K\u00f6zs\u00e9g honlapj\u00e1n","og_description":"A Magyar Falu Program keret\u00e9ben 2021-ben meghirdetett Felel\u0151s \u00e1llattart\u00e1s el\u0151seg\u00edt\u00e9se-2021 c\u00edm\u0171, MFP-FAE\/2021 k\u00f3dsz\u00e1m\u00fa p\u00e1ly\u00e1zat Kedvezm\u00e9nyezett neve: Tiborsz\u00e1ll\u00e1s K\u00f6zs\u00e9g \u00d6nkorm\u00e1nyzataProjekt c\u00edme: Felel\u0151s \u00e1llattart\u00e1s el\u0151seg\u00edt\u00e9se Tiborsz\u00e1ll\u00e1sonVissza nem t\u00e9r\u00edtend\u0151 t\u00e1mogat\u00e1s \u00f6sszege: 1.126.155 FtT\u00e1mogat\u00e1s m\u00e9rt\u00e9ke: 100%Projekt megval\u00f3s\u00edt\u00e1s id\u0151szaka: 2021.11.24. &#8211; 2022.09.28.Projekt r\u00f6vid bemutat\u00e1sa: A telep\u00fcl\u00e9sen szinte minden h\u00e1zn\u00e1l tal\u00e1lhat\u00f3 kutya \u00e9s macskah\u00e1zi\u00e1llatk\u00e9nt. Az \u00e1llatok rendszeres k\u00f6telez\u0151 olt\u00e1sa megoldott, viszont [&hellip;]","og_url":"https:\/\/tiborszallas.hu\/en\/felelos-allattartas-elosegitese-tiborszallason\/","og_site_name":"\u00dcdv\u00f6z\u00f6lj\u00fck Tiborsz\u00e1ll\u00e1s K\u00f6zs\u00e9g honlapj\u00e1n","article_modified_time":"2024-11-18T07:02:07+00:00","og_image":[{"width":550,"height":531,"url":"https:\/\/tiborszallas.hu\/wp-content\/uploads\/2021\/02\/magyarfalu_logo.jpg","type":"image\/jpeg"}],"twitter_card":"summary_large_image","twitter_misc":{"Est. reading time":"1 minute"},"schema":{"@context":"https:\/\/schema.org","@graph":[{"@type":"WebPage","@id":"https:\/\/tiborszallas.hu\/felelos-allattartas-elosegitese-tiborszallason\/","url":"https:\/\/tiborszallas.hu\/felelos-allattartas-elosegitese-tiborszallason\/","name":"Promoting responsible animal husbandry in Tiborsz\u00e1ll\u00e1s - Welcome to the website of Tiborsz\u00e1ll\u00e1s","isPartOf":{"@id":"https:\/\/tiborszallas.hu\/#website"},"primaryImageOfPage":{"@id":"https:\/\/tiborszallas.hu\/felelos-allattartas-elosegitese-tiborszallason\/#primaryimage"},"image":{"@id":"https:\/\/tiborszallas.hu\/felelos-allattartas-elosegitese-tiborszallason\/#primaryimage"},"thumbnailUrl":"https:\/\/tiborszallas.hu\/wp-content\/uploads\/2021\/02\/magyarfalu_logo-150x150.jpg","datePublished":"2024-11-18T06:58:10+00:00","dateModified":"2024-11-18T07:02:07+00:00","breadcrumb":{"@id":"https:\/\/tiborszallas.hu\/felelos-allattartas-elosegitese-tiborszallason\/#breadcrumb"},"inLanguage":"en-US","potentialAction":[{"@type":"ReadAction","target":["https:\/\/tiborszallas.hu\/felelos-allattartas-elosegitese-tiborszallason\/"]}]},{"@type":"ImageObject","inLanguage":"en-US","@id":"https:\/\/tiborszallas.hu\/felelos-allattartas-elosegitese-tiborszallason\/#primaryimage","url":"https:\/\/tiborszallas.hu\/wp-content\/uploads\/2021\/02\/magyarfalu_logo-150x150.jpg","contentUrl":"https:\/\/tiborszallas.hu\/wp-content\/uploads\/2021\/02\/magyarfalu_logo-150x150.jpg"},{"@type":"BreadcrumbList","@id":"https:\/\/tiborszallas.hu\/felelos-allattartas-elosegitese-tiborszallason\/#breadcrumb","itemListElement":[{"@type":"ListItem","position":1,"name":"Kezd\u0151lap","item":"https:\/\/tiborszallas.hu\/"},{"@type":"ListItem","position":2,"name":"Felel\u0151s \u00e1llattart\u00e1s el\u0151seg\u00edt\u00e9se Tiborsz\u00e1ll\u00e1son"}]},{"@type":"WebSite","@id":"https:\/\/tiborszallas.hu\/#website","url":"https:\/\/tiborszallas.hu\/","name":"Welcome to Tiborsz\u00e1ll\u00e1s Municipality website","description":"Tiborsz\u00e1ll\u00e1s Village website","publisher":{"@id":"https:\/\/tiborszallas.hu\/#organization"},"potentialAction":[{"@type":"SearchAction","target":{"@type":"EntryPoint","urlTemplate":"https:\/\/tiborszallas.hu\/?s={search_term_string}"},"query-input":{"@type":"PropertyValueSpecification","valueRequired":true,"valueName":"search_term_string"}}],"inLanguage":"en-US"},{"@type":"Organization","@id":"https:\/\/tiborszallas.hu\/#organization","name":"Tiborsz\u00e1ll\u00e1s Municipality","url":"https:\/\/tiborszallas.hu\/","logo":{"@type":"ImageObject","inLanguage":"en-US","@id":"https:\/\/tiborszallas.hu\/#\/schema\/logo\/image\/","url":"https:\/\/tiborszallas.hu\/wp-content\/uploads\/2020\/02\/cropped-c\u00edmer2.png","contentUrl":"https:\/\/tiborszallas.hu\/wp-content\/uploads\/2020\/02\/cropped-c\u00edmer2.png","width":240,"height":166,"caption":"Tiborsz\u00e1ll\u00e1s K\u00f6zs\u00e9g"},"image":{"@id":"https:\/\/tiborszallas.hu\/#\/schema\/logo\/image\/"}}]}},"_links":{"self":[{"href":"https:\/\/tiborszallas.hu\/en\/wp-json\/wp\/v2\/pages\/1611","targetHints":{"allow":["GET"]}}],"collection":[{"href":"https:\/\/tiborszallas.hu\/en\/wp-json\/wp\/v2\/pages"}],"about":[{"href":"https:\/\/tiborszallas.hu\/en\/wp-json\/wp\/v2\/types\/page"}],"author":[{"embeddable":true,"href":"https:\/\/tiborszallas.hu\/en\/wp-json\/wp\/v2\/users\/3"}],"replies":[{"embeddable":true,"href":"https:\/\/tiborszallas.hu\/en\/wp-json\/wp\/v2\/comments?post=1611"}],"version-history":[{"count":0,"href":"https:\/\/tiborszallas.hu\/en\/wp-json\/wp\/v2\/pages\/1611\/revisions"}],"wp:attachment":[{"href":"https:\/\/tiborszallas.hu\/en\/wp-json\/wp\/v2\/media?parent=1611"}],"curies":[{"name":"wp","href":"https:\/\/api.w.org\/{rel}","templated":true}]}}