{"id":1605,"date":"2024-11-18T07:50:21","date_gmt":"2024-11-18T06:50:21","guid":{"rendered":"https:\/\/tiborszallas.hu\/?page_id=1605"},"modified":"2024-11-18T07:55:23","modified_gmt":"2024-11-18T06:55:23","slug":"az-egeszsegugyi-alapellatas-fejlesztese-vallajon-es-tiborszallason-3","status":"publish","type":"page","link":"https:\/\/tiborszallas.hu\/en\/az-egeszsegugyi-alapellatas-fejlesztese-vallajon-es-tiborszallason-3\/","title":{"rendered":"Development of primary health care in V\u00e1llajon and Tiborsz\u00e1ll\u00e1s"},"content":{"rendered":"<div data-elementor-type=\"wp-page\" data-elementor-id=\"1605\" class=\"elementor elementor-1605\" data-elementor-post-type=\"page\">\n\t\t\t\t<div class=\"elementor-element elementor-element-4b9711d e-flex e-con-boxed e-con e-parent\" data-id=\"4b9711d\" data-element_type=\"container\" data-e-type=\"container\">\n\t\t\t\t\t<div class=\"e-con-inner\">\n\t\t\t\t<div class=\"elementor-element elementor-element-f540df7 elementor-widget elementor-widget-text-editor\" data-id=\"f540df7\" data-element_type=\"widget\" data-e-type=\"widget\" data-widget_type=\"text-editor.default\">\n\t\t\t\t<div class=\"elementor-widget-container\">\n\t\t\t\t\t\t\t\t\t<p><strong><span style=\"color: #344c94;\">Name of beneficiary: V\u00e1llaj Municipality<\/span><\/strong><\/p><p><strong><span style=\"color: #344c94;\">Project title: Development of primary health care in V\u00e1llajon and Tiborsz\u00e1ll\u00e1s<\/span><\/strong><\/p><p><strong><span style=\"color: #344c94;\">Contracted amount of aid: HUF 60 000 000<\/span><\/strong><\/p><p><strong><span style=\"color: #344c94;\">Rate of aid (in %): 100%<\/span><\/strong><\/p><p>\u00a0Presentation of the project content:<\/p><p>\u00a0The project involves the renovation of the primary health care building in Tiborsz\u00e1ll\u00e1s, except for the energy renovation of the building. For the municipality of V\u00e1llaj, the project will move the general practitioner's surgery and the counselling service of the midwife to a new building. The structure of primary health care in the municipalities covered by the project is as follows:<\/p><p>Midwife care: the care of the settlement is provided by the midwife of the V\u00e1llaj-Tiborsz\u00e1ll\u00e1s midwife district. The aim of the service is to protect the health of families, to help prevent illness, and to educate people about health in order to prevent the development of illness.<\/p><p>Medical care: general medical care is also provided in the V\u00e1llaj-Tiborsz\u00e1ll\u00e1s district in a mixed district. All specialised care is available in the town of M\u00e1t\u00e9szalka. A central medical service is located in Nagyecsed.<\/p><p>The justification for the construction of the new building is that the conversion of the current surgery would not have met the criteria for meeting the mandatory energy and medical criteria. The new surgery will be located in the heart of the village. The development will improve the quality of primary health care.<\/p><p>The Municipality of V\u00e1llaj has been awarded a non-repayable EU grant of 100% under the Operational Programme for Spatial and Urban Development<\/p><p>Project ID number: TOP-4.1.1-15-SB1-2016-00061<\/p><p>Start of project implementation: 01.08.2017.<\/p><p>The project was co-financed by the European Regional Development Fund with the support of the European Union.<\/p>\t\t\t\t\t\t\t\t<\/div>\n\t\t\t\t<\/div>\n\t\t\t\t\t<\/div>\n\t\t\t\t<\/div>\n\t\t<div class=\"elementor-element elementor-element-aa2e0e7 e-flex e-con-boxed e-con e-parent\" data-id=\"aa2e0e7\" data-element_type=\"container\" data-e-type=\"container\">\n\t\t\t\t\t<div class=\"e-con-inner\">\n\t\t\t\t<div class=\"elementor-element elementor-element-d2b10e0 elementor-widget elementor-widget-image\" data-id=\"d2b10e0\" data-element_type=\"widget\" data-e-type=\"widget\" data-widget_type=\"image.default\">\n\t\t\t\t<div class=\"elementor-widget-container\">\n\t\t\t\t\t\t\t\t\t\t\t\t\t\t\t<img decoding=\"async\" width=\"150\" height=\"150\" data-src=\"https:\/\/tiborszallas.hu\/wp-content\/uploads\/2024\/11\/Kep1-150x150.jpg\" class=\"attachment-thumbnail size-thumbnail wp-image-1606 lazyload\" alt=\"EU p\u00e1ly\u00e1zat log\u00f3\" src=\"data:image\/svg+xml;base64,PHN2ZyB3aWR0aD0iMSIgaGVpZ2h0PSIxIiB4bWxucz0iaHR0cDovL3d3dy53My5vcmcvMjAwMC9zdmciPjwvc3ZnPg==\" style=\"--smush-placeholder-width: 150px; --smush-placeholder-aspect-ratio: 150\/150;\" \/>\t\t\t\t\t\t\t\t\t\t\t\t\t\t\t<\/div>\n\t\t\t\t<\/div>\n\t\t\t\t\t<\/div>\n\t\t\t\t<\/div>\n\t\t\t\t<\/div>","protected":false},"excerpt":{"rendered":"<p>A kedvezm\u00e9nyezett neve: V\u00e1llaj K\u00f6zs\u00e9g \u00d6nkorm\u00e1nyzata A projekt c\u00edme: Az eg\u00e9szs\u00e9g\u00fcgyi alapell\u00e1t\u00e1s fejleszt\u00e9se V\u00e1llajon \u00e9s Tiborsz\u00e1ll\u00e1son A szerz\u0151d\u00f6tt t\u00e1mogat\u00e1s \u00f6sszege: 60 000 000 Ft A t\u00e1mogat\u00e1s m\u00e9rt\u00e9ke (%-ban): 100% A projekt tartalm\u00e1nak bemutat\u00e1sa: A projekt sor\u00e1n Tiborsz\u00e1ll\u00e1s telep\u00fcl\u00e9sen fel\u00faj\u00edt\u00e1sra ker\u00fcl az eg\u00e9szs\u00e9g\u00fcgyi alapell\u00e1t\u00f3 \u00e9p\u00fclet, kiv\u00e9ve az \u00e9p\u00fcletenergetikai fel\u00faj\u00edt\u00e1sokat. V\u00e1llaj telep\u00fcl\u00e9s vonatkoz\u00e1s\u00e1ban a projekt sor\u00e1n \u00faj [&hellip;]<\/p>\n","protected":false},"author":3,"featured_media":0,"parent":0,"menu_order":0,"comment_status":"closed","ping_status":"closed","template":"","meta":{"footnotes":""},"class_list":["post-1605","page","type-page","status-publish","hentry"],"yoast_head":"<!-- This site is optimized with the Yoast SEO plugin v27.3 - https:\/\/yoast.com\/product\/yoast-seo-wordpress\/ -->\n<title>Az eg\u00e9szs\u00e9g\u00fcgyi alapell\u00e1t\u00e1s fejleszt\u00e9se V\u00e1llajon \u00e9s Tiborsz\u00e1ll\u00e1son - \u00dcdv\u00f6z\u00f6lj\u00fck Tiborsz\u00e1ll\u00e1s K\u00f6zs\u00e9g honlapj\u00e1n<\/title>\n<meta name=\"robots\" content=\"index, follow, max-snippet:-1, max-image-preview:large, max-video-preview:-1\" \/>\n<link rel=\"canonical\" href=\"https:\/\/tiborszallas.hu\/en\/az-egeszsegugyi-alapellatas-fejlesztese-vallajon-es-tiborszallason-3\/\" \/>\n<meta property=\"og:locale\" content=\"en_US\" \/>\n<meta property=\"og:type\" content=\"article\" \/>\n<meta property=\"og:title\" content=\"Az eg\u00e9szs\u00e9g\u00fcgyi alapell\u00e1t\u00e1s fejleszt\u00e9se V\u00e1llajon \u00e9s Tiborsz\u00e1ll\u00e1son - \u00dcdv\u00f6z\u00f6lj\u00fck Tiborsz\u00e1ll\u00e1s K\u00f6zs\u00e9g honlapj\u00e1n\" \/>\n<meta property=\"og:description\" content=\"A kedvezm\u00e9nyezett neve: V\u00e1llaj K\u00f6zs\u00e9g \u00d6nkorm\u00e1nyzata A projekt c\u00edme: Az eg\u00e9szs\u00e9g\u00fcgyi alapell\u00e1t\u00e1s fejleszt\u00e9se V\u00e1llajon \u00e9s Tiborsz\u00e1ll\u00e1son A szerz\u0151d\u00f6tt t\u00e1mogat\u00e1s \u00f6sszege: 60 000 000 Ft A t\u00e1mogat\u00e1s m\u00e9rt\u00e9ke (%-ban): 100% A projekt tartalm\u00e1nak bemutat\u00e1sa: A projekt sor\u00e1n Tiborsz\u00e1ll\u00e1s telep\u00fcl\u00e9sen fel\u00faj\u00edt\u00e1sra ker\u00fcl az eg\u00e9szs\u00e9g\u00fcgyi alapell\u00e1t\u00f3 \u00e9p\u00fclet, kiv\u00e9ve az \u00e9p\u00fcletenergetikai fel\u00faj\u00edt\u00e1sokat. V\u00e1llaj telep\u00fcl\u00e9s vonatkoz\u00e1s\u00e1ban a projekt sor\u00e1n \u00faj [&hellip;]\" \/>\n<meta property=\"og:url\" content=\"https:\/\/tiborszallas.hu\/en\/az-egeszsegugyi-alapellatas-fejlesztese-vallajon-es-tiborszallason-3\/\" \/>\n<meta property=\"og:site_name\" content=\"\u00dcdv\u00f6z\u00f6lj\u00fck Tiborsz\u00e1ll\u00e1s K\u00f6zs\u00e9g honlapj\u00e1n\" \/>\n<meta property=\"article:modified_time\" content=\"2024-11-18T06:55:23+00:00\" \/>\n<meta property=\"og:image\" content=\"https:\/\/tiborszallas.hu\/wp-content\/uploads\/2024\/11\/Kep1.jpg\" \/>\n\t<meta property=\"og:image:width\" content=\"770\" \/>\n\t<meta property=\"og:image:height\" content=\"434\" \/>\n\t<meta property=\"og:image:type\" content=\"image\/jpeg\" \/>\n<meta name=\"twitter:card\" content=\"summary_large_image\" \/>\n<meta name=\"twitter:label1\" content=\"Est. reading time\" \/>\n\t<meta name=\"twitter:data1\" content=\"2 minutes\" \/>\n<script type=\"application\/ld+json\" class=\"yoast-schema-graph\">{\"@context\":\"https:\\\/\\\/schema.org\",\"@graph\":[{\"@type\":\"WebPage\",\"@id\":\"https:\\\/\\\/tiborszallas.hu\\\/az-egeszsegugyi-alapellatas-fejlesztese-vallajon-es-tiborszallason-3\\\/\",\"url\":\"https:\\\/\\\/tiborszallas.hu\\\/az-egeszsegugyi-alapellatas-fejlesztese-vallajon-es-tiborszallason-3\\\/\",\"name\":\"Az eg\u00e9szs\u00e9g\u00fcgyi alapell\u00e1t\u00e1s fejleszt\u00e9se V\u00e1llajon \u00e9s Tiborsz\u00e1ll\u00e1son - \u00dcdv\u00f6z\u00f6lj\u00fck Tiborsz\u00e1ll\u00e1s K\u00f6zs\u00e9g honlapj\u00e1n\",\"isPartOf\":{\"@id\":\"https:\\\/\\\/tiborszallas.hu\\\/#website\"},\"primaryImageOfPage\":{\"@id\":\"https:\\\/\\\/tiborszallas.hu\\\/az-egeszsegugyi-alapellatas-fejlesztese-vallajon-es-tiborszallason-3\\\/#primaryimage\"},\"image\":{\"@id\":\"https:\\\/\\\/tiborszallas.hu\\\/az-egeszsegugyi-alapellatas-fejlesztese-vallajon-es-tiborszallason-3\\\/#primaryimage\"},\"thumbnailUrl\":\"https:\\\/\\\/tiborszallas.hu\\\/wp-content\\\/uploads\\\/2024\\\/11\\\/Kep1-150x150.jpg\",\"datePublished\":\"2024-11-18T06:50:21+00:00\",\"dateModified\":\"2024-11-18T06:55:23+00:00\",\"breadcrumb\":{\"@id\":\"https:\\\/\\\/tiborszallas.hu\\\/az-egeszsegugyi-alapellatas-fejlesztese-vallajon-es-tiborszallason-3\\\/#breadcrumb\"},\"inLanguage\":\"en-US\",\"potentialAction\":[{\"@type\":\"ReadAction\",\"target\":[\"https:\\\/\\\/tiborszallas.hu\\\/az-egeszsegugyi-alapellatas-fejlesztese-vallajon-es-tiborszallason-3\\\/\"]}]},{\"@type\":\"ImageObject\",\"inLanguage\":\"en-US\",\"@id\":\"https:\\\/\\\/tiborszallas.hu\\\/az-egeszsegugyi-alapellatas-fejlesztese-vallajon-es-tiborszallason-3\\\/#primaryimage\",\"url\":\"https:\\\/\\\/tiborszallas.hu\\\/wp-content\\\/uploads\\\/2024\\\/11\\\/Kep1-150x150.jpg\",\"contentUrl\":\"https:\\\/\\\/tiborszallas.hu\\\/wp-content\\\/uploads\\\/2024\\\/11\\\/Kep1-150x150.jpg\"},{\"@type\":\"BreadcrumbList\",\"@id\":\"https:\\\/\\\/tiborszallas.hu\\\/az-egeszsegugyi-alapellatas-fejlesztese-vallajon-es-tiborszallason-3\\\/#breadcrumb\",\"itemListElement\":[{\"@type\":\"ListItem\",\"position\":1,\"name\":\"Kezd\u0151lap\",\"item\":\"https:\\\/\\\/tiborszallas.hu\\\/\"},{\"@type\":\"ListItem\",\"position\":2,\"name\":\"Az eg\u00e9szs\u00e9g\u00fcgyi alapell\u00e1t\u00e1s fejleszt\u00e9se V\u00e1llajon \u00e9s Tiborsz\u00e1ll\u00e1son\"}]},{\"@type\":\"WebSite\",\"@id\":\"https:\\\/\\\/tiborszallas.hu\\\/#website\",\"url\":\"https:\\\/\\\/tiborszallas.hu\\\/\",\"name\":\"\u00dcdv\u00f6z\u00f6lj\u00fck Tiborsz\u00e1ll\u00e1s K\u00f6zs\u00e9g honlapj\u00e1n\",\"description\":\"Tiborsz\u00e1ll\u00e1s K\u00f6zs\u00e9g honlapja\",\"publisher\":{\"@id\":\"https:\\\/\\\/tiborszallas.hu\\\/#organization\"},\"potentialAction\":[{\"@type\":\"SearchAction\",\"target\":{\"@type\":\"EntryPoint\",\"urlTemplate\":\"https:\\\/\\\/tiborszallas.hu\\\/?s={search_term_string}\"},\"query-input\":{\"@type\":\"PropertyValueSpecification\",\"valueRequired\":true,\"valueName\":\"search_term_string\"}}],\"inLanguage\":\"en-US\"},{\"@type\":\"Organization\",\"@id\":\"https:\\\/\\\/tiborszallas.hu\\\/#organization\",\"name\":\"Tiborsz\u00e1ll\u00e1s K\u00f6zs\u00e9g\",\"url\":\"https:\\\/\\\/tiborszallas.hu\\\/\",\"logo\":{\"@type\":\"ImageObject\",\"inLanguage\":\"en-US\",\"@id\":\"https:\\\/\\\/tiborszallas.hu\\\/#\\\/schema\\\/logo\\\/image\\\/\",\"url\":\"https:\\\/\\\/tiborszallas.hu\\\/wp-content\\\/uploads\\\/2020\\\/02\\\/cropped-c\u00edmer2.png\",\"contentUrl\":\"https:\\\/\\\/tiborszallas.hu\\\/wp-content\\\/uploads\\\/2020\\\/02\\\/cropped-c\u00edmer2.png\",\"width\":240,\"height\":166,\"caption\":\"Tiborsz\u00e1ll\u00e1s K\u00f6zs\u00e9g\"},\"image\":{\"@id\":\"https:\\\/\\\/tiborszallas.hu\\\/#\\\/schema\\\/logo\\\/image\\\/\"}}]}<\/script>\n<!-- \/ Yoast SEO plugin. -->","yoast_head_json":{"title":"The development of primary health care in V\u00e1llajon and Tiborsz\u00e1ll\u00e1s - Welcome to the website of Tiborsz\u00e1ll\u00e1s","robots":{"index":"index","follow":"follow","max-snippet":"max-snippet:-1","max-image-preview":"max-image-preview:large","max-video-preview":"max-video-preview:-1"},"canonical":"https:\/\/tiborszallas.hu\/en\/az-egeszsegugyi-alapellatas-fejlesztese-vallajon-es-tiborszallason-3\/","og_locale":"en_US","og_type":"article","og_title":"Az eg\u00e9szs\u00e9g\u00fcgyi alapell\u00e1t\u00e1s fejleszt\u00e9se V\u00e1llajon \u00e9s Tiborsz\u00e1ll\u00e1son - \u00dcdv\u00f6z\u00f6lj\u00fck Tiborsz\u00e1ll\u00e1s K\u00f6zs\u00e9g honlapj\u00e1n","og_description":"A kedvezm\u00e9nyezett neve: V\u00e1llaj K\u00f6zs\u00e9g \u00d6nkorm\u00e1nyzata A projekt c\u00edme: Az eg\u00e9szs\u00e9g\u00fcgyi alapell\u00e1t\u00e1s fejleszt\u00e9se V\u00e1llajon \u00e9s Tiborsz\u00e1ll\u00e1son A szerz\u0151d\u00f6tt t\u00e1mogat\u00e1s \u00f6sszege: 60 000 000 Ft A t\u00e1mogat\u00e1s m\u00e9rt\u00e9ke (%-ban): 100% A projekt tartalm\u00e1nak bemutat\u00e1sa: A projekt sor\u00e1n Tiborsz\u00e1ll\u00e1s telep\u00fcl\u00e9sen fel\u00faj\u00edt\u00e1sra ker\u00fcl az eg\u00e9szs\u00e9g\u00fcgyi alapell\u00e1t\u00f3 \u00e9p\u00fclet, kiv\u00e9ve az \u00e9p\u00fcletenergetikai fel\u00faj\u00edt\u00e1sokat. V\u00e1llaj telep\u00fcl\u00e9s vonatkoz\u00e1s\u00e1ban a projekt sor\u00e1n \u00faj [&hellip;]","og_url":"https:\/\/tiborszallas.hu\/en\/az-egeszsegugyi-alapellatas-fejlesztese-vallajon-es-tiborszallason-3\/","og_site_name":"\u00dcdv\u00f6z\u00f6lj\u00fck Tiborsz\u00e1ll\u00e1s K\u00f6zs\u00e9g honlapj\u00e1n","article_modified_time":"2024-11-18T06:55:23+00:00","og_image":[{"width":770,"height":434,"url":"https:\/\/tiborszallas.hu\/wp-content\/uploads\/2024\/11\/Kep1.jpg","type":"image\/jpeg"}],"twitter_card":"summary_large_image","twitter_misc":{"Est. reading time":"2 minutes"},"schema":{"@context":"https:\/\/schema.org","@graph":[{"@type":"WebPage","@id":"https:\/\/tiborszallas.hu\/az-egeszsegugyi-alapellatas-fejlesztese-vallajon-es-tiborszallason-3\/","url":"https:\/\/tiborszallas.hu\/az-egeszsegugyi-alapellatas-fejlesztese-vallajon-es-tiborszallason-3\/","name":"The development of primary health care in V\u00e1llajon and Tiborsz\u00e1ll\u00e1s - Welcome to the website of Tiborsz\u00e1ll\u00e1s","isPartOf":{"@id":"https:\/\/tiborszallas.hu\/#website"},"primaryImageOfPage":{"@id":"https:\/\/tiborszallas.hu\/az-egeszsegugyi-alapellatas-fejlesztese-vallajon-es-tiborszallason-3\/#primaryimage"},"image":{"@id":"https:\/\/tiborszallas.hu\/az-egeszsegugyi-alapellatas-fejlesztese-vallajon-es-tiborszallason-3\/#primaryimage"},"thumbnailUrl":"https:\/\/tiborszallas.hu\/wp-content\/uploads\/2024\/11\/Kep1-150x150.jpg","datePublished":"2024-11-18T06:50:21+00:00","dateModified":"2024-11-18T06:55:23+00:00","breadcrumb":{"@id":"https:\/\/tiborszallas.hu\/az-egeszsegugyi-alapellatas-fejlesztese-vallajon-es-tiborszallason-3\/#breadcrumb"},"inLanguage":"en-US","potentialAction":[{"@type":"ReadAction","target":["https:\/\/tiborszallas.hu\/az-egeszsegugyi-alapellatas-fejlesztese-vallajon-es-tiborszallason-3\/"]}]},{"@type":"ImageObject","inLanguage":"en-US","@id":"https:\/\/tiborszallas.hu\/az-egeszsegugyi-alapellatas-fejlesztese-vallajon-es-tiborszallason-3\/#primaryimage","url":"https:\/\/tiborszallas.hu\/wp-content\/uploads\/2024\/11\/Kep1-150x150.jpg","contentUrl":"https:\/\/tiborszallas.hu\/wp-content\/uploads\/2024\/11\/Kep1-150x150.jpg"},{"@type":"BreadcrumbList","@id":"https:\/\/tiborszallas.hu\/az-egeszsegugyi-alapellatas-fejlesztese-vallajon-es-tiborszallason-3\/#breadcrumb","itemListElement":[{"@type":"ListItem","position":1,"name":"Kezd\u0151lap","item":"https:\/\/tiborszallas.hu\/"},{"@type":"ListItem","position":2,"name":"Az eg\u00e9szs\u00e9g\u00fcgyi alapell\u00e1t\u00e1s fejleszt\u00e9se V\u00e1llajon \u00e9s Tiborsz\u00e1ll\u00e1son"}]},{"@type":"WebSite","@id":"https:\/\/tiborszallas.hu\/#website","url":"https:\/\/tiborszallas.hu\/","name":"Welcome to Tiborsz\u00e1ll\u00e1s Municipality website","description":"Tiborsz\u00e1ll\u00e1s Village website","publisher":{"@id":"https:\/\/tiborszallas.hu\/#organization"},"potentialAction":[{"@type":"SearchAction","target":{"@type":"EntryPoint","urlTemplate":"https:\/\/tiborszallas.hu\/?s={search_term_string}"},"query-input":{"@type":"PropertyValueSpecification","valueRequired":true,"valueName":"search_term_string"}}],"inLanguage":"en-US"},{"@type":"Organization","@id":"https:\/\/tiborszallas.hu\/#organization","name":"Tiborsz\u00e1ll\u00e1s Municipality","url":"https:\/\/tiborszallas.hu\/","logo":{"@type":"ImageObject","inLanguage":"en-US","@id":"https:\/\/tiborszallas.hu\/#\/schema\/logo\/image\/","url":"https:\/\/tiborszallas.hu\/wp-content\/uploads\/2020\/02\/cropped-c\u00edmer2.png","contentUrl":"https:\/\/tiborszallas.hu\/wp-content\/uploads\/2020\/02\/cropped-c\u00edmer2.png","width":240,"height":166,"caption":"Tiborsz\u00e1ll\u00e1s K\u00f6zs\u00e9g"},"image":{"@id":"https:\/\/tiborszallas.hu\/#\/schema\/logo\/image\/"}}]}},"_links":{"self":[{"href":"https:\/\/tiborszallas.hu\/en\/wp-json\/wp\/v2\/pages\/1605","targetHints":{"allow":["GET"]}}],"collection":[{"href":"https:\/\/tiborszallas.hu\/en\/wp-json\/wp\/v2\/pages"}],"about":[{"href":"https:\/\/tiborszallas.hu\/en\/wp-json\/wp\/v2\/types\/page"}],"author":[{"embeddable":true,"href":"https:\/\/tiborszallas.hu\/en\/wp-json\/wp\/v2\/users\/3"}],"replies":[{"embeddable":true,"href":"https:\/\/tiborszallas.hu\/en\/wp-json\/wp\/v2\/comments?post=1605"}],"version-history":[{"count":0,"href":"https:\/\/tiborszallas.hu\/en\/wp-json\/wp\/v2\/pages\/1605\/revisions"}],"wp:attachment":[{"href":"https:\/\/tiborszallas.hu\/en\/wp-json\/wp\/v2\/media?parent=1605"}],"curies":[{"name":"wp","href":"https:\/\/api.w.org\/{rel}","templated":true}]}}