{"id":1552,"date":"2024-11-17T21:03:03","date_gmt":"2024-11-17T20:03:03","guid":{"rendered":"https:\/\/tiborszallas.hu\/?page_id=1552"},"modified":"2024-11-18T13:08:22","modified_gmt":"2024-11-18T12:08:22","slug":"kezdo_elementor","status":"publish","type":"page","link":"https:\/\/tiborszallas.hu\/en\/","title":{"rendered":"Home page"},"content":{"rendered":"<div data-elementor-type=\"wp-page\" data-elementor-id=\"1552\" class=\"elementor elementor-1552\" data-elementor-post-type=\"page\">\n\t\t\t\t<div class=\"elementor-element elementor-element-87f0449 e-flex e-con-boxed e-con e-parent\" data-id=\"87f0449\" data-element_type=\"container\" data-e-type=\"container\">\n\t\t\t\t\t<div class=\"e-con-inner\">\n\t\t<div class=\"elementor-element elementor-element-92f9b45 e-con-full e-flex e-con e-child\" data-id=\"92f9b45\" data-element_type=\"container\" data-e-type=\"container\">\n\t\t<div class=\"elementor-element elementor-element-9a74492 e-flex e-con-boxed e-con e-child\" data-id=\"9a74492\" data-element_type=\"container\" data-e-type=\"container\" data-settings=\"{&quot;background_background&quot;:&quot;classic&quot;}\">\n\t\t\t\t\t<div class=\"e-con-inner\">\n\t\t\t\t<div class=\"elementor-element elementor-element-2d3050c elementor-position-left elementor-vertical-align-top elementor-widget elementor-widget-image-box\" data-id=\"2d3050c\" data-element_type=\"widget\" data-e-type=\"widget\" data-widget_type=\"image-box.default\">\n\t\t\t\t<div class=\"elementor-widget-container\">\n\t\t\t\t\t<div class=\"elementor-image-box-wrapper\"><figure class=\"elementor-image-box-img\"><img fetchpriority=\"high\" decoding=\"async\" width=\"1080\" height=\"1619\" src=\"https:\/\/tiborszallas.hu\/wp-content\/uploads\/2024\/10\/1000009515.jpg\" class=\"attachment-full size-full wp-image-1260\" alt=\"\" srcset=\"https:\/\/tiborszallas.hu\/wp-content\/uploads\/2024\/10\/1000009515.jpg 1080w, https:\/\/tiborszallas.hu\/wp-content\/uploads\/2024\/10\/1000009515-200x300.jpg 200w, https:\/\/tiborszallas.hu\/wp-content\/uploads\/2024\/10\/1000009515-683x1024.jpg 683w, https:\/\/tiborszallas.hu\/wp-content\/uploads\/2024\/10\/1000009515-768x1151.jpg 768w, https:\/\/tiborszallas.hu\/wp-content\/uploads\/2024\/10\/1000009515-1025x1536.jpg 1025w\" sizes=\"(max-width: 1080px) 100vw, 1080px\" \/><\/figure><div class=\"elementor-image-box-content\"><h3 class=\"elementor-image-box-title\">Dear Visitor!<\/h3><p class=\"elementor-image-box-description\">\n\nWelcome to our website.\n\nThis interface is intended to provide access to the most important information concerning the population.\n\nWe will do our best to provide you with up-to-date information to meet your needs.\n\nAfter all, the mayor, notary and council who run a municipality and the staff who support them in their work are there to serve the community that has entrusted them with their tasks.\n\nPersonally, I see my work as a service and I do my utmost to ensure that the results of this work benefit us all.\n\nPlease continue to look to us with confidence so that we can work together for the upliftment of Tiborsz\u00e1ll\u00e1s.\n\nThe respect of our ancestors, the diligence of our hard-working everyday people can only lead our community towards a future that can provide an open living space that meets the challenges of our times.\n\nJust as it took decades of draining the marsh and turning the land into fertile soil to make a success of Count Gyula K\u00e1rolyi's once famous model farm, so we, as his descendants, strive to rewrite our name in the history books. To do so, I ask for your help, encouragement and trust in our work.\n\nYours sincerely:\n\nJ\u00f3zsef Erdei\n\nMayor<\/p><\/div><\/div>\t\t\t\t<\/div>\n\t\t\t\t<\/div>\n\t\t\t\t\t<\/div>\n\t\t\t\t<\/div>\n\t\t\t\t<\/div>\n\t\t\t\t\t<\/div>\n\t\t\t\t<\/div>\n\t\t<div class=\"elementor-element elementor-element-a6eff75 e-flex e-con-boxed e-con e-parent\" data-id=\"a6eff75\" data-element_type=\"container\" data-e-type=\"container\">\n\t\t\t\t\t<div class=\"e-con-inner\">\n\t\t\t\t<div class=\"elementor-element elementor-element-e5a2ba4 elementor-widget elementor-widget-heading\" data-id=\"e5a2ba4\" data-element_type=\"widget\" data-e-type=\"widget\" data-widget_type=\"heading.default\">\n\t\t\t\t<div class=\"elementor-widget-container\">\n\t\t\t\t\t<h2 class=\"elementor-heading-title elementor-size-default\">News<\/h2>\t\t\t\t<\/div>\n\t\t\t\t<\/div>\n\t\t\t\t\t<\/div>\n\t\t\t\t<\/div>\n\t\t<div class=\"elementor-element elementor-element-9a3a6a6 e-flex e-con-boxed e-con e-parent\" data-id=\"9a3a6a6\" data-element_type=\"container\" data-e-type=\"container\">\n\t\t\t\t\t<div class=\"e-con-inner\">\n\t\t\t\t<div class=\"elementor-element elementor-element-7c97300 elementor-widget-divider--view-line elementor-widget elementor-widget-divider\" data-id=\"7c97300\" data-element_type=\"widget\" data-e-type=\"widget\" data-widget_type=\"divider.default\">\n\t\t\t\t<div class=\"elementor-widget-container\">\n\t\t\t\t\t\t\t<div class=\"elementor-divider\">\n\t\t\t<span class=\"elementor-divider-separator\">\n\t\t\t\t\t\t<\/span>\n\t\t<\/div>\n\t\t\t\t\t\t<\/div>\n\t\t\t\t<\/div>\n\t\t\t\t\t<\/div>\n\t\t\t\t<\/div>\n\t\t<div class=\"elementor-element elementor-element-d029366 e-flex e-con-boxed e-con e-parent\" data-id=\"d029366\" data-element_type=\"container\" data-e-type=\"container\">\n\t\t\t\t\t<div class=\"e-con-inner\">\n\t\t\t\t<div class=\"elementor-element elementor-element-b3eebcf elementor-grid-3 elementor-grid-tablet-2 elementor-grid-mobile-1 elementor-posts--thumbnail-top elementor-posts--show-avatar elementor-card-shadow-yes elementor-posts__hover-gradient elementor-widget elementor-widget-posts\" data-id=\"b3eebcf\" data-element_type=\"widget\" data-e-type=\"widget\" data-settings=\"{&quot;pagination_type&quot;:&quot;load_more_infinite_scroll&quot;,&quot;cards_columns&quot;:&quot;3&quot;,&quot;cards_columns_tablet&quot;:&quot;2&quot;,&quot;cards_columns_mobile&quot;:&quot;1&quot;,&quot;cards_row_gap&quot;:{&quot;unit&quot;:&quot;px&quot;,&quot;size&quot;:35,&quot;sizes&quot;:[]},&quot;cards_row_gap_laptop&quot;:{&quot;unit&quot;:&quot;px&quot;,&quot;size&quot;:&quot;&quot;,&quot;sizes&quot;:[]},&quot;cards_row_gap_tablet&quot;:{&quot;unit&quot;:&quot;px&quot;,&quot;size&quot;:&quot;&quot;,&quot;sizes&quot;:[]},&quot;cards_row_gap_mobile&quot;:{&quot;unit&quot;:&quot;px&quot;,&quot;size&quot;:&quot;&quot;,&quot;sizes&quot;:[]},&quot;load_more_spinner&quot;:{&quot;value&quot;:&quot;fas fa-spinner&quot;,&quot;library&quot;:&quot;fa-solid&quot;}}\" data-widget_type=\"posts.cards\">\n\t\t\t\t<div class=\"elementor-widget-container\">\n\t\t\t\t\t\t\t<div class=\"elementor-posts-container elementor-posts elementor-posts--skin-cards elementor-grid\" role=\"list\">\n\t\t\t\t<article class=\"elementor-post elementor-grid-item post-2638 post type-post status-publish format-standard hentry category-dokumentumok-nyomtatvanyok\" role=\"listitem\">\n\t\t\t<div class=\"elementor-post__card\">\n\t\t\t\t<div class=\"elementor-post__text\">\n\t\t\t\t<h3 class=\"elementor-post__title\">\n\t\t\t<a href=\"https:\/\/tiborszallas.hu\/en\/hirdetmeny-trv\/\" >\n\t\t\t\tHirdetm\u00e9ny TRV\t\t\t<\/a>\n\t\t<\/h3>\n\t\t\t\t<div class=\"elementor-post__excerpt\">\n\t\t\t<p>TIBORSZ\u00c1LL\u00c1S ALACSONYT\u00c1ROZ\u00d3 MOS\u00c1S<\/p>\n\t\t<\/div>\n\t\t\n\t\t<a class=\"elementor-post__read-more\" href=\"https:\/\/tiborszallas.hu\/en\/hirdetmeny-trv\/\" aria-label=\"Read more about Hirdetm\u00e9ny TRV\" tabindex=\"-1\" >\n\t\t\tRead more \"\t\t<\/a>\n\n\t\t\t\t<\/div>\n\t\t\t\t<div class=\"elementor-post__meta-data\">\n\t\t\t\t\t<span class=\"elementor-post-date\">\n\t\t\t2026.04.09.\t\t<\/span>\n\t\t\t\t<span class=\"elementor-post-avatar\">\n\t\t\tNo Comments\t\t<\/span>\n\t\t\t\t<\/div>\n\t\t\t\t\t<\/div>\n\t\t<\/article>\n\t\t\t\t<article class=\"elementor-post elementor-grid-item post-2634 post type-post status-publish format-standard hentry category-dokumentumok-nyomtatvanyok\" role=\"listitem\">\n\t\t\t<div class=\"elementor-post__card\">\n\t\t\t\t<div class=\"elementor-post__text\">\n\t\t\t\t<h3 class=\"elementor-post__title\">\n\t\t\t<a href=\"https:\/\/tiborszallas.hu\/en\/2634-2\/\" >\n\t\t\t\tH\u00fasv\u00e9ti k\u00f6sz\u00f6nt\u0151\t\t\t<\/a>\n\t\t<\/h3>\n\t\t\t\t<div class=\"elementor-post__excerpt\">\n\t\t\t\t\t<\/div>\n\t\t\n\t\t<a class=\"elementor-post__read-more\" href=\"https:\/\/tiborszallas.hu\/en\/2634-2\/\" aria-label=\"Read more about H\u00fasv\u00e9ti k\u00f6sz\u00f6nt\u0151\" tabindex=\"-1\" >\n\t\t\tRead more \"\t\t<\/a>\n\n\t\t\t\t<\/div>\n\t\t\t\t<div class=\"elementor-post__meta-data\">\n\t\t\t\t\t<span class=\"elementor-post-date\">\n\t\t\t2026.04.02.\t\t<\/span>\n\t\t\t\t<span class=\"elementor-post-avatar\">\n\t\t\tNo Comments\t\t<\/span>\n\t\t\t\t<\/div>\n\t\t\t\t\t<\/div>\n\t\t<\/article>\n\t\t\t\t<article class=\"elementor-post elementor-grid-item post-2626 post type-post status-publish format-standard hentry category-dokumentumok-nyomtatvanyok\" role=\"listitem\">\n\t\t\t<div class=\"elementor-post__card\">\n\t\t\t\t<div class=\"elementor-post__text\">\n\t\t\t\t<h3 class=\"elementor-post__title\">\n\t\t\t<a href=\"https:\/\/tiborszallas.hu\/en\/eboltas-hirdetmeny\/\" >\n\t\t\t\tEbolt\u00e1s hirdetm\u00e9ny\t\t\t<\/a>\n\t\t<\/h3>\n\t\t\t\t<div class=\"elementor-post__excerpt\">\n\t\t\t<p>MX-2630N_20260330_120137<\/p>\n\t\t<\/div>\n\t\t\n\t\t<a class=\"elementor-post__read-more\" href=\"https:\/\/tiborszallas.hu\/en\/eboltas-hirdetmeny\/\" aria-label=\"Read more about Ebolt\u00e1s hirdetm\u00e9ny\" tabindex=\"-1\" >\n\t\t\tRead more \"\t\t<\/a>\n\n\t\t\t\t<\/div>\n\t\t\t\t<div class=\"elementor-post__meta-data\">\n\t\t\t\t\t<span class=\"elementor-post-date\">\n\t\t\t2026.03.30.\t\t<\/span>\n\t\t\t\t<span class=\"elementor-post-avatar\">\n\t\t\tNo Comments\t\t<\/span>\n\t\t\t\t<\/div>\n\t\t\t\t\t<\/div>\n\t\t<\/article>\n\t\t\t\t<article class=\"elementor-post elementor-grid-item post-2623 post type-post status-publish format-standard hentry category-dokumentumok-nyomtatvanyok\" role=\"listitem\">\n\t\t\t<div class=\"elementor-post__card\">\n\t\t\t\t<div class=\"elementor-post__text\">\n\t\t\t\t<h3 class=\"elementor-post__title\">\n\t\t\t<a href=\"https:\/\/tiborszallas.hu\/en\/mav-tajekoztatas-vegyszeres-gyomirtasrol\/\" >\n\t\t\t\tM\u00c1V t\u00e1j\u00e9koztat\u00e1s vegyszeres gyomirt\u00e1sr\u00f3l\t\t\t<\/a>\n\t\t<\/h3>\n\t\t\t\t<div class=\"elementor-post__excerpt\">\n\t\t\t<p>8024_2026_PALYA Tajekoztatas vegyszeres gyomirtasrol _1_<\/p>\n\t\t<\/div>\n\t\t\n\t\t<a class=\"elementor-post__read-more\" href=\"https:\/\/tiborszallas.hu\/en\/mav-tajekoztatas-vegyszeres-gyomirtasrol\/\" aria-label=\"Read more about M\u00c1V t\u00e1j\u00e9koztat\u00e1s vegyszeres gyomirt\u00e1sr\u00f3l\" tabindex=\"-1\" >\n\t\t\tRead more \"\t\t<\/a>\n\n\t\t\t\t<\/div>\n\t\t\t\t<div class=\"elementor-post__meta-data\">\n\t\t\t\t\t<span class=\"elementor-post-date\">\n\t\t\t2026.03.26.\t\t<\/span>\n\t\t\t\t<span class=\"elementor-post-avatar\">\n\t\t\tNo Comments\t\t<\/span>\n\t\t\t\t<\/div>\n\t\t\t\t\t<\/div>\n\t\t<\/article>\n\t\t\t\t<article class=\"elementor-post elementor-grid-item post-2620 post type-post status-publish format-standard hentry category-dokumentumok-nyomtatvanyok\" role=\"listitem\">\n\t\t\t<div class=\"elementor-post__card\">\n\t\t\t\t<div class=\"elementor-post__text\">\n\t\t\t\t<h3 class=\"elementor-post__title\">\n\t\t\t<a href=\"https:\/\/tiborszallas.hu\/en\/roka-hirdetmeny\/\" >\n\t\t\t\tR\u00f3ka hirdetm\u00e9ny\t\t\t<\/a>\n\t\t<\/h3>\n\t\t\t\t<div class=\"elementor-post__excerpt\">\n\t\t\t<p>R\u00f3ka hirdetm\u00e9ny<\/p>\n\t\t<\/div>\n\t\t\n\t\t<a class=\"elementor-post__read-more\" href=\"https:\/\/tiborszallas.hu\/en\/roka-hirdetmeny\/\" aria-label=\"Read more about R\u00f3ka hirdetm\u00e9ny\" tabindex=\"-1\" >\n\t\t\tRead more \"\t\t<\/a>\n\n\t\t\t\t<\/div>\n\t\t\t\t<div class=\"elementor-post__meta-data\">\n\t\t\t\t\t<span class=\"elementor-post-date\">\n\t\t\t2026.03.25.\t\t<\/span>\n\t\t\t\t<span class=\"elementor-post-avatar\">\n\t\t\tNo Comments\t\t<\/span>\n\t\t\t\t<\/div>\n\t\t\t\t\t<\/div>\n\t\t<\/article>\n\t\t\t\t<article class=\"elementor-post elementor-grid-item post-2617 post type-post status-publish format-standard hentry category-dokumentumok-nyomtatvanyok\" role=\"listitem\">\n\t\t\t<div class=\"elementor-post__card\">\n\t\t\t\t<div class=\"elementor-post__text\">\n\t\t\t\t<h3 class=\"elementor-post__title\">\n\t\t\t<a href=\"https:\/\/tiborszallas.hu\/en\/hirdetmeny\/\" >\n\t\t\t\tHirdetm\u00e9ny\t\t\t<\/a>\n\t\t<\/h3>\n\t\t\t\t<div class=\"elementor-post__excerpt\">\n\t\t\t<p>Tiborsz\u00e1ll\u00e1s M\u00e9rk 087-5<\/p>\n\t\t<\/div>\n\t\t\n\t\t<a class=\"elementor-post__read-more\" href=\"https:\/\/tiborszallas.hu\/en\/hirdetmeny\/\" aria-label=\"Read more about Hirdetm\u00e9ny\" tabindex=\"-1\" >\n\t\t\tRead more \"\t\t<\/a>\n\n\t\t\t\t<\/div>\n\t\t\t\t<div class=\"elementor-post__meta-data\">\n\t\t\t\t\t<span class=\"elementor-post-date\">\n\t\t\t2026.03.25.\t\t<\/span>\n\t\t\t\t<span class=\"elementor-post-avatar\">\n\t\t\tNo Comments\t\t<\/span>\n\t\t\t\t<\/div>\n\t\t\t\t\t<\/div>\n\t\t<\/article>\n\t\t\t\t<\/div>\n\t\t\t\t\t<span class=\"e-load-more-spinner\">\n\t\t\t\t<svg aria-hidden=\"true\" class=\"e-font-icon-svg e-fas-spinner\" viewbox=\"0 0 512 512\" xmlns=\"http:\/\/www.w3.org\/2000\/svg\"><path d=\"M304 48c0 26.51-21.49 48-48 48s-48-21.49-48-48 21.49-48 48-48 48 21.49 48 48zm-48 368c-26.51 0-48 21.49-48 48s21.49 48 48 48 48-21.49 48-48-21.49-48-48-48zm208-208c-26.51 0-48 21.49-48 48s21.49 48 48 48 48-21.49 48-48-21.49-48-48-48zM96 256c0-26.51-21.49-48-48-48S0 229.49 0 256s21.49 48 48 48 48-21.49 48-48zm12.922 99.078c-26.51 0-48 21.49-48 48s21.49 48 48 48 48-21.49 48-48c0-26.509-21.491-48-48-48zm294.156 0c-26.51 0-48 21.49-48 48s21.49 48 48 48 48-21.49 48-48c0-26.509-21.49-48-48-48zM108.922 60.922c-26.51 0-48 21.49-48 48s21.49 48 48 48 48-21.49 48-48-21.491-48-48-48z\"><\/path><\/svg>\t\t\t<\/span>\n\t\t\n\t\t\t\t<div class=\"e-load-more-anchor\" data-page=\"1\" data-max-page=\"6\" data-next-page=\"https:\/\/tiborszallas.hu\/en\/wp-json\/wp\/v2\/pages\/1552\/page\/2\/\"><\/div>\n\t\t\t\t<div class=\"e-load-more-message\"><\/div>\n\t\t\t\t\t\t<\/div>\n\t\t\t\t<\/div>\n\t\t\t\t\t<\/div>\n\t\t\t\t<\/div>\n\t\t<div class=\"elementor-element elementor-element-d22aec7 e-flex e-con-boxed e-con e-parent\" data-id=\"d22aec7\" data-element_type=\"container\" data-e-type=\"container\">\n\t\t\t\t\t<div class=\"e-con-inner\">\n\t\t\t\t<div class=\"elementor-element elementor-element-c6708db elementor-widget elementor-widget-spacer\" data-id=\"c6708db\" data-element_type=\"widget\" data-e-type=\"widget\" data-widget_type=\"spacer.default\">\n\t\t\t\t<div class=\"elementor-widget-container\">\n\t\t\t\t\t\t\t<div class=\"elementor-spacer\">\n\t\t\t<div class=\"elementor-spacer-inner\"><\/div>\n\t\t<\/div>\n\t\t\t\t\t\t<\/div>\n\t\t\t\t<\/div>\n\t\t\t\t\t<\/div>\n\t\t\t\t<\/div>\n\t\t\t\t<\/div>","protected":false},"excerpt":{"rendered":"<p>Tisztelt L\u00e1togat\u00f3! K\u00f6sz\u00f6nt\u00f6m telep\u00fcl\u00e9s\u00fcnk honlapj\u00e1n. Jelen fel\u00fcleten, a lakoss\u00e1got \u00e9rint\u0151 legfontosabb inform\u00e1ci\u00f3khoz k\u00edv\u00e1nunk hozz\u00e1f\u00e9r\u00e9st ny\u00fajtani. Igyeksz\u00fcnk naprak\u00e9sz, a legt\u00f6bb ig\u00e9nyt kiel\u00e9g\u00edt\u0151 m\u00f3don itt is szolg\u00e1lni \u00d6n\u00f6ket. Ugyanis egy telep\u00fcl\u00e9st ir\u00e1ny\u00edt\u00f3 polg\u00e1rmester, jegyz\u0151, illetve k\u00e9pvisel\u0151test\u00fclet \u00e9s a munk\u00e1jukat seg\u00edt\u0151 szem\u00e9lyzet szolg\u00e1ja annak a k\u00f6z\u00f6ss\u00e9gnek, amely r\u00e1juk b\u00edzta dolgaik int\u00e9z\u00e9s\u00e9t. Szem\u00e9ly szerint is szolg\u00e1latnak tekintem tev\u00e9kenys\u00e9gemet \u00e9s [&hellip;]<\/p>\n","protected":false},"author":3,"featured_media":0,"parent":0,"menu_order":0,"comment_status":"closed","ping_status":"closed","template":"","meta":{"footnotes":""},"class_list":["post-1552","page","type-page","status-publish","hentry"],"yoast_head":"<!-- This site is optimized with the Yoast SEO plugin v27.3 - https:\/\/yoast.com\/product\/yoast-seo-wordpress\/ -->\n<title>Kezd\u0151lap - \u00dcdv\u00f6z\u00f6lj\u00fck Tiborsz\u00e1ll\u00e1s K\u00f6zs\u00e9g honlapj\u00e1n<\/title>\n<meta name=\"robots\" content=\"index, follow, max-snippet:-1, max-image-preview:large, max-video-preview:-1\" \/>\n<link rel=\"canonical\" href=\"https:\/\/tiborszallas.hu\/en\/\" \/>\n<meta property=\"og:locale\" content=\"en_US\" \/>\n<meta property=\"og:type\" content=\"article\" \/>\n<meta property=\"og:title\" content=\"Kezd\u0151lap - \u00dcdv\u00f6z\u00f6lj\u00fck Tiborsz\u00e1ll\u00e1s K\u00f6zs\u00e9g honlapj\u00e1n\" \/>\n<meta property=\"og:description\" content=\"Tisztelt L\u00e1togat\u00f3! K\u00f6sz\u00f6nt\u00f6m telep\u00fcl\u00e9s\u00fcnk honlapj\u00e1n. Jelen fel\u00fcleten, a lakoss\u00e1got \u00e9rint\u0151 legfontosabb inform\u00e1ci\u00f3khoz k\u00edv\u00e1nunk hozz\u00e1f\u00e9r\u00e9st ny\u00fajtani. Igyeksz\u00fcnk naprak\u00e9sz, a legt\u00f6bb ig\u00e9nyt kiel\u00e9g\u00edt\u0151 m\u00f3don itt is szolg\u00e1lni \u00d6n\u00f6ket. Ugyanis egy telep\u00fcl\u00e9st ir\u00e1ny\u00edt\u00f3 polg\u00e1rmester, jegyz\u0151, illetve k\u00e9pvisel\u0151test\u00fclet \u00e9s a munk\u00e1jukat seg\u00edt\u0151 szem\u00e9lyzet szolg\u00e1ja annak a k\u00f6z\u00f6ss\u00e9gnek, amely r\u00e1juk b\u00edzta dolgaik int\u00e9z\u00e9s\u00e9t. Szem\u00e9ly szerint is szolg\u00e1latnak tekintem tev\u00e9kenys\u00e9gemet \u00e9s [&hellip;]\" \/>\n<meta property=\"og:url\" content=\"https:\/\/tiborszallas.hu\/en\/\" \/>\n<meta property=\"og:site_name\" content=\"\u00dcdv\u00f6z\u00f6lj\u00fck Tiborsz\u00e1ll\u00e1s K\u00f6zs\u00e9g honlapj\u00e1n\" \/>\n<meta property=\"article:modified_time\" content=\"2024-11-18T12:08:22+00:00\" \/>\n<meta property=\"og:image\" content=\"https:\/\/tiborszallas.hu\/wp-content\/uploads\/2024\/10\/1000009515.jpg\" \/>\n<meta name=\"twitter:card\" content=\"summary_large_image\" \/>\n<meta name=\"twitter:label1\" content=\"Est. reading time\" \/>\n\t<meta name=\"twitter:data1\" content=\"2 minutes\" \/>\n<script type=\"application\/ld+json\" class=\"yoast-schema-graph\">{\"@context\":\"https:\\\/\\\/schema.org\",\"@graph\":[{\"@type\":\"WebPage\",\"@id\":\"https:\\\/\\\/tiborszallas.hu\\\/\",\"url\":\"https:\\\/\\\/tiborszallas.hu\\\/\",\"name\":\"Kezd\u0151lap - \u00dcdv\u00f6z\u00f6lj\u00fck Tiborsz\u00e1ll\u00e1s K\u00f6zs\u00e9g honlapj\u00e1n\",\"isPartOf\":{\"@id\":\"https:\\\/\\\/tiborszallas.hu\\\/#website\"},\"primaryImageOfPage\":{\"@id\":\"https:\\\/\\\/tiborszallas.hu\\\/#primaryimage\"},\"image\":{\"@id\":\"https:\\\/\\\/tiborszallas.hu\\\/#primaryimage\"},\"thumbnailUrl\":\"https:\\\/\\\/tiborszallas.hu\\\/wp-content\\\/uploads\\\/2024\\\/10\\\/1000009515.jpg\",\"datePublished\":\"2024-11-17T20:03:03+00:00\",\"dateModified\":\"2024-11-18T12:08:22+00:00\",\"breadcrumb\":{\"@id\":\"https:\\\/\\\/tiborszallas.hu\\\/#breadcrumb\"},\"inLanguage\":\"en-US\",\"potentialAction\":[{\"@type\":\"ReadAction\",\"target\":[\"https:\\\/\\\/tiborszallas.hu\\\/\"]}]},{\"@type\":\"ImageObject\",\"inLanguage\":\"en-US\",\"@id\":\"https:\\\/\\\/tiborszallas.hu\\\/#primaryimage\",\"url\":\"https:\\\/\\\/tiborszallas.hu\\\/wp-content\\\/uploads\\\/2024\\\/10\\\/1000009515.jpg\",\"contentUrl\":\"https:\\\/\\\/tiborszallas.hu\\\/wp-content\\\/uploads\\\/2024\\\/10\\\/1000009515.jpg\"},{\"@type\":\"BreadcrumbList\",\"@id\":\"https:\\\/\\\/tiborszallas.hu\\\/#breadcrumb\",\"itemListElement\":[{\"@type\":\"ListItem\",\"position\":1,\"name\":\"Kezd\u0151lap\",\"item\":\"https:\\\/\\\/tiborszallas.hu\\\/\"},{\"@type\":\"ListItem\",\"position\":2,\"name\":\"Kezd\u0151lap\"}]},{\"@type\":\"WebSite\",\"@id\":\"https:\\\/\\\/tiborszallas.hu\\\/#website\",\"url\":\"https:\\\/\\\/tiborszallas.hu\\\/\",\"name\":\"\u00dcdv\u00f6z\u00f6lj\u00fck Tiborsz\u00e1ll\u00e1s K\u00f6zs\u00e9g honlapj\u00e1n\",\"description\":\"Tiborsz\u00e1ll\u00e1s K\u00f6zs\u00e9g honlapja\",\"publisher\":{\"@id\":\"https:\\\/\\\/tiborszallas.hu\\\/#organization\"},\"potentialAction\":[{\"@type\":\"SearchAction\",\"target\":{\"@type\":\"EntryPoint\",\"urlTemplate\":\"https:\\\/\\\/tiborszallas.hu\\\/?s={search_term_string}\"},\"query-input\":{\"@type\":\"PropertyValueSpecification\",\"valueRequired\":true,\"valueName\":\"search_term_string\"}}],\"inLanguage\":\"en-US\"},{\"@type\":\"Organization\",\"@id\":\"https:\\\/\\\/tiborszallas.hu\\\/#organization\",\"name\":\"Tiborsz\u00e1ll\u00e1s K\u00f6zs\u00e9g\",\"url\":\"https:\\\/\\\/tiborszallas.hu\\\/\",\"logo\":{\"@type\":\"ImageObject\",\"inLanguage\":\"en-US\",\"@id\":\"https:\\\/\\\/tiborszallas.hu\\\/#\\\/schema\\\/logo\\\/image\\\/\",\"url\":\"https:\\\/\\\/tiborszallas.hu\\\/wp-content\\\/uploads\\\/2020\\\/02\\\/cropped-c\u00edmer2.png\",\"contentUrl\":\"https:\\\/\\\/tiborszallas.hu\\\/wp-content\\\/uploads\\\/2020\\\/02\\\/cropped-c\u00edmer2.png\",\"width\":240,\"height\":166,\"caption\":\"Tiborsz\u00e1ll\u00e1s K\u00f6zs\u00e9g\"},\"image\":{\"@id\":\"https:\\\/\\\/tiborszallas.hu\\\/#\\\/schema\\\/logo\\\/image\\\/\"}}]}<\/script>\n<!-- \/ Yoast SEO plugin. -->","yoast_head_json":{"title":"Home - Welcome to Tiborsz\u00e1ll\u00e1s Village website","robots":{"index":"index","follow":"follow","max-snippet":"max-snippet:-1","max-image-preview":"max-image-preview:large","max-video-preview":"max-video-preview:-1"},"canonical":"https:\/\/tiborszallas.hu\/en\/","og_locale":"en_US","og_type":"article","og_title":"Kezd\u0151lap - \u00dcdv\u00f6z\u00f6lj\u00fck Tiborsz\u00e1ll\u00e1s K\u00f6zs\u00e9g honlapj\u00e1n","og_description":"Tisztelt L\u00e1togat\u00f3! K\u00f6sz\u00f6nt\u00f6m telep\u00fcl\u00e9s\u00fcnk honlapj\u00e1n. Jelen fel\u00fcleten, a lakoss\u00e1got \u00e9rint\u0151 legfontosabb inform\u00e1ci\u00f3khoz k\u00edv\u00e1nunk hozz\u00e1f\u00e9r\u00e9st ny\u00fajtani. Igyeksz\u00fcnk naprak\u00e9sz, a legt\u00f6bb ig\u00e9nyt kiel\u00e9g\u00edt\u0151 m\u00f3don itt is szolg\u00e1lni \u00d6n\u00f6ket. Ugyanis egy telep\u00fcl\u00e9st ir\u00e1ny\u00edt\u00f3 polg\u00e1rmester, jegyz\u0151, illetve k\u00e9pvisel\u0151test\u00fclet \u00e9s a munk\u00e1jukat seg\u00edt\u0151 szem\u00e9lyzet szolg\u00e1ja annak a k\u00f6z\u00f6ss\u00e9gnek, amely r\u00e1juk b\u00edzta dolgaik int\u00e9z\u00e9s\u00e9t. Szem\u00e9ly szerint is szolg\u00e1latnak tekintem tev\u00e9kenys\u00e9gemet \u00e9s [&hellip;]","og_url":"https:\/\/tiborszallas.hu\/en\/","og_site_name":"\u00dcdv\u00f6z\u00f6lj\u00fck Tiborsz\u00e1ll\u00e1s K\u00f6zs\u00e9g honlapj\u00e1n","article_modified_time":"2024-11-18T12:08:22+00:00","og_image":[{"url":"https:\/\/tiborszallas.hu\/wp-content\/uploads\/2024\/10\/1000009515.jpg","type":"","width":"","height":""}],"twitter_card":"summary_large_image","twitter_misc":{"Est. reading time":"2 minutes"},"schema":{"@context":"https:\/\/schema.org","@graph":[{"@type":"WebPage","@id":"https:\/\/tiborszallas.hu\/","url":"https:\/\/tiborszallas.hu\/","name":"Home - Welcome to Tiborsz\u00e1ll\u00e1s Village website","isPartOf":{"@id":"https:\/\/tiborszallas.hu\/#website"},"primaryImageOfPage":{"@id":"https:\/\/tiborszallas.hu\/#primaryimage"},"image":{"@id":"https:\/\/tiborszallas.hu\/#primaryimage"},"thumbnailUrl":"https:\/\/tiborszallas.hu\/wp-content\/uploads\/2024\/10\/1000009515.jpg","datePublished":"2024-11-17T20:03:03+00:00","dateModified":"2024-11-18T12:08:22+00:00","breadcrumb":{"@id":"https:\/\/tiborszallas.hu\/#breadcrumb"},"inLanguage":"en-US","potentialAction":[{"@type":"ReadAction","target":["https:\/\/tiborszallas.hu\/"]}]},{"@type":"ImageObject","inLanguage":"en-US","@id":"https:\/\/tiborszallas.hu\/#primaryimage","url":"https:\/\/tiborszallas.hu\/wp-content\/uploads\/2024\/10\/1000009515.jpg","contentUrl":"https:\/\/tiborszallas.hu\/wp-content\/uploads\/2024\/10\/1000009515.jpg"},{"@type":"BreadcrumbList","@id":"https:\/\/tiborszallas.hu\/#breadcrumb","itemListElement":[{"@type":"ListItem","position":1,"name":"Kezd\u0151lap","item":"https:\/\/tiborszallas.hu\/"},{"@type":"ListItem","position":2,"name":"Kezd\u0151lap"}]},{"@type":"WebSite","@id":"https:\/\/tiborszallas.hu\/#website","url":"https:\/\/tiborszallas.hu\/","name":"Welcome to Tiborsz\u00e1ll\u00e1s Municipality website","description":"Tiborsz\u00e1ll\u00e1s Village website","publisher":{"@id":"https:\/\/tiborszallas.hu\/#organization"},"potentialAction":[{"@type":"SearchAction","target":{"@type":"EntryPoint","urlTemplate":"https:\/\/tiborszallas.hu\/?s={search_term_string}"},"query-input":{"@type":"PropertyValueSpecification","valueRequired":true,"valueName":"search_term_string"}}],"inLanguage":"en-US"},{"@type":"Organization","@id":"https:\/\/tiborszallas.hu\/#organization","name":"Tiborsz\u00e1ll\u00e1s Municipality","url":"https:\/\/tiborszallas.hu\/","logo":{"@type":"ImageObject","inLanguage":"en-US","@id":"https:\/\/tiborszallas.hu\/#\/schema\/logo\/image\/","url":"https:\/\/tiborszallas.hu\/wp-content\/uploads\/2020\/02\/cropped-c\u00edmer2.png","contentUrl":"https:\/\/tiborszallas.hu\/wp-content\/uploads\/2020\/02\/cropped-c\u00edmer2.png","width":240,"height":166,"caption":"Tiborsz\u00e1ll\u00e1s K\u00f6zs\u00e9g"},"image":{"@id":"https:\/\/tiborszallas.hu\/#\/schema\/logo\/image\/"}}]}},"_links":{"self":[{"href":"https:\/\/tiborszallas.hu\/en\/wp-json\/wp\/v2\/pages\/1552","targetHints":{"allow":["GET"]}}],"collection":[{"href":"https:\/\/tiborszallas.hu\/en\/wp-json\/wp\/v2\/pages"}],"about":[{"href":"https:\/\/tiborszallas.hu\/en\/wp-json\/wp\/v2\/types\/page"}],"author":[{"embeddable":true,"href":"https:\/\/tiborszallas.hu\/en\/wp-json\/wp\/v2\/users\/3"}],"replies":[{"embeddable":true,"href":"https:\/\/tiborszallas.hu\/en\/wp-json\/wp\/v2\/comments?post=1552"}],"version-history":[{"count":0,"href":"https:\/\/tiborszallas.hu\/en\/wp-json\/wp\/v2\/pages\/1552\/revisions"}],"wp:attachment":[{"href":"https:\/\/tiborszallas.hu\/en\/wp-json\/wp\/v2\/media?parent=1552"}],"curies":[{"name":"wp","href":"https:\/\/api.w.org\/{rel}","templated":true}]}}