{"id":108,"date":"2020-02-18T07:54:20","date_gmt":"2020-02-18T07:54:20","guid":{"rendered":"https:\/\/tiborszallas.hu\/?page_id=108"},"modified":"2020-02-18T07:55:08","modified_gmt":"2020-02-18T07:55:08","slug":"segitseg-elektronikus-ugyintezes-inditasahoz","status":"publish","type":"page","link":"https:\/\/tiborszallas.hu\/en\/segitseg-elektronikus-ugyintezes-inditasahoz\/","title":{"rendered":"Help to start an electronic administration"},"content":{"rendered":"<p>\"Running a business is never easy, but filing a local business tax return is no longer a problem.<br \/>\nManage your official business electronically!<br \/>\n<iframe title=\"Local government anywhere, anytime - 1.\" width=\"800\" height=\"450\" data-src=\"https:\/\/www.youtube.com\/embed\/HUVBW-I4KpQ?feature=oembed\" frameborder=\"0\" allow=\"accelerometer; autoplay; clipboard-write; encrypted-media; gyroscope; picture-in-picture; web-share\" referrerpolicy=\"strict-origin-when-cross-origin\" allowfullscreen src=\"data:image\/svg+xml;base64,PHN2ZyB3aWR0aD0iMSIgaGVpZ2h0PSIxIiB4bWxucz0iaHR0cDovL3d3dy53My5vcmcvMjAwMC9zdmciPjwvc3ZnPg==\" class=\"lazyload\" data-load-mode=\"1\"><\/iframe><\/p>\n<p>\"Setting up a new office is never an easy task, but retrieving the tax balance is no longer a problem.<br \/>\nManage your official business electronically!\"<br \/>\n<iframe title=\"Local government anywhere, anytime - 2.\" width=\"800\" height=\"450\" data-src=\"https:\/\/www.youtube.com\/embed\/SVrS8mKM5As?feature=oembed\" frameborder=\"0\" allow=\"accelerometer; autoplay; clipboard-write; encrypted-media; gyroscope; picture-in-picture; web-share\" referrerpolicy=\"strict-origin-when-cross-origin\" allowfullscreen src=\"data:image\/svg+xml;base64,PHN2ZyB3aWR0aD0iMSIgaGVpZ2h0PSIxIiB4bWxucz0iaHR0cDovL3d3dy53My5vcmcvMjAwMC9zdmciPjwvc3ZnPg==\" class=\"lazyload\" data-load-mode=\"1\"><\/iframe><\/p>\n<p>\"Creating new habits is never an easy task, but declaring a car tax exemption is no longer a problem.<br \/>\nManage your local government electronically!\"<br \/>\n<iframe title=\"Local government anywhere, anytime - 3.\" width=\"800\" height=\"450\" data-src=\"https:\/\/www.youtube.com\/embed\/CozRxAKvsNU?feature=oembed\" frameborder=\"0\" allow=\"accelerometer; autoplay; clipboard-write; encrypted-media; gyroscope; picture-in-picture; web-share\" referrerpolicy=\"strict-origin-when-cross-origin\" allowfullscreen src=\"data:image\/svg+xml;base64,PHN2ZyB3aWR0aD0iMSIgaGVpZ2h0PSIxIiB4bWxucz0iaHR0cDovL3d3dy53My5vcmcvMjAwMC9zdmciPjwvc3ZnPg==\" class=\"lazyload\" data-load-mode=\"1\"><\/iframe><\/p>\n<p>\"Starting up an accommodation is never easy, but registering it is no longer a problem.<br \/>\nManage your local government electronically!\"<br \/>\n<iframe title=\"Local government anywhere, anytime - 4.\" width=\"800\" height=\"450\" data-src=\"https:\/\/www.youtube.com\/embed\/ZBJ-tAHXKXE?feature=oembed\" frameborder=\"0\" allow=\"accelerometer; autoplay; clipboard-write; encrypted-media; gyroscope; picture-in-picture; web-share\" referrerpolicy=\"strict-origin-when-cross-origin\" allowfullscreen src=\"data:image\/svg+xml;base64,PHN2ZyB3aWR0aD0iMSIgaGVpZ2h0PSIxIiB4bWxucz0iaHR0cDovL3d3dy53My5vcmcvMjAwMC9zdmciPjwvc3ZnPg==\" class=\"lazyload\" data-load-mode=\"1\"><\/iframe><\/p>\n<p>\"Organising a wedding is never easy, but getting a birth certificate is no problem.<br \/>\nManage your local government electronically!\"<br \/>\n<iframe title=\"Local government anywhere, anytime - 5.\" width=\"800\" height=\"450\" data-src=\"https:\/\/www.youtube.com\/embed\/txf1V52_ilY?feature=oembed\" frameborder=\"0\" allow=\"accelerometer; autoplay; clipboard-write; encrypted-media; gyroscope; picture-in-picture; web-share\" referrerpolicy=\"strict-origin-when-cross-origin\" allowfullscreen src=\"data:image\/svg+xml;base64,PHN2ZyB3aWR0aD0iMSIgaGVpZ2h0PSIxIiB4bWxucz0iaHR0cDovL3d3dy53My5vcmcvMjAwMC9zdmciPjwvc3ZnPg==\" class=\"lazyload\" data-load-mode=\"1\"><\/iframe><\/p>\n<p>\"Expanding a business is never an easy task, but applying for a collection permit is no longer a problem.<br \/>\nManage your local government electronically!\"<br \/>\n<iframe title=\"Local government anywhere, anytime - 6.\" width=\"800\" height=\"450\" data-src=\"https:\/\/www.youtube.com\/embed\/VD1WFLI__WU?feature=oembed\" frameborder=\"0\" allow=\"accelerometer; autoplay; clipboard-write; encrypted-media; gyroscope; picture-in-picture; web-share\" referrerpolicy=\"strict-origin-when-cross-origin\" allowfullscreen src=\"data:image\/svg+xml;base64,PHN2ZyB3aWR0aD0iMSIgaGVpZ2h0PSIxIiB4bWxucz0iaHR0cDovL3d3dy53My5vcmcvMjAwMC9zdmciPjwvc3ZnPg==\" class=\"lazyload\" data-load-mode=\"1\"><\/iframe><\/p>\n<p>\"Financing further education is never an easy task, but applying for social support is no problem.<br \/>\nManage your local government electronically!\"<br \/>\n<iframe title=\"Local government anywhere, anytime - 7.\" width=\"800\" height=\"450\" data-src=\"https:\/\/www.youtube.com\/embed\/p0ge6K_Mjsg?feature=oembed\" frameborder=\"0\" allow=\"accelerometer; autoplay; clipboard-write; encrypted-media; gyroscope; picture-in-picture; web-share\" referrerpolicy=\"strict-origin-when-cross-origin\" allowfullscreen src=\"data:image\/svg+xml;base64,PHN2ZyB3aWR0aD0iMSIgaGVpZ2h0PSIxIiB4bWxucz0iaHR0cDovL3d3dy53My5vcmcvMjAwMC9zdmciPjwvc3ZnPg==\" class=\"lazyload\" data-load-mode=\"1\"><\/iframe><\/p>","protected":false},"excerpt":{"rendered":"<p>&#8222;Egy v\u00e1llalkoz\u00e1s \u00fczemeltet\u00e9se sosem egyszer\u0171 feladat, de a helyi ipar\u0171z\u00e9si ad\u00f3 bevall\u00e1s m\u00e1r nem jelent gondot. Int\u00e9zze hivatalos \u00fcgyeit elektronikusan! &#8222;Egy \u00faj iroda berendez\u00e9se sosem egyszer\u0171 feladat, de az ad\u00f3egyenleg lek\u00e9rdez\u00e9se m\u00e1r nem jelent gondot. Int\u00e9zze hivatalos \u00fcgyeit elektronikusan!&#8221; &#8222;Az \u00faj szok\u00e1sok kialak\u00edt\u00e1sa sosem egyszer\u0171 feladat, de a g\u00e9pj\u00e1rm\u0171ad\u00f3 mentess\u00e9g bejelent\u00e9se m\u00e1r nem jelent gondot. [&hellip;]<\/p>\n","protected":false},"author":3,"featured_media":0,"parent":0,"menu_order":0,"comment_status":"closed","ping_status":"closed","template":"","meta":{"footnotes":""},"class_list":["post-108","page","type-page","status-publish","hentry"],"yoast_head":"<!-- This site is optimized with the Yoast SEO plugin v27.3 - https:\/\/yoast.com\/product\/yoast-seo-wordpress\/ -->\n<title>Seg\u00edts\u00e9g elektronikus \u00fcgyint\u00e9z\u00e9s ind\u00edt\u00e1s\u00e1hoz - \u00dcdv\u00f6z\u00f6lj\u00fck Tiborsz\u00e1ll\u00e1s K\u00f6zs\u00e9g honlapj\u00e1n<\/title>\n<meta name=\"robots\" content=\"index, follow, max-snippet:-1, max-image-preview:large, max-video-preview:-1\" \/>\n<link rel=\"canonical\" href=\"https:\/\/tiborszallas.hu\/en\/segitseg-elektronikus-ugyintezes-inditasahoz\/\" \/>\n<meta property=\"og:locale\" content=\"en_US\" \/>\n<meta property=\"og:type\" content=\"article\" \/>\n<meta property=\"og:title\" content=\"Seg\u00edts\u00e9g elektronikus \u00fcgyint\u00e9z\u00e9s ind\u00edt\u00e1s\u00e1hoz - \u00dcdv\u00f6z\u00f6lj\u00fck Tiborsz\u00e1ll\u00e1s K\u00f6zs\u00e9g honlapj\u00e1n\" \/>\n<meta property=\"og:description\" content=\"&#8222;Egy v\u00e1llalkoz\u00e1s \u00fczemeltet\u00e9se sosem egyszer\u0171 feladat, de a helyi ipar\u0171z\u00e9si ad\u00f3 bevall\u00e1s m\u00e1r nem jelent gondot. Int\u00e9zze hivatalos \u00fcgyeit elektronikusan! &#8222;Egy \u00faj iroda berendez\u00e9se sosem egyszer\u0171 feladat, de az ad\u00f3egyenleg lek\u00e9rdez\u00e9se m\u00e1r nem jelent gondot. Int\u00e9zze hivatalos \u00fcgyeit elektronikusan!&#8221; &#8222;Az \u00faj szok\u00e1sok kialak\u00edt\u00e1sa sosem egyszer\u0171 feladat, de a g\u00e9pj\u00e1rm\u0171ad\u00f3 mentess\u00e9g bejelent\u00e9se m\u00e1r nem jelent gondot. [&hellip;]\" \/>\n<meta property=\"og:url\" content=\"https:\/\/tiborszallas.hu\/en\/segitseg-elektronikus-ugyintezes-inditasahoz\/\" \/>\n<meta property=\"og:site_name\" content=\"\u00dcdv\u00f6z\u00f6lj\u00fck Tiborsz\u00e1ll\u00e1s K\u00f6zs\u00e9g honlapj\u00e1n\" \/>\n<meta property=\"article:modified_time\" content=\"2020-02-18T07:55:08+00:00\" \/>\n<meta name=\"twitter:card\" content=\"summary_large_image\" \/>\n<meta name=\"twitter:label1\" content=\"Est. reading time\" \/>\n\t<meta name=\"twitter:data1\" content=\"1 minute\" \/>\n<script type=\"application\/ld+json\" class=\"yoast-schema-graph\">{\"@context\":\"https:\\\/\\\/schema.org\",\"@graph\":[{\"@type\":\"WebPage\",\"@id\":\"https:\\\/\\\/tiborszallas.hu\\\/segitseg-elektronikus-ugyintezes-inditasahoz\\\/\",\"url\":\"https:\\\/\\\/tiborszallas.hu\\\/segitseg-elektronikus-ugyintezes-inditasahoz\\\/\",\"name\":\"Seg\u00edts\u00e9g elektronikus \u00fcgyint\u00e9z\u00e9s ind\u00edt\u00e1s\u00e1hoz - \u00dcdv\u00f6z\u00f6lj\u00fck Tiborsz\u00e1ll\u00e1s K\u00f6zs\u00e9g honlapj\u00e1n\",\"isPartOf\":{\"@id\":\"https:\\\/\\\/tiborszallas.hu\\\/#website\"},\"datePublished\":\"2020-02-18T07:54:20+00:00\",\"dateModified\":\"2020-02-18T07:55:08+00:00\",\"breadcrumb\":{\"@id\":\"https:\\\/\\\/tiborszallas.hu\\\/segitseg-elektronikus-ugyintezes-inditasahoz\\\/#breadcrumb\"},\"inLanguage\":\"en-US\",\"potentialAction\":[{\"@type\":\"ReadAction\",\"target\":[\"https:\\\/\\\/tiborszallas.hu\\\/segitseg-elektronikus-ugyintezes-inditasahoz\\\/\"]}]},{\"@type\":\"BreadcrumbList\",\"@id\":\"https:\\\/\\\/tiborszallas.hu\\\/segitseg-elektronikus-ugyintezes-inditasahoz\\\/#breadcrumb\",\"itemListElement\":[{\"@type\":\"ListItem\",\"position\":1,\"name\":\"Kezd\u0151lap\",\"item\":\"https:\\\/\\\/tiborszallas.hu\\\/\"},{\"@type\":\"ListItem\",\"position\":2,\"name\":\"Seg\u00edts\u00e9g elektronikus \u00fcgyint\u00e9z\u00e9s ind\u00edt\u00e1s\u00e1hoz\"}]},{\"@type\":\"WebSite\",\"@id\":\"https:\\\/\\\/tiborszallas.hu\\\/#website\",\"url\":\"https:\\\/\\\/tiborszallas.hu\\\/\",\"name\":\"\u00dcdv\u00f6z\u00f6lj\u00fck Tiborsz\u00e1ll\u00e1s K\u00f6zs\u00e9g honlapj\u00e1n\",\"description\":\"Tiborsz\u00e1ll\u00e1s K\u00f6zs\u00e9g honlapja\",\"publisher\":{\"@id\":\"https:\\\/\\\/tiborszallas.hu\\\/#organization\"},\"potentialAction\":[{\"@type\":\"SearchAction\",\"target\":{\"@type\":\"EntryPoint\",\"urlTemplate\":\"https:\\\/\\\/tiborszallas.hu\\\/?s={search_term_string}\"},\"query-input\":{\"@type\":\"PropertyValueSpecification\",\"valueRequired\":true,\"valueName\":\"search_term_string\"}}],\"inLanguage\":\"en-US\"},{\"@type\":\"Organization\",\"@id\":\"https:\\\/\\\/tiborszallas.hu\\\/#organization\",\"name\":\"Tiborsz\u00e1ll\u00e1s K\u00f6zs\u00e9g\",\"url\":\"https:\\\/\\\/tiborszallas.hu\\\/\",\"logo\":{\"@type\":\"ImageObject\",\"inLanguage\":\"en-US\",\"@id\":\"https:\\\/\\\/tiborszallas.hu\\\/#\\\/schema\\\/logo\\\/image\\\/\",\"url\":\"https:\\\/\\\/tiborszallas.hu\\\/wp-content\\\/uploads\\\/2020\\\/02\\\/cropped-c\u00edmer2.png\",\"contentUrl\":\"https:\\\/\\\/tiborszallas.hu\\\/wp-content\\\/uploads\\\/2020\\\/02\\\/cropped-c\u00edmer2.png\",\"width\":240,\"height\":166,\"caption\":\"Tiborsz\u00e1ll\u00e1s K\u00f6zs\u00e9g\"},\"image\":{\"@id\":\"https:\\\/\\\/tiborszallas.hu\\\/#\\\/schema\\\/logo\\\/image\\\/\"}}]}<\/script>\n<!-- \/ Yoast SEO plugin. -->","yoast_head_json":{"title":"Help to start e-government - Welcome to the website of Tiborsz\u00e1ll\u00e1s Municipality","robots":{"index":"index","follow":"follow","max-snippet":"max-snippet:-1","max-image-preview":"max-image-preview:large","max-video-preview":"max-video-preview:-1"},"canonical":"https:\/\/tiborszallas.hu\/en\/segitseg-elektronikus-ugyintezes-inditasahoz\/","og_locale":"en_US","og_type":"article","og_title":"Seg\u00edts\u00e9g elektronikus \u00fcgyint\u00e9z\u00e9s ind\u00edt\u00e1s\u00e1hoz - \u00dcdv\u00f6z\u00f6lj\u00fck Tiborsz\u00e1ll\u00e1s K\u00f6zs\u00e9g honlapj\u00e1n","og_description":"&#8222;Egy v\u00e1llalkoz\u00e1s \u00fczemeltet\u00e9se sosem egyszer\u0171 feladat, de a helyi ipar\u0171z\u00e9si ad\u00f3 bevall\u00e1s m\u00e1r nem jelent gondot. Int\u00e9zze hivatalos \u00fcgyeit elektronikusan! &#8222;Egy \u00faj iroda berendez\u00e9se sosem egyszer\u0171 feladat, de az ad\u00f3egyenleg lek\u00e9rdez\u00e9se m\u00e1r nem jelent gondot. Int\u00e9zze hivatalos \u00fcgyeit elektronikusan!&#8221; &#8222;Az \u00faj szok\u00e1sok kialak\u00edt\u00e1sa sosem egyszer\u0171 feladat, de a g\u00e9pj\u00e1rm\u0171ad\u00f3 mentess\u00e9g bejelent\u00e9se m\u00e1r nem jelent gondot. [&hellip;]","og_url":"https:\/\/tiborszallas.hu\/en\/segitseg-elektronikus-ugyintezes-inditasahoz\/","og_site_name":"\u00dcdv\u00f6z\u00f6lj\u00fck Tiborsz\u00e1ll\u00e1s K\u00f6zs\u00e9g honlapj\u00e1n","article_modified_time":"2020-02-18T07:55:08+00:00","twitter_card":"summary_large_image","twitter_misc":{"Est. reading time":"1 minute"},"schema":{"@context":"https:\/\/schema.org","@graph":[{"@type":"WebPage","@id":"https:\/\/tiborszallas.hu\/segitseg-elektronikus-ugyintezes-inditasahoz\/","url":"https:\/\/tiborszallas.hu\/segitseg-elektronikus-ugyintezes-inditasahoz\/","name":"Help to start e-government - Welcome to the website of Tiborsz\u00e1ll\u00e1s Municipality","isPartOf":{"@id":"https:\/\/tiborszallas.hu\/#website"},"datePublished":"2020-02-18T07:54:20+00:00","dateModified":"2020-02-18T07:55:08+00:00","breadcrumb":{"@id":"https:\/\/tiborszallas.hu\/segitseg-elektronikus-ugyintezes-inditasahoz\/#breadcrumb"},"inLanguage":"en-US","potentialAction":[{"@type":"ReadAction","target":["https:\/\/tiborszallas.hu\/segitseg-elektronikus-ugyintezes-inditasahoz\/"]}]},{"@type":"BreadcrumbList","@id":"https:\/\/tiborszallas.hu\/segitseg-elektronikus-ugyintezes-inditasahoz\/#breadcrumb","itemListElement":[{"@type":"ListItem","position":1,"name":"Kezd\u0151lap","item":"https:\/\/tiborszallas.hu\/"},{"@type":"ListItem","position":2,"name":"Seg\u00edts\u00e9g elektronikus \u00fcgyint\u00e9z\u00e9s ind\u00edt\u00e1s\u00e1hoz"}]},{"@type":"WebSite","@id":"https:\/\/tiborszallas.hu\/#website","url":"https:\/\/tiborszallas.hu\/","name":"Welcome to Tiborsz\u00e1ll\u00e1s Municipality website","description":"Tiborsz\u00e1ll\u00e1s Village website","publisher":{"@id":"https:\/\/tiborszallas.hu\/#organization"},"potentialAction":[{"@type":"SearchAction","target":{"@type":"EntryPoint","urlTemplate":"https:\/\/tiborszallas.hu\/?s={search_term_string}"},"query-input":{"@type":"PropertyValueSpecification","valueRequired":true,"valueName":"search_term_string"}}],"inLanguage":"en-US"},{"@type":"Organization","@id":"https:\/\/tiborszallas.hu\/#organization","name":"Tiborsz\u00e1ll\u00e1s Municipality","url":"https:\/\/tiborszallas.hu\/","logo":{"@type":"ImageObject","inLanguage":"en-US","@id":"https:\/\/tiborszallas.hu\/#\/schema\/logo\/image\/","url":"https:\/\/tiborszallas.hu\/wp-content\/uploads\/2020\/02\/cropped-c\u00edmer2.png","contentUrl":"https:\/\/tiborszallas.hu\/wp-content\/uploads\/2020\/02\/cropped-c\u00edmer2.png","width":240,"height":166,"caption":"Tiborsz\u00e1ll\u00e1s K\u00f6zs\u00e9g"},"image":{"@id":"https:\/\/tiborszallas.hu\/#\/schema\/logo\/image\/"}}]}},"_links":{"self":[{"href":"https:\/\/tiborszallas.hu\/en\/wp-json\/wp\/v2\/pages\/108","targetHints":{"allow":["GET"]}}],"collection":[{"href":"https:\/\/tiborszallas.hu\/en\/wp-json\/wp\/v2\/pages"}],"about":[{"href":"https:\/\/tiborszallas.hu\/en\/wp-json\/wp\/v2\/types\/page"}],"author":[{"embeddable":true,"href":"https:\/\/tiborszallas.hu\/en\/wp-json\/wp\/v2\/users\/3"}],"replies":[{"embeddable":true,"href":"https:\/\/tiborszallas.hu\/en\/wp-json\/wp\/v2\/comments?post=108"}],"version-history":[{"count":0,"href":"https:\/\/tiborszallas.hu\/en\/wp-json\/wp\/v2\/pages\/108\/revisions"}],"wp:attachment":[{"href":"https:\/\/tiborszallas.hu\/en\/wp-json\/wp\/v2\/media?parent=108"}],"curies":[{"name":"wp","href":"https:\/\/api.w.org\/{rel}","templated":true}]}}