{"id":1074,"date":"2023-10-27T06:49:39","date_gmt":"2023-10-27T06:49:39","guid":{"rendered":"https:\/\/tiborszallas.hu\/?page_id=1074"},"modified":"2024-06-14T09:43:31","modified_gmt":"2024-06-14T09:43:31","slug":"valasztasi-szervek","status":"publish","type":"page","link":"https:\/\/tiborszallas.hu\/en\/valasztasi-szervek\/","title":{"rendered":"Electoral bodies"},"content":{"rendered":"<ul>\n<li>the electoral office\n<ul>\n<li>name of the head: T\u00f3thn\u00e9 Dr. Nagy Anita<\/li>\n<li>office address: 4353 Tiborsz\u00e1ll\u00e1s D\u00f3zsa \u00fat 17., telephone number: 44\/554-025, e-mail address: jegyzo@tiborszallas.hu<\/li>\n<li>address of its election information service: 4353 Tiborsz\u00e1ll\u00e1s D\u00f3zsa \u00fat 17., telephone number: 44\/554-025, e-mail address: jegyzo@tiborszallas.hu<\/li>\n<li>the head of the election office\n<ul>\n<li><a href=\"https:\/\/tiborszallas.hu\/wp-content\/uploads\/2023\/10\/2024.-evi-onkormanyzati-valasztas-mandatumok-megallapitasa-Tiborszallas.pdf\">decision on the number of mandates<\/a><\/li>\n<\/ul>\n<\/li>\n<\/ul>\n<\/li>\n<li>the electoral commission\n<ul>\n<li>the names and contact details of its members and alternates:\n<ul>\n<li>Ferenc Kiss HVB President 44\/554-025<\/li>\n<li>Zsuzsanna Dajk\u00e1n\u00e9 B\u00e9nyei Deputy Chairperson of the IGC 44\/554-025<\/li>\n<li>Szab\u00f3 J\u00f3zsef Andr\u00e1sn\u00e9 HVB member 44\/554-025<\/li>\n<li>Mih\u00e1lyn\u00e9 Papp HVB member 44\/554-025<\/li>\n<li>L\u00e1szl\u00f3n\u00e9 Mezei HVB member 44\/554-025<\/li>\n<li>Zolt\u00e1n Gy\u00e9rm\u00e1n Alternate HVB member 44\/554-025<\/li>\n<li>Mrs Lajos Pataki Alternate HVB member 44\/554-025<\/li>\n<li>Mrs. Edit Emese Sz\u00e9p Sztojanov Alternate member of the HVB 44\/554-025<\/li>\n<\/ul>\n<\/li>\n<li>expected date and detailed agenda of its meeting<\/li>\n<li>minutes of the meeting\n<ul>\n<li><a href=\"https:\/\/tiborszallas.hu\/wp-content\/uploads\/2024\/04\/HVB-Tiborszallas-2023.11.21.pdf\">21 November 2023.<\/a><\/li>\n<li><a href=\"https:\/\/tiborszallas.hu\/wp-content\/uploads\/2024\/04\/HVB-Tiborszallas-2024.04.23.pdf\">23 April 2024.<\/a><\/li>\n<li><a href=\"https:\/\/tiborszallas.hu\/wp-content\/uploads\/2024\/04\/HVB-jkv-20240430.pdf\">30 April 2024.<\/a><\/li>\n<li><a href=\"https:\/\/tiborszallas.hu\/wp-content\/uploads\/2024\/05\/HVB-Tiborszallas-20240506.pdf\">6 May 2024.<\/a><\/li>\n<li><a href=\"https:\/\/tiborszallas.hu\/wp-content\/uploads\/2024\/05\/HVB-jkv-Tiborszallas-20240514.pdf\">14 May 2024.<\/a><\/li>\n<li><a href=\"https:\/\/tiborszallas.hu\/wp-content\/uploads\/2024\/05\/HVB-Tiborszallas-jkv-20240528.pdf\">28 May 2024.<\/a><\/li>\n<li><a href=\"https:\/\/tiborszallas.hu\/wp-content\/uploads\/2024\/06\/Tiborszallas-HVB-20240609-jkv.pdf\">9 June 2024.<\/a><\/li>\n<li><a href=\"https:\/\/tiborszallas.hu\/wp-content\/uploads\/2024\/06\/Tiborszallas-HVB-20240614-jkv.pdf\">14 June 2024.<\/a><\/li>\n<\/ul>\n<\/li>\n<li>decisions (except personal data which are not in the public interest)\n<ul>\n<li><a href=\"https:\/\/tiborszallas.hu\/wp-content\/uploads\/2024\/04\/1-3-per-2023-XI.21.-HVB-hatarozatok.pdf\">1-3 per 2023 (XI.21.) IGC decisions<\/a><\/li>\n<li><a href=\"https:\/\/tiborszallas.hu\/wp-content\/uploads\/2024\/06\/Tiborszallas-polgarmester-eredmeny-jkv.pdf\">Mayor's result minutes and decision<\/a><\/li>\n<li><a href=\"https:\/\/tiborszallas.hu\/wp-content\/uploads\/2024\/06\/Tiborszallas-polgarmester-eredmeny-jkv.pdf\">Council result minutes and decision<\/a><\/li>\n<\/ul>\n<\/li>\n<\/ul>\n<\/li>\n<\/ul>","protected":false},"excerpt":{"rendered":"<p>a v\u00e1laszt\u00e1si iroda vezet\u0151j\u00e9nek neve: T\u00f3thn\u00e9 Dr. Nagy Anita hivatali helys\u00e9g\u00e9nek c\u00edme: 4353 Tiborsz\u00e1ll\u00e1s D\u00f3zsa \u00fat 17., telefonsz\u00e1ma: 44\/554-025, elektronikus lev\u00e9lc\u00edme: jegyzo@tiborszallas.hu v\u00e1laszt\u00e1si inform\u00e1ci\u00f3s szolg\u00e1lat\u00e1nak c\u00edme: 4353 Tiborsz\u00e1ll\u00e1s D\u00f3zsa \u00fat 17., telefonsz\u00e1ma: 44\/554-025, elektronikus lev\u00e9lc\u00edme: jegyzo@tiborszallas.hu a v\u00e1laszt\u00e1si iroda vezet\u0151j\u00e9nek a mand\u00e1tumok sz\u00e1m\u00e1nak meg\u00e1llap\u00edt\u00e1s\u00e1r\u00f3l sz\u00f3l\u00f3 hat\u00e1rozata a v\u00e1laszt\u00e1si bizotts\u00e1g tagjainak \u00e9s p\u00f3ttagjainak neve, el\u00e9rhet\u0151s\u00e9ge: Kiss [&hellip;]<\/p>\n","protected":false},"author":3,"featured_media":0,"parent":0,"menu_order":0,"comment_status":"closed","ping_status":"closed","template":"","meta":{"footnotes":""},"class_list":["post-1074","page","type-page","status-publish","hentry"],"yoast_head":"<!-- This site is optimized with the Yoast SEO plugin v27.4 - https:\/\/yoast.com\/product\/yoast-seo-wordpress\/ -->\n<title>V\u00e1laszt\u00e1si szervek - \u00dcdv\u00f6z\u00f6lj\u00fck Tiborsz\u00e1ll\u00e1s K\u00f6zs\u00e9g honlapj\u00e1n<\/title>\n<meta name=\"robots\" content=\"index, follow, max-snippet:-1, max-image-preview:large, max-video-preview:-1\" \/>\n<link rel=\"canonical\" href=\"https:\/\/tiborszallas.hu\/en\/valasztasi-szervek\/\" \/>\n<meta property=\"og:locale\" content=\"en_US\" \/>\n<meta property=\"og:type\" content=\"article\" \/>\n<meta property=\"og:title\" content=\"V\u00e1laszt\u00e1si szervek - \u00dcdv\u00f6z\u00f6lj\u00fck Tiborsz\u00e1ll\u00e1s K\u00f6zs\u00e9g honlapj\u00e1n\" \/>\n<meta property=\"og:description\" content=\"a v\u00e1laszt\u00e1si iroda vezet\u0151j\u00e9nek neve: T\u00f3thn\u00e9 Dr. Nagy Anita hivatali helys\u00e9g\u00e9nek c\u00edme: 4353 Tiborsz\u00e1ll\u00e1s D\u00f3zsa \u00fat 17., telefonsz\u00e1ma: 44\/554-025, elektronikus lev\u00e9lc\u00edme: jegyzo@tiborszallas.hu v\u00e1laszt\u00e1si inform\u00e1ci\u00f3s szolg\u00e1lat\u00e1nak c\u00edme: 4353 Tiborsz\u00e1ll\u00e1s D\u00f3zsa \u00fat 17., telefonsz\u00e1ma: 44\/554-025, elektronikus lev\u00e9lc\u00edme: jegyzo@tiborszallas.hu a v\u00e1laszt\u00e1si iroda vezet\u0151j\u00e9nek a mand\u00e1tumok sz\u00e1m\u00e1nak meg\u00e1llap\u00edt\u00e1s\u00e1r\u00f3l sz\u00f3l\u00f3 hat\u00e1rozata a v\u00e1laszt\u00e1si bizotts\u00e1g tagjainak \u00e9s p\u00f3ttagjainak neve, el\u00e9rhet\u0151s\u00e9ge: Kiss [&hellip;]\" \/>\n<meta property=\"og:url\" content=\"https:\/\/tiborszallas.hu\/en\/valasztasi-szervek\/\" \/>\n<meta property=\"og:site_name\" content=\"\u00dcdv\u00f6z\u00f6lj\u00fck Tiborsz\u00e1ll\u00e1s K\u00f6zs\u00e9g honlapj\u00e1n\" \/>\n<meta property=\"article:modified_time\" content=\"2024-06-14T09:43:31+00:00\" \/>\n<meta name=\"twitter:card\" content=\"summary_large_image\" \/>\n<meta name=\"twitter:label1\" content=\"Est. reading time\" \/>\n\t<meta name=\"twitter:data1\" content=\"1 minute\" \/>\n<script type=\"application\/ld+json\" class=\"yoast-schema-graph\">{\"@context\":\"https:\\\/\\\/schema.org\",\"@graph\":[{\"@type\":\"WebPage\",\"@id\":\"https:\\\/\\\/tiborszallas.hu\\\/valasztasi-szervek\\\/\",\"url\":\"https:\\\/\\\/tiborszallas.hu\\\/valasztasi-szervek\\\/\",\"name\":\"V\u00e1laszt\u00e1si szervek - \u00dcdv\u00f6z\u00f6lj\u00fck Tiborsz\u00e1ll\u00e1s K\u00f6zs\u00e9g honlapj\u00e1n\",\"isPartOf\":{\"@id\":\"https:\\\/\\\/tiborszallas.hu\\\/#website\"},\"datePublished\":\"2023-10-27T06:49:39+00:00\",\"dateModified\":\"2024-06-14T09:43:31+00:00\",\"breadcrumb\":{\"@id\":\"https:\\\/\\\/tiborszallas.hu\\\/valasztasi-szervek\\\/#breadcrumb\"},\"inLanguage\":\"en-US\",\"potentialAction\":[{\"@type\":\"ReadAction\",\"target\":[\"https:\\\/\\\/tiborszallas.hu\\\/valasztasi-szervek\\\/\"]}]},{\"@type\":\"BreadcrumbList\",\"@id\":\"https:\\\/\\\/tiborszallas.hu\\\/valasztasi-szervek\\\/#breadcrumb\",\"itemListElement\":[{\"@type\":\"ListItem\",\"position\":1,\"name\":\"Kezd\u0151lap\",\"item\":\"https:\\\/\\\/tiborszallas.hu\\\/\"},{\"@type\":\"ListItem\",\"position\":2,\"name\":\"V\u00e1laszt\u00e1si szervek\"}]},{\"@type\":\"WebSite\",\"@id\":\"https:\\\/\\\/tiborszallas.hu\\\/#website\",\"url\":\"https:\\\/\\\/tiborszallas.hu\\\/\",\"name\":\"\u00dcdv\u00f6z\u00f6lj\u00fck Tiborsz\u00e1ll\u00e1s K\u00f6zs\u00e9g honlapj\u00e1n\",\"description\":\"Tiborsz\u00e1ll\u00e1s K\u00f6zs\u00e9g honlapja\",\"publisher\":{\"@id\":\"https:\\\/\\\/tiborszallas.hu\\\/#organization\"},\"potentialAction\":[{\"@type\":\"SearchAction\",\"target\":{\"@type\":\"EntryPoint\",\"urlTemplate\":\"https:\\\/\\\/tiborszallas.hu\\\/?s={search_term_string}\"},\"query-input\":{\"@type\":\"PropertyValueSpecification\",\"valueRequired\":true,\"valueName\":\"search_term_string\"}}],\"inLanguage\":\"en-US\"},{\"@type\":\"Organization\",\"@id\":\"https:\\\/\\\/tiborszallas.hu\\\/#organization\",\"name\":\"Tiborsz\u00e1ll\u00e1s K\u00f6zs\u00e9g\",\"url\":\"https:\\\/\\\/tiborszallas.hu\\\/\",\"logo\":{\"@type\":\"ImageObject\",\"inLanguage\":\"en-US\",\"@id\":\"https:\\\/\\\/tiborszallas.hu\\\/#\\\/schema\\\/logo\\\/image\\\/\",\"url\":\"https:\\\/\\\/tiborszallas.hu\\\/wp-content\\\/uploads\\\/2020\\\/02\\\/cropped-c\u00edmer2.png\",\"contentUrl\":\"https:\\\/\\\/tiborszallas.hu\\\/wp-content\\\/uploads\\\/2020\\\/02\\\/cropped-c\u00edmer2.png\",\"width\":240,\"height\":166,\"caption\":\"Tiborsz\u00e1ll\u00e1s K\u00f6zs\u00e9g\"},\"image\":{\"@id\":\"https:\\\/\\\/tiborszallas.hu\\\/#\\\/schema\\\/logo\\\/image\\\/\"}}]}<\/script>\n<!-- \/ Yoast SEO plugin. -->","yoast_head_json":{"title":"Electoral bodies - Welcome to the website of Tiborsz\u00e1ll\u00e1s","robots":{"index":"index","follow":"follow","max-snippet":"max-snippet:-1","max-image-preview":"max-image-preview:large","max-video-preview":"max-video-preview:-1"},"canonical":"https:\/\/tiborszallas.hu\/en\/valasztasi-szervek\/","og_locale":"en_US","og_type":"article","og_title":"V\u00e1laszt\u00e1si szervek - \u00dcdv\u00f6z\u00f6lj\u00fck Tiborsz\u00e1ll\u00e1s K\u00f6zs\u00e9g honlapj\u00e1n","og_description":"a v\u00e1laszt\u00e1si iroda vezet\u0151j\u00e9nek neve: T\u00f3thn\u00e9 Dr. Nagy Anita hivatali helys\u00e9g\u00e9nek c\u00edme: 4353 Tiborsz\u00e1ll\u00e1s D\u00f3zsa \u00fat 17., telefonsz\u00e1ma: 44\/554-025, elektronikus lev\u00e9lc\u00edme: jegyzo@tiborszallas.hu v\u00e1laszt\u00e1si inform\u00e1ci\u00f3s szolg\u00e1lat\u00e1nak c\u00edme: 4353 Tiborsz\u00e1ll\u00e1s D\u00f3zsa \u00fat 17., telefonsz\u00e1ma: 44\/554-025, elektronikus lev\u00e9lc\u00edme: jegyzo@tiborszallas.hu a v\u00e1laszt\u00e1si iroda vezet\u0151j\u00e9nek a mand\u00e1tumok sz\u00e1m\u00e1nak meg\u00e1llap\u00edt\u00e1s\u00e1r\u00f3l sz\u00f3l\u00f3 hat\u00e1rozata a v\u00e1laszt\u00e1si bizotts\u00e1g tagjainak \u00e9s p\u00f3ttagjainak neve, el\u00e9rhet\u0151s\u00e9ge: Kiss [&hellip;]","og_url":"https:\/\/tiborszallas.hu\/en\/valasztasi-szervek\/","og_site_name":"\u00dcdv\u00f6z\u00f6lj\u00fck Tiborsz\u00e1ll\u00e1s K\u00f6zs\u00e9g honlapj\u00e1n","article_modified_time":"2024-06-14T09:43:31+00:00","twitter_card":"summary_large_image","twitter_misc":{"Est. reading time":"1 minute"},"schema":{"@context":"https:\/\/schema.org","@graph":[{"@type":"WebPage","@id":"https:\/\/tiborszallas.hu\/valasztasi-szervek\/","url":"https:\/\/tiborszallas.hu\/valasztasi-szervek\/","name":"Electoral bodies - Welcome to the website of Tiborsz\u00e1ll\u00e1s","isPartOf":{"@id":"https:\/\/tiborszallas.hu\/#website"},"datePublished":"2023-10-27T06:49:39+00:00","dateModified":"2024-06-14T09:43:31+00:00","breadcrumb":{"@id":"https:\/\/tiborszallas.hu\/valasztasi-szervek\/#breadcrumb"},"inLanguage":"en-US","potentialAction":[{"@type":"ReadAction","target":["https:\/\/tiborszallas.hu\/valasztasi-szervek\/"]}]},{"@type":"BreadcrumbList","@id":"https:\/\/tiborszallas.hu\/valasztasi-szervek\/#breadcrumb","itemListElement":[{"@type":"ListItem","position":1,"name":"Kezd\u0151lap","item":"https:\/\/tiborszallas.hu\/"},{"@type":"ListItem","position":2,"name":"V\u00e1laszt\u00e1si szervek"}]},{"@type":"WebSite","@id":"https:\/\/tiborszallas.hu\/#website","url":"https:\/\/tiborszallas.hu\/","name":"Welcome to Tiborsz\u00e1ll\u00e1s Municipality website","description":"Tiborsz\u00e1ll\u00e1s Village website","publisher":{"@id":"https:\/\/tiborszallas.hu\/#organization"},"potentialAction":[{"@type":"SearchAction","target":{"@type":"EntryPoint","urlTemplate":"https:\/\/tiborszallas.hu\/?s={search_term_string}"},"query-input":{"@type":"PropertyValueSpecification","valueRequired":true,"valueName":"search_term_string"}}],"inLanguage":"en-US"},{"@type":"Organization","@id":"https:\/\/tiborszallas.hu\/#organization","name":"Tiborsz\u00e1ll\u00e1s Municipality","url":"https:\/\/tiborszallas.hu\/","logo":{"@type":"ImageObject","inLanguage":"en-US","@id":"https:\/\/tiborszallas.hu\/#\/schema\/logo\/image\/","url":"https:\/\/tiborszallas.hu\/wp-content\/uploads\/2020\/02\/cropped-c\u00edmer2.png","contentUrl":"https:\/\/tiborszallas.hu\/wp-content\/uploads\/2020\/02\/cropped-c\u00edmer2.png","width":240,"height":166,"caption":"Tiborsz\u00e1ll\u00e1s K\u00f6zs\u00e9g"},"image":{"@id":"https:\/\/tiborszallas.hu\/#\/schema\/logo\/image\/"}}]}},"_links":{"self":[{"href":"https:\/\/tiborszallas.hu\/en\/wp-json\/wp\/v2\/pages\/1074","targetHints":{"allow":["GET"]}}],"collection":[{"href":"https:\/\/tiborszallas.hu\/en\/wp-json\/wp\/v2\/pages"}],"about":[{"href":"https:\/\/tiborszallas.hu\/en\/wp-json\/wp\/v2\/types\/page"}],"author":[{"embeddable":true,"href":"https:\/\/tiborszallas.hu\/en\/wp-json\/wp\/v2\/users\/3"}],"replies":[{"embeddable":true,"href":"https:\/\/tiborszallas.hu\/en\/wp-json\/wp\/v2\/comments?post=1074"}],"version-history":[{"count":0,"href":"https:\/\/tiborszallas.hu\/en\/wp-json\/wp\/v2\/pages\/1074\/revisions"}],"wp:attachment":[{"href":"https:\/\/tiborszallas.hu\/en\/wp-json\/wp\/v2\/media?parent=1074"}],"curies":[{"name":"wp","href":"https:\/\/api.w.org\/{rel}","templated":true}]}}