{"id":1072,"date":"2023-10-27T06:49:23","date_gmt":"2023-10-27T06:49:23","guid":{"rendered":"https:\/\/tiborszallas.hu\/?page_id=1072"},"modified":"2025-11-24T17:52:09","modified_gmt":"2025-11-24T16:52:09","slug":"valasztasi-informaciok","status":"publish","type":"page","link":"https:\/\/tiborszallas.hu\/en\/valasztasi-informaciok\/","title":{"rendered":"Election information"},"content":{"rendered":"<blockquote class=\"wp-embedded-content\" data-secret=\"wKKqZbR14j\"><p><a href=\"https:\/\/tiborszallas.hu\/en\/valasztasi-szervek\/\">Electoral bodies<\/a><\/p><\/blockquote>\n<p><iframe class=\"wp-embedded-content lazyload\" sandbox=\"allow-scripts\" security=\"restricted\" style=\"position: absolute; visibility: hidden;\" title=\"&quot;Electoral bodies&quot; - Welcome to the website of Tiborsz\u00e1ll\u00e1s\" data-src=\"https:\/\/tiborszallas.hu\/valasztasi-szervek\/embed\/#?secret=hLYF28VUzS#?secret=wKKqZbR14j\" data-secret=\"wKKqZbR14j\" width=\"600\" height=\"338\" frameborder=\"0\" marginwidth=\"0\" marginheight=\"0\" scrolling=\"no\" src=\"data:image\/svg+xml;base64,PHN2ZyB3aWR0aD0iMSIgaGVpZ2h0PSIxIiB4bWxucz0iaHR0cDovL3d3dy53My5vcmcvMjAwMC9zdmciPjwvc3ZnPg==\" data-load-mode=\"1\"><\/iframe><\/p>\n<blockquote class=\"wp-embedded-content\" data-secret=\"mYG1evQcZa\"><p><a href=\"https:\/\/tiborszallas.hu\/en\/valasztasi-ugyintezes\/\">Election administration<\/a><\/p><\/blockquote>\n<p><iframe class=\"wp-embedded-content lazyload\" sandbox=\"allow-scripts\" security=\"restricted\" style=\"position: absolute; visibility: hidden;\" title=\"&quot;Election administration&quot; - Welcome to the website of Tiborsz\u00e1ll\u00e1s Municipality\" data-src=\"https:\/\/tiborszallas.hu\/valasztasi-ugyintezes\/embed\/#?secret=uXmUGWte1X#?secret=mYG1evQcZa\" data-secret=\"mYG1evQcZa\" width=\"600\" height=\"338\" frameborder=\"0\" marginwidth=\"0\" marginheight=\"0\" scrolling=\"no\" src=\"data:image\/svg+xml;base64,PHN2ZyB3aWR0aD0iMSIgaGVpZ2h0PSIxIiB4bWxucz0iaHR0cDovL3d3dy53My5vcmcvMjAwMC9zdmciPjwvc3ZnPg==\" data-load-mode=\"1\"><\/iframe><\/p>\n<blockquote class=\"wp-embedded-content\" data-secret=\"bxk6XW9Ktx\"><p><a href=\"https:\/\/tiborszallas.hu\/en\/2026-evi-valasztas\/\">2026 elections<\/a><\/p><\/blockquote>\n<p><iframe class=\"wp-embedded-content lazyload\" sandbox=\"allow-scripts\" security=\"restricted\" style=\"position: absolute; visibility: hidden;\" title=\"\u201cElection 2026\u201d - Welcome to the website of Tiborsz\u00e1ll\u00e1s Municipality\" data-src=\"https:\/\/tiborszallas.hu\/2026-evi-valasztas\/embed\/#?secret=p2Dk0VaOlD#?secret=bxk6XW9Ktx\" data-secret=\"bxk6XW9Ktx\" width=\"600\" height=\"338\" frameborder=\"0\" marginwidth=\"0\" marginheight=\"0\" scrolling=\"no\" src=\"data:image\/svg+xml;base64,PHN2ZyB3aWR0aD0iMSIgaGVpZ2h0PSIxIiB4bWxucz0iaHR0cDovL3d3dy53My5vcmcvMjAwMC9zdmciPjwvc3ZnPg==\" data-load-mode=\"1\"><\/iframe><\/p>\n<blockquote class=\"wp-embedded-content\" data-secret=\"1816FNNost\"><p><a href=\"https:\/\/tiborszallas.hu\/en\/korabbi-valasztasok\/\">Previous elections<\/a><\/p><\/blockquote>\n<p><iframe class=\"wp-embedded-content lazyload\" sandbox=\"allow-scripts\" security=\"restricted\" style=\"position: absolute; visibility: hidden;\" title=\"&quot;Previous elections&quot; - Welcome to the website of Tiborsz\u00e1ll\u00e1s Municipality\" data-src=\"https:\/\/tiborszallas.hu\/korabbi-valasztasok\/embed\/#?secret=52Cls15sZG#?secret=1816FNNost\" data-secret=\"1816FNNost\" width=\"600\" height=\"338\" frameborder=\"0\" marginwidth=\"0\" marginheight=\"0\" scrolling=\"no\" src=\"data:image\/svg+xml;base64,PHN2ZyB3aWR0aD0iMSIgaGVpZ2h0PSIxIiB4bWxucz0iaHR0cDovL3d3dy53My5vcmcvMjAwMC9zdmciPjwvc3ZnPg==\" data-load-mode=\"1\"><\/iframe><\/p>","protected":false},"excerpt":{"rendered":"<p>V\u00e1laszt\u00e1si szervek V\u00e1laszt\u00e1si \u00fcgyint\u00e9z\u00e9s 2026. \u00e9vi v\u00e1laszt\u00e1s Kor\u00e1bbi v\u00e1laszt\u00e1sok<\/p>","protected":false},"author":3,"featured_media":0,"parent":0,"menu_order":0,"comment_status":"closed","ping_status":"closed","template":"","meta":{"footnotes":""},"class_list":["post-1072","page","type-page","status-publish","hentry"],"yoast_head":"<!-- This site is optimized with the Yoast SEO plugin v27.3 - https:\/\/yoast.com\/product\/yoast-seo-wordpress\/ -->\n<title>V\u00e1laszt\u00e1si inform\u00e1ci\u00f3k - \u00dcdv\u00f6z\u00f6lj\u00fck Tiborsz\u00e1ll\u00e1s K\u00f6zs\u00e9g honlapj\u00e1n<\/title>\n<meta name=\"robots\" content=\"index, follow, max-snippet:-1, max-image-preview:large, max-video-preview:-1\" \/>\n<link rel=\"canonical\" href=\"https:\/\/tiborszallas.hu\/en\/valasztasi-informaciok\/\" \/>\n<meta property=\"og:locale\" content=\"en_US\" \/>\n<meta property=\"og:type\" content=\"article\" \/>\n<meta property=\"og:title\" content=\"V\u00e1laszt\u00e1si inform\u00e1ci\u00f3k - \u00dcdv\u00f6z\u00f6lj\u00fck Tiborsz\u00e1ll\u00e1s K\u00f6zs\u00e9g honlapj\u00e1n\" \/>\n<meta property=\"og:description\" content=\"V\u00e1laszt\u00e1si szervek V\u00e1laszt\u00e1si \u00fcgyint\u00e9z\u00e9s 2026. \u00e9vi v\u00e1laszt\u00e1s Kor\u00e1bbi v\u00e1laszt\u00e1sok\" \/>\n<meta property=\"og:url\" content=\"https:\/\/tiborszallas.hu\/en\/valasztasi-informaciok\/\" \/>\n<meta property=\"og:site_name\" content=\"\u00dcdv\u00f6z\u00f6lj\u00fck Tiborsz\u00e1ll\u00e1s K\u00f6zs\u00e9g honlapj\u00e1n\" \/>\n<meta property=\"article:modified_time\" content=\"2025-11-24T16:52:09+00:00\" \/>\n<meta name=\"twitter:card\" content=\"summary_large_image\" \/>\n<meta name=\"twitter:label1\" content=\"Est. reading time\" \/>\n\t<meta name=\"twitter:data1\" content=\"1 minute\" \/>\n<script type=\"application\/ld+json\" class=\"yoast-schema-graph\">{\"@context\":\"https:\\\/\\\/schema.org\",\"@graph\":[{\"@type\":\"WebPage\",\"@id\":\"https:\\\/\\\/tiborszallas.hu\\\/valasztasi-informaciok\\\/\",\"url\":\"https:\\\/\\\/tiborszallas.hu\\\/valasztasi-informaciok\\\/\",\"name\":\"V\u00e1laszt\u00e1si inform\u00e1ci\u00f3k - \u00dcdv\u00f6z\u00f6lj\u00fck Tiborsz\u00e1ll\u00e1s K\u00f6zs\u00e9g honlapj\u00e1n\",\"isPartOf\":{\"@id\":\"https:\\\/\\\/tiborszallas.hu\\\/#website\"},\"datePublished\":\"2023-10-27T06:49:23+00:00\",\"dateModified\":\"2025-11-24T16:52:09+00:00\",\"breadcrumb\":{\"@id\":\"https:\\\/\\\/tiborszallas.hu\\\/valasztasi-informaciok\\\/#breadcrumb\"},\"inLanguage\":\"en-US\",\"potentialAction\":[{\"@type\":\"ReadAction\",\"target\":[\"https:\\\/\\\/tiborszallas.hu\\\/valasztasi-informaciok\\\/\"]}]},{\"@type\":\"BreadcrumbList\",\"@id\":\"https:\\\/\\\/tiborszallas.hu\\\/valasztasi-informaciok\\\/#breadcrumb\",\"itemListElement\":[{\"@type\":\"ListItem\",\"position\":1,\"name\":\"Kezd\u0151lap\",\"item\":\"https:\\\/\\\/tiborszallas.hu\\\/\"},{\"@type\":\"ListItem\",\"position\":2,\"name\":\"V\u00e1laszt\u00e1si inform\u00e1ci\u00f3k\"}]},{\"@type\":\"WebSite\",\"@id\":\"https:\\\/\\\/tiborszallas.hu\\\/#website\",\"url\":\"https:\\\/\\\/tiborszallas.hu\\\/\",\"name\":\"\u00dcdv\u00f6z\u00f6lj\u00fck Tiborsz\u00e1ll\u00e1s K\u00f6zs\u00e9g honlapj\u00e1n\",\"description\":\"Tiborsz\u00e1ll\u00e1s K\u00f6zs\u00e9g honlapja\",\"publisher\":{\"@id\":\"https:\\\/\\\/tiborszallas.hu\\\/#organization\"},\"potentialAction\":[{\"@type\":\"SearchAction\",\"target\":{\"@type\":\"EntryPoint\",\"urlTemplate\":\"https:\\\/\\\/tiborszallas.hu\\\/?s={search_term_string}\"},\"query-input\":{\"@type\":\"PropertyValueSpecification\",\"valueRequired\":true,\"valueName\":\"search_term_string\"}}],\"inLanguage\":\"en-US\"},{\"@type\":\"Organization\",\"@id\":\"https:\\\/\\\/tiborszallas.hu\\\/#organization\",\"name\":\"Tiborsz\u00e1ll\u00e1s K\u00f6zs\u00e9g\",\"url\":\"https:\\\/\\\/tiborszallas.hu\\\/\",\"logo\":{\"@type\":\"ImageObject\",\"inLanguage\":\"en-US\",\"@id\":\"https:\\\/\\\/tiborszallas.hu\\\/#\\\/schema\\\/logo\\\/image\\\/\",\"url\":\"https:\\\/\\\/tiborszallas.hu\\\/wp-content\\\/uploads\\\/2020\\\/02\\\/cropped-c\u00edmer2.png\",\"contentUrl\":\"https:\\\/\\\/tiborszallas.hu\\\/wp-content\\\/uploads\\\/2020\\\/02\\\/cropped-c\u00edmer2.png\",\"width\":240,\"height\":166,\"caption\":\"Tiborsz\u00e1ll\u00e1s K\u00f6zs\u00e9g\"},\"image\":{\"@id\":\"https:\\\/\\\/tiborszallas.hu\\\/#\\\/schema\\\/logo\\\/image\\\/\"}}]}<\/script>\n<!-- \/ Yoast SEO plugin. -->","yoast_head_json":{"title":"Election information - Welcome to the website of Tiborsz\u00e1ll\u00e1s Municipality","robots":{"index":"index","follow":"follow","max-snippet":"max-snippet:-1","max-image-preview":"max-image-preview:large","max-video-preview":"max-video-preview:-1"},"canonical":"https:\/\/tiborszallas.hu\/en\/valasztasi-informaciok\/","og_locale":"en_US","og_type":"article","og_title":"V\u00e1laszt\u00e1si inform\u00e1ci\u00f3k - \u00dcdv\u00f6z\u00f6lj\u00fck Tiborsz\u00e1ll\u00e1s K\u00f6zs\u00e9g honlapj\u00e1n","og_description":"V\u00e1laszt\u00e1si szervek V\u00e1laszt\u00e1si \u00fcgyint\u00e9z\u00e9s 2026. \u00e9vi v\u00e1laszt\u00e1s Kor\u00e1bbi v\u00e1laszt\u00e1sok","og_url":"https:\/\/tiborszallas.hu\/en\/valasztasi-informaciok\/","og_site_name":"\u00dcdv\u00f6z\u00f6lj\u00fck Tiborsz\u00e1ll\u00e1s K\u00f6zs\u00e9g honlapj\u00e1n","article_modified_time":"2025-11-24T16:52:09+00:00","twitter_card":"summary_large_image","twitter_misc":{"Est. reading time":"1 minute"},"schema":{"@context":"https:\/\/schema.org","@graph":[{"@type":"WebPage","@id":"https:\/\/tiborszallas.hu\/valasztasi-informaciok\/","url":"https:\/\/tiborszallas.hu\/valasztasi-informaciok\/","name":"Election information - Welcome to the website of Tiborsz\u00e1ll\u00e1s Municipality","isPartOf":{"@id":"https:\/\/tiborszallas.hu\/#website"},"datePublished":"2023-10-27T06:49:23+00:00","dateModified":"2025-11-24T16:52:09+00:00","breadcrumb":{"@id":"https:\/\/tiborszallas.hu\/valasztasi-informaciok\/#breadcrumb"},"inLanguage":"en-US","potentialAction":[{"@type":"ReadAction","target":["https:\/\/tiborszallas.hu\/valasztasi-informaciok\/"]}]},{"@type":"BreadcrumbList","@id":"https:\/\/tiborszallas.hu\/valasztasi-informaciok\/#breadcrumb","itemListElement":[{"@type":"ListItem","position":1,"name":"Kezd\u0151lap","item":"https:\/\/tiborszallas.hu\/"},{"@type":"ListItem","position":2,"name":"V\u00e1laszt\u00e1si inform\u00e1ci\u00f3k"}]},{"@type":"WebSite","@id":"https:\/\/tiborszallas.hu\/#website","url":"https:\/\/tiborszallas.hu\/","name":"Welcome to Tiborsz\u00e1ll\u00e1s Municipality website","description":"Tiborsz\u00e1ll\u00e1s Village website","publisher":{"@id":"https:\/\/tiborszallas.hu\/#organization"},"potentialAction":[{"@type":"SearchAction","target":{"@type":"EntryPoint","urlTemplate":"https:\/\/tiborszallas.hu\/?s={search_term_string}"},"query-input":{"@type":"PropertyValueSpecification","valueRequired":true,"valueName":"search_term_string"}}],"inLanguage":"en-US"},{"@type":"Organization","@id":"https:\/\/tiborszallas.hu\/#organization","name":"Tiborsz\u00e1ll\u00e1s Municipality","url":"https:\/\/tiborszallas.hu\/","logo":{"@type":"ImageObject","inLanguage":"en-US","@id":"https:\/\/tiborszallas.hu\/#\/schema\/logo\/image\/","url":"https:\/\/tiborszallas.hu\/wp-content\/uploads\/2020\/02\/cropped-c\u00edmer2.png","contentUrl":"https:\/\/tiborszallas.hu\/wp-content\/uploads\/2020\/02\/cropped-c\u00edmer2.png","width":240,"height":166,"caption":"Tiborsz\u00e1ll\u00e1s K\u00f6zs\u00e9g"},"image":{"@id":"https:\/\/tiborszallas.hu\/#\/schema\/logo\/image\/"}}]}},"_links":{"self":[{"href":"https:\/\/tiborszallas.hu\/en\/wp-json\/wp\/v2\/pages\/1072","targetHints":{"allow":["GET"]}}],"collection":[{"href":"https:\/\/tiborszallas.hu\/en\/wp-json\/wp\/v2\/pages"}],"about":[{"href":"https:\/\/tiborszallas.hu\/en\/wp-json\/wp\/v2\/types\/page"}],"author":[{"embeddable":true,"href":"https:\/\/tiborszallas.hu\/en\/wp-json\/wp\/v2\/users\/3"}],"replies":[{"embeddable":true,"href":"https:\/\/tiborszallas.hu\/en\/wp-json\/wp\/v2\/comments?post=1072"}],"version-history":[{"count":0,"href":"https:\/\/tiborszallas.hu\/en\/wp-json\/wp\/v2\/pages\/1072\/revisions"}],"wp:attachment":[{"href":"https:\/\/tiborszallas.hu\/en\/wp-json\/wp\/v2\/media?parent=1072"}],"curies":[{"name":"wp","href":"https:\/\/api.w.org\/{rel}","templated":true}]}}